{"id":116,"date":"2019-05-26T09:57:42","date_gmt":"2019-05-26T01:57:42","guid":{"rendered":"http:\/\/www.naturalvanilla.net.au\/?page_id=116"},"modified":"2026-04-30T10:21:22","modified_gmt":"2026-04-30T07:21:22","slug":"ogutulmus-vanilya","status":"publish","type":"page","link":"http:\/\/34.18.104.60\/tr\/ground-vanilla\/","title":{"rendered":"\u00d6\u011f\u00fct\u00fclm\u00fc\u015f Vanilya"},"content":{"rendered":"<div class=\"wp-block-uagb-image aligncenter uagb-block-c4986105 wp-block-uagb-image--layout-default wp-block-uagb-image--effect-static wp-block-uagb-image--align-center\"><figure class=\"wp-block-uagb-image__figure\"><a class=\"\" href=\"http:\/\/naturalvanilla.ae\/wp-content\/uploads\/2023\/08\/Natural-Vanilla-Ground-Vanilla-Range.jpg\" target=\"\" rel=\"noopener\"><img decoding=\"async\" srcset=\"http:\/\/naturalvanilla.ae\/wp-content\/uploads\/2023\/08\/Natural-Vanilla-Ground-Vanilla-Range.jpg \" sizes=\"auto, (max-width: 480px) 150px\" src=\"http:\/\/naturalvanilla.ae\/wp-content\/uploads\/2023\/08\/Natural-Vanilla-Ground-Vanilla-Range.jpg\" alt=\"Do\u011fal Vanilya \u00d6\u011f\u00fct\u00fclm\u00fc\u015f Vanilya Aral\u0131\u011f\u0131\" class=\"uag-image-5195\" width=\"1024\" height=\"267\" title=\"\" loading=\"lazy\"\/><\/a><\/figure><\/div>\n\n\n\n<div style=\"height:30px\" aria-hidden=\"true\" class=\"wp-block-spacer\"><\/div>\n\n\n\n<h3 class=\"wp-block-heading alignwide\">Yerli Vanilya \u00c7ubu\u011fu Tozu \u00dcretimi<\/h3>\n\n\n\n<p><a href=\"https:\/\/naturalvanilla.ae\/\">Do\u011fal Vanilya D\u00fckkan\u0131<\/a> B\u00fcy\u00fck miktarda, \u00e7ok ince taneli \u00f6\u011f\u00fct\u00fclm\u00fc\u015f vanilya \u00e7ubu\u011fu tozu stoklamaktad\u0131r. Madagaskar, Endonezya ve Papua Yeni Gine gibi b\u00f6lgelerdeki \u00e7e\u015fitli vanilya plantasyonlar\u0131ndan elde edilen Bourbon ve Tahiti vanilya \u00e7ubuklar\u0131n\u0131n bir kar\u0131\u015f\u0131m\u0131ndan \u00fcretilmi\u015ftir. \u00c7ok ince \u00f6\u011f\u00fct\u00fclme boyutu, bir\u00e7ok g\u0131da t\u00fcr\u00fcnde lezzet verici, doku ve estetik g\u00f6r\u00fcn\u00fcm olarak kullan\u0131ma uygundur. \u00d6\u011f\u00fct\u00fclm\u00fc\u015f vanilya \u00e7ubu\u011fu tozu, kurutma ve \u00f6\u011f\u00fctme i\u015flemi nedeniyle taze vanilya \u00e7ubuklar\u0131ndan daha az yo\u011fun, narin bir vanilya aromas\u0131na sahiptir.<\/p>\n\n\n\n<h3 class=\"wp-block-heading alignwide\">\u00d6\u011f\u00fct\u00fclm\u00fc\u015f Vanilya \u00c7ubu\u011fu Tozu Kullan\u0131m Alanlar\u0131<\/h3>\n\n\n\n<p>Uzun vadeli ticari m\u00fc\u015fterilerimizin bir\u00e7o\u011fu, chai latte kar\u0131\u015f\u0131mlar\u0131, \u00e7ikolata, soya s\u00fct\u00fc kar\u0131\u015f\u0131mlar\u0131, protein shake'ler, s\u0131k\u0131lm\u0131\u015f meyve suyu kar\u0131\u015f\u0131mlar\u0131, \u00e7ay kar\u0131\u015f\u0131mlar\u0131 ve kurabiye ve kek gibi unlu mamuller i\u00e7in b\u00fcy\u00fck miktarlarda \u00f6\u011f\u00fct\u00fclm\u00fc\u015f vanilya \u00e7ubu\u011fu tozu kullanmaktad\u0131r. G\u0131da haz\u0131rl\u0131\u011f\u0131 s\u0131ras\u0131nda eklendi\u011finde, yeme\u011fin i\u00e7inden ge\u00e7en ince bir vanilya lezzeti ve rengi katmaktad\u0131r.<\/p>\n\n\n\n<h3 class=\"wp-block-heading alignwide\">Kalite G\u00fcvencesi<\/h3>\n\n\n\n<p>Ticari m\u00fc\u015fterilerimiz taraf\u0131ndan, \u00f6\u011f\u00fct\u00fclm\u00fc\u015f vanilya fasulyesi tozumuzun yer ald\u0131\u011f\u0131 pek \u00e7ok mamul g\u0131da \u00fcr\u00fcn\u00fc \u00fcretilmi\u015f ve d\u00fcnya \u00e7ap\u0131nda bir\u00e7ok uluslararas\u0131 pazarda t\u00fcketilmek \u00fczere ihra\u00e7 edilmi\u015ftir. Bu nedenle, kalite g\u00fcvencemiz G\u0131da G\u00fcvenlik Program\u0131m\u0131z\u0131n, \u00dcr\u00fcn Spesifikasyonlar\u0131m\u0131z\u0131n, Analiz Sertifikam\u0131z\u0131n ve Mikrobiyolojinin tamam\u0131n\u0131n ... olarak muhafaza edilmesini gerektirmektedir. <a href=\"https:\/\/www.sfa.gov.sg\/food-information\/food-safety-education\/singapores-food-safety-standards\" target=\"_blank\" rel=\"noopener noreferrer\">uluslararas\u0131 standartlar<\/a>.<\/p>\n\n\n\n<h3 class=\"wp-block-heading alignwide\">Etik Kaynakl\u0131 ve Organik Olarak Yeti\u015ftirilmi\u015f<\/h3>\n\n\n\n<p>\u00d6\u011f\u00fct\u00fclm\u00fc\u015f vanilya tozumuzun \u00fcretiminde kullan\u0131lan Bourbon ve Tahiti vanilya \u00e7ubuklar\u0131, yeti\u015ftiricilere iyi piyasa oranlar\u0131 \u00f6denerek etik olarak tedarik edilmi\u015ftir. Ayr\u0131ca kimyasal veya yapay g\u00fcbre kullan\u0131lmadan organik olarak yeti\u015ftirilmi\u015flerdir. \u00d6\u011f\u00fct\u00fclm\u00fc\u015f vanilya \u00e7ubu\u011fu tozumuzun \u00fcretiminde kullan\u0131lan vanilya kabuklar\u0131 resmi olarak organik sertifikal\u0131 olmasa da, vanilya kabuklar\u0131 organik y\u00f6ntemler kullan\u0131larak yeti\u015ftirilmi\u015ftir. Vanilya yeti\u015ftirilen b\u00f6lgelerdeki zengin topraklar yapay g\u00fcbre gerektirmez ve vanilya orkideleri zararl\u0131lara ve hastal\u0131klara kar\u015f\u0131 y\u00fcksek d\u00fczeyde do\u011fal dirence sahip oldu\u011fundan kimyasal ila\u00e7lar kullan\u0131lmaz.<\/p>\n\n\n\n<h3 class=\"wp-block-heading alignwide\">Paket Boyutu Se\u00e7enekleri<\/h3>\n\n\n\n<p>Yerli vanilya \u00e7ekirde\u011fi tozumuzun tedariki i\u00e7in b\u00fcy\u00fck 10 kg'l\u0131k kartonlardan perakende m\u00fc\u015fterileri i\u00e7in k\u00fc\u00e7\u00fck 200 g'l\u0131k paketlere kadar toplu indirim oranlar\u0131yla ticari m\u00fc\u015fteri ihtiya\u00e7lar\u0131m\u0131za uygun \u00e7e\u015fitli paket boyutu se\u00e7eneklerimiz bulunmaktad\u0131r.<\/p>","protected":false},"excerpt":{"rendered":"<p>Ground Vanilla Bean Powder Production Natural Vanilla Store stocks a large quantity of ground vanilla bean powder which has been ground to a very small particle size. It is produced from a blend of Bourbon and Tahitian vanilla pods that have been sourced from various vanilla plantations in regions such as Madagascar, Indonesia and Papua [&hellip;]<\/p>\n","protected":false},"author":1,"featured_media":0,"parent":0,"menu_order":0,"comment_status":"closed","ping_status":"closed","template":"","meta":{"_uag_custom_page_level_css":"","site-sidebar-layout":"default","site-content-layout":"default","ast-site-content-layout":"default","site-content-style":"default","site-sidebar-style":"default","ast-global-header-display":"","ast-banner-title-visibility":"","ast-main-header-display":"","ast-hfb-above-header-display":"","ast-hfb-below-header-display":"","ast-hfb-mobile-header-display":"","site-post-title":"","ast-breadcrumbs-content":"","ast-featured-img":"","footer-sml-layout":"","ast-disable-related-posts":"","theme-transparent-header-meta":"default","adv-header-id-meta":"","stick-header-meta":"","header-above-stick-meta":"","header-main-stick-meta":"","header-below-stick-meta":"","astra-migrate-meta-layouts":"set","ast-page-background-enabled":"default","ast-page-background-meta":{"desktop":{"background-color":"","background-image":"","background-repeat":"repeat","background-position":"center center","background-size":"auto","background-attachment":"scroll","background-type":"","background-media":"","overlay-type":"","overlay-color":"","overlay-opacity":"","overlay-gradient":""},"tablet":{"background-color":"","background-image":"","background-repeat":"repeat","background-position":"center center","background-size":"auto","background-attachment":"scroll","background-type":"","background-media":"","overlay-type":"","overlay-color":"","overlay-opacity":"","overlay-gradient":""},"mobile":{"background-color":"","background-image":"","background-repeat":"repeat","background-position":"center center","background-size":"auto","background-attachment":"scroll","background-type":"","background-media":"","overlay-type":"","overlay-color":"","overlay-opacity":"","overlay-gradient":""}},"ast-content-background-meta":{"desktop":{"background-color":"var(--ast-global-color-5)","background-image":"","background-repeat":"repeat","background-position":"center center","background-size":"auto","background-attachment":"scroll","background-type":"","background-media":"","overlay-type":"","overlay-color":"","overlay-opacity":"","overlay-gradient":""},"tablet":{"background-color":"var(--ast-global-color-5)","background-image":"","background-repeat":"repeat","background-position":"center center","background-size":"auto","background-attachment":"scroll","background-type":"","background-media":"","overlay-type":"","overlay-color":"","overlay-opacity":"","overlay-gradient":""},"mobile":{"background-color":"var(--ast-global-color-5)","background-image":"","background-repeat":"repeat","background-position":"center center","background-size":"auto","background-attachment":"scroll","background-type":"","background-media":"","overlay-type":"","overlay-color":"","overlay-opacity":"","overlay-gradient":""}},"footnotes":""},"class_list":["post-116","page","type-page","status-publish","hentry"],"yoast_head":"<!-- This site is optimized with the Yoast SEO plugin v27.5 - https:\/\/yoast.com\/product\/yoast-seo-wordpress\/ -->\n<title>Vanilla Powder (Ground Vanilla) Wholesale UAE | Natural Vanilla<\/title>\n<meta name=\"description\" content=\"Buy vanilla powder (ground vanilla) wholesale in the UAE with high quality, competitive pricing, and fast delivery.\" \/>\n<meta name=\"robots\" content=\"index, follow, max-snippet:-1, max-image-preview:large, max-video-preview:-1\" \/>\n<link rel=\"canonical\" href=\"https:\/\/naturalvanilla.ae\/ground-vanilla\/\" \/>\n<meta property=\"og:locale\" content=\"tr_TR\" \/>\n<meta property=\"og:type\" content=\"article\" \/>\n<meta property=\"og:title\" content=\"Vanilla Powder (Ground Vanilla) Wholesale UAE | Natural Vanilla\" \/>\n<meta property=\"og:description\" content=\"Buy vanilla powder (ground vanilla) wholesale in the UAE with high quality, competitive pricing, and fast delivery.\" \/>\n<meta property=\"og:url\" content=\"https:\/\/naturalvanilla.ae\/ground-vanilla\/\" \/>\n<meta property=\"og:site_name\" content=\"Natural Vanilla Middle East\" \/>\n<meta property=\"article:publisher\" content=\"https:\/\/www.facebook.com\/naturalvanilla.com.au\" \/>\n<meta property=\"article:modified_time\" content=\"2026-04-30T07:21:22+00:00\" \/>\n<meta property=\"og:image\" content=\"https:\/\/naturalvanilla.ae\/wp-content\/uploads\/2023\/08\/Natural-Vanilla-Ground-Vanilla-Range.jpg\" \/>\n<meta name=\"twitter:card\" content=\"summary_large_image\" \/>\n<meta name=\"twitter:label1\" content=\"Tahmini okuma s\u00fcresi\" \/>\n\t<meta name=\"twitter:data1\" content=\"2 dakika\" \/>\n<script type=\"application\/ld+json\" class=\"yoast-schema-graph\">{\"@context\":\"https:\\\/\\\/schema.org\",\"@graph\":[{\"@type\":\"WebPage\",\"@id\":\"https:\\\/\\\/naturalvanilla.ae\\\/ground-vanilla\\\/\",\"url\":\"https:\\\/\\\/naturalvanilla.ae\\\/ground-vanilla\\\/\",\"name\":\"Vanilla Powder (Ground Vanilla) Wholesale UAE | Natural Vanilla\",\"isPartOf\":{\"@id\":\"https:\\\/\\\/naturalvanilla.ae\\\/ae\\\/#website\"},\"primaryImageOfPage\":{\"@id\":\"https:\\\/\\\/naturalvanilla.ae\\\/ground-vanilla\\\/#primaryimage\"},\"image\":{\"@id\":\"https:\\\/\\\/naturalvanilla.ae\\\/ground-vanilla\\\/#primaryimage\"},\"thumbnailUrl\":\"https:\\\/\\\/naturalvanilla.ae\\\/wp-content\\\/uploads\\\/2023\\\/08\\\/Natural-Vanilla-Ground-Vanilla-Range.jpg\",\"datePublished\":\"2019-05-26T01:57:42+00:00\",\"dateModified\":\"2026-04-30T07:21:22+00:00\",\"description\":\"Buy vanilla powder (ground vanilla) wholesale in the UAE with high quality, competitive pricing, and fast delivery.\",\"breadcrumb\":{\"@id\":\"https:\\\/\\\/naturalvanilla.ae\\\/ground-vanilla\\\/#breadcrumb\"},\"inLanguage\":\"tr\",\"potentialAction\":[{\"@type\":\"ReadAction\",\"target\":[\"https:\\\/\\\/naturalvanilla.ae\\\/ground-vanilla\\\/\"]}]},{\"@type\":\"ImageObject\",\"inLanguage\":\"tr\",\"@id\":\"https:\\\/\\\/naturalvanilla.ae\\\/ground-vanilla\\\/#primaryimage\",\"url\":\"https:\\\/\\\/naturalvanilla.ae\\\/wp-content\\\/uploads\\\/2023\\\/08\\\/Natural-Vanilla-Ground-Vanilla-Range.jpg\",\"contentUrl\":\"https:\\\/\\\/naturalvanilla.ae\\\/wp-content\\\/uploads\\\/2023\\\/08\\\/Natural-Vanilla-Ground-Vanilla-Range.jpg\"},{\"@type\":\"BreadcrumbList\",\"@id\":\"https:\\\/\\\/naturalvanilla.ae\\\/ground-vanilla\\\/#breadcrumb\",\"itemListElement\":[{\"@type\":\"ListItem\",\"position\":1,\"name\":\"Home\",\"item\":\"https:\\\/\\\/naturalvanilla.ae\\\/ae\\\/\"},{\"@type\":\"ListItem\",\"position\":2,\"name\":\"Ground Vanilla\"}]},{\"@type\":\"WebSite\",\"@id\":\"https:\\\/\\\/naturalvanilla.ae\\\/ae\\\/#website\",\"url\":\"https:\\\/\\\/naturalvanilla.ae\\\/ae\\\/\",\"name\":\"Natural Vanilla Store\",\"description\":\"Leading Middle East Supplier of Quality Vanilla\",\"publisher\":{\"@id\":\"https:\\\/\\\/naturalvanilla.ae\\\/ae\\\/#organization\"},\"potentialAction\":[{\"@type\":\"SearchAction\",\"target\":{\"@type\":\"EntryPoint\",\"urlTemplate\":\"https:\\\/\\\/naturalvanilla.ae\\\/ae\\\/?s={search_term_string}\"},\"query-input\":{\"@type\":\"PropertyValueSpecification\",\"valueRequired\":true,\"valueName\":\"search_term_string\"}}],\"inLanguage\":\"tr\"},{\"@type\":\"Organization\",\"@id\":\"https:\\\/\\\/naturalvanilla.ae\\\/ae\\\/#organization\",\"name\":\"Natural Vanilla Store\",\"url\":\"https:\\\/\\\/naturalvanilla.ae\\\/ae\\\/\",\"logo\":{\"@type\":\"ImageObject\",\"inLanguage\":\"tr\",\"@id\":\"https:\\\/\\\/naturalvanilla.ae\\\/ae\\\/#\\\/schema\\\/logo\\\/image\\\/\",\"url\":\"http:\\\/\\\/34.18.104.60\\\/wp-content\\\/uploads\\\/2022\\\/12\\\/Natural-Vanilla-Seal-CMYK.png\",\"contentUrl\":\"http:\\\/\\\/34.18.104.60\\\/wp-content\\\/uploads\\\/2022\\\/12\\\/Natural-Vanilla-Seal-CMYK.png\",\"width\":591,\"height\":591,\"caption\":\"Natural Vanilla Store\"},\"image\":{\"@id\":\"https:\\\/\\\/naturalvanilla.ae\\\/ae\\\/#\\\/schema\\\/logo\\\/image\\\/\"},\"sameAs\":[\"https:\\\/\\\/www.facebook.com\\\/naturalvanilla.com.au\",\"https:\\\/\\\/www.instagram.com\\\/natural_vanilla_store\",\"https:\\\/\\\/www.linkedin.com\\\/company\\\/natural-vanilla-pty-ltd\\\/\",\"https:\\\/\\\/www.pinterest.com\\\/natural_vanilla_store\"]}]}<\/script>\n<!-- \/ Yoast SEO plugin. -->","yoast_head_json":{"title":"Vanilya Tozu (\u00d6\u011f\u00fct\u00fclm\u00fc\u015f Vanilya) Toptan Sat\u0131\u015f BAE | Do\u011fal Vanilya","description":"BAE'de toptan y\u00fcksek kaliteli, rekabet\u00e7i fiyatl\u0131 ve h\u0131zl\u0131 teslimatl\u0131 vanilya tozu (\u00f6\u011f\u00fct\u00fclm\u00fc\u015f vanilya) sat\u0131n al\u0131n.","robots":{"index":"index","follow":"follow","max-snippet":"max-snippet:-1","max-image-preview":"max-image-preview:large","max-video-preview":"max-video-preview:-1"},"canonical":"https:\/\/naturalvanilla.ae\/ground-vanilla\/","og_locale":"tr_TR","og_type":"article","og_title":"Vanilla Powder (Ground Vanilla) Wholesale UAE | Natural Vanilla","og_description":"Buy vanilla powder (ground vanilla) wholesale in the UAE with high quality, competitive pricing, and fast delivery.","og_url":"https:\/\/naturalvanilla.ae\/ground-vanilla\/","og_site_name":"Natural Vanilla Middle East","article_publisher":"https:\/\/www.facebook.com\/naturalvanilla.com.au","article_modified_time":"2026-04-30T07:21:22+00:00","og_image":[{"url":"https:\/\/naturalvanilla.ae\/wp-content\/uploads\/2023\/08\/Natural-Vanilla-Ground-Vanilla-Range.jpg","type":"","width":"","height":""}],"twitter_card":"summary_large_image","twitter_misc":{"Tahmini okuma s\u00fcresi":"2 dakika"},"schema":{"@context":"https:\/\/schema.org","@graph":[{"@type":"WebPage","@id":"https:\/\/naturalvanilla.ae\/ground-vanilla\/","url":"https:\/\/naturalvanilla.ae\/ground-vanilla\/","name":"Vanilya Tozu (\u00d6\u011f\u00fct\u00fclm\u00fc\u015f Vanilya) Toptan Sat\u0131\u015f BAE | Do\u011fal Vanilya","isPartOf":{"@id":"https:\/\/naturalvanilla.ae\/ae\/#website"},"primaryImageOfPage":{"@id":"https:\/\/naturalvanilla.ae\/ground-vanilla\/#primaryimage"},"image":{"@id":"https:\/\/naturalvanilla.ae\/ground-vanilla\/#primaryimage"},"thumbnailUrl":"https:\/\/naturalvanilla.ae\/wp-content\/uploads\/2023\/08\/Natural-Vanilla-Ground-Vanilla-Range.jpg","datePublished":"2019-05-26T01:57:42+00:00","dateModified":"2026-04-30T07:21:22+00:00","description":"BAE'de toptan y\u00fcksek kaliteli, rekabet\u00e7i fiyatl\u0131 ve h\u0131zl\u0131 teslimatl\u0131 vanilya tozu (\u00f6\u011f\u00fct\u00fclm\u00fc\u015f vanilya) sat\u0131n al\u0131n.","breadcrumb":{"@id":"https:\/\/naturalvanilla.ae\/ground-vanilla\/#breadcrumb"},"inLanguage":"tr","potentialAction":[{"@type":"ReadAction","target":["https:\/\/naturalvanilla.ae\/ground-vanilla\/"]}]},{"@type":"ImageObject","inLanguage":"tr","@id":"https:\/\/naturalvanilla.ae\/ground-vanilla\/#primaryimage","url":"https:\/\/naturalvanilla.ae\/wp-content\/uploads\/2023\/08\/Natural-Vanilla-Ground-Vanilla-Range.jpg","contentUrl":"https:\/\/naturalvanilla.ae\/wp-content\/uploads\/2023\/08\/Natural-Vanilla-Ground-Vanilla-Range.jpg"},{"@type":"BreadcrumbList","@id":"https:\/\/naturalvanilla.ae\/ground-vanilla\/#breadcrumb","itemListElement":[{"@type":"ListItem","position":1,"name":"Home","item":"https:\/\/naturalvanilla.ae\/ae\/"},{"@type":"ListItem","position":2,"name":"Ground Vanilla"}]},{"@type":"WebSite","@id":"https:\/\/naturalvanilla.ae\/ae\/#website","url":"https:\/\/naturalvanilla.ae\/ae\/","name":"Do\u011fal Vanilya D\u00fckkan\u0131","description":"Kaliteli Vanilyan\u0131n Ortado\u011fu'daki \u00d6nde Gelen Tedarik\u00e7isi","publisher":{"@id":"https:\/\/naturalvanilla.ae\/ae\/#organization"},"potentialAction":[{"@type":"SearchAction","target":{"@type":"EntryPoint","urlTemplate":"https:\/\/naturalvanilla.ae\/ae\/?s={search_term_string}"},"query-input":{"@type":"PropertyValueSpecification","valueRequired":true,"valueName":"search_term_string"}}],"inLanguage":"tr"},{"@type":"Organization","@id":"https:\/\/naturalvanilla.ae\/ae\/#organization","name":"Do\u011fal Vanilya D\u00fckkan\u0131","url":"https:\/\/naturalvanilla.ae\/ae\/","logo":{"@type":"ImageObject","inLanguage":"tr","@id":"https:\/\/naturalvanilla.ae\/ae\/#\/schema\/logo\/image\/","url":"http:\/\/34.18.104.60\/wp-content\/uploads\/2022\/12\/Natural-Vanilla-Seal-CMYK.png","contentUrl":"http:\/\/34.18.104.60\/wp-content\/uploads\/2022\/12\/Natural-Vanilla-Seal-CMYK.png","width":591,"height":591,"caption":"Natural Vanilla Store"},"image":{"@id":"https:\/\/naturalvanilla.ae\/ae\/#\/schema\/logo\/image\/"},"sameAs":["https:\/\/www.facebook.com\/naturalvanilla.com.au","https:\/\/www.instagram.com\/natural_vanilla_store","https:\/\/www.linkedin.com\/company\/natural-vanilla-pty-ltd\/","https:\/\/www.pinterest.com\/natural_vanilla_store"]}]}},"uagb_featured_image_src":{"full":false,"thumbnail":false,"medium":false,"medium_large":false,"large":false,"1536x1536":false,"2048x2048":false,"trp-custom-language-flag":false,"woocommerce_thumbnail":false,"woocommerce_single":false,"woocommerce_gallery_thumbnail":false},"uagb_author_info":{"display_name":"Natural Vanilla Store","author_link":"http:\/\/34.18.104.60\/tr\/author\/admin\/"},"uagb_comment_info":0,"uagb_excerpt":"Ground Vanilla Bean Powder Production Natural Vanilla Store stocks a large quantity of ground vanilla bean powder which has been ground to a very small particle size. It is produced from a blend of Bourbon and Tahitian vanilla pods that have been sourced from various vanilla plantations in regions such as Madagascar, Indonesia and Papua&hellip;","_links":{"self":[{"href":"http:\/\/34.18.104.60\/tr\/wp-json\/wp\/v2\/pages\/116","targetHints":{"allow":["GET"]}}],"collection":[{"href":"http:\/\/34.18.104.60\/tr\/wp-json\/wp\/v2\/pages"}],"about":[{"href":"http:\/\/34.18.104.60\/tr\/wp-json\/wp\/v2\/types\/page"}],"author":[{"embeddable":true,"href":"http:\/\/34.18.104.60\/tr\/wp-json\/wp\/v2\/users\/1"}],"replies":[{"embeddable":true,"href":"http:\/\/34.18.104.60\/tr\/wp-json\/wp\/v2\/comments?post=116"}],"version-history":[{"count":1,"href":"http:\/\/34.18.104.60\/tr\/wp-json\/wp\/v2\/pages\/116\/revisions"}],"predecessor-version":[{"id":5913,"href":"http:\/\/34.18.104.60\/tr\/wp-json\/wp\/v2\/pages\/116\/revisions\/5913"}],"wp:attachment":[{"href":"http:\/\/34.18.104.60\/tr\/wp-json\/wp\/v2\/media?parent=116"}],"curies":[{"name":"wp","href":"https:\/\/api.w.org\/{rel}","templated":true}]}}