{"id":120,"date":"2019-05-26T09:58:46","date_gmt":"2019-05-26T01:58:46","guid":{"rendered":"http:\/\/www.naturalvanilla.net.au\/?page_id=120"},"modified":"2026-04-30T10:28:26","modified_gmt":"2026-04-30T07:28:26","slug":"vanilya-tohumlari","status":"publish","type":"page","link":"http:\/\/34.18.104.60\/tr\/vanilla-seeds\/","title":{"rendered":"Vanilya Tohumlar\u0131"},"content":{"rendered":"<div class=\"wp-block-uagb-image aligncenter uagb-block-2682e42b wp-block-uagb-image--layout-default wp-block-uagb-image--effect-static wp-block-uagb-image--align-center\"><figure class=\"wp-block-uagb-image__figure\"><a class=\"\" href=\"http:\/\/naturalvanilla.ae\/wp-content\/uploads\/2023\/08\/Natural-Vanilla-Caviar-Paste.jpg\" target=\"\" rel=\"noopener\"><img decoding=\"async\" srcset=\"http:\/\/naturalvanilla.ae\/wp-content\/uploads\/2023\/08\/Natural-Vanilla-Caviar-Paste.jpg \" sizes=\"auto, (max-width: 480px) 150px\" src=\"http:\/\/naturalvanilla.ae\/wp-content\/uploads\/2023\/08\/Natural-Vanilla-Caviar-Paste.jpg\" alt=\"Do\u011fal Vanilya Havyar Macunu\" class=\"uag-image-5255\" width=\"2285\" height=\"1459\" title=\"\" loading=\"lazy\" role=\"img\"\/><\/a><\/figure><\/div>\n\n\n\n<div style=\"height:30px\" aria-hidden=\"true\" class=\"wp-block-spacer\"><\/div>\n\n\n\n<h3 class=\"wp-block-heading alignwide\">Vanilya Tohumu \u00dcretimi<\/h3>\n\n\n\n<p><a href=\"https:\/\/naturalvanilla.ae\/\">Do\u011fal Vanilya D\u00fckkan\u0131<\/a> Vanilya \u00f6z\u00fc \u00fcretim s\u00fcrecinde vanilya kabuklar\u0131ndaki \"benzerini\" Bourbon ve Tahitian vanilyas\u0131ndan ay\u0131rarak elde edilen b\u00fcy\u00fck miktarda kurutulmu\u015f vanilya tohumu sto\u011fu. Vanilya tohumu \u00fcretimi i\u00e7in kulland\u0131\u011f\u0131m\u0131z vanilya kabuklar\u0131 Madagaskar, Endonezya ve Papua Yeni Gine gibi b\u00f6lgelerdeki \u00e7e\u015fitli vanilya plantasyonlar\u0131ndan temin edilmektedir. Tohumlar\u0131n \u00e7ok ince par\u00e7ac\u0131k boyutu, bir\u00e7ok yiyecek t\u00fcr\u00fcnde doku ve estetik g\u00f6r\u00fcn\u00fcm i\u00e7in kullan\u0131m\u0131na uygun hale getirir. Vanilya kabuklar\u0131ndaki tohumlar, taze vanilya kabuklar\u0131ndan daha az yo\u011fun, narin bir vanilya aromas\u0131na ve tad\u0131na sahiptir, bu nedenle \u00f6ncelikli olarak yiyeceklerin haz\u0131rlanmas\u0131nda ger\u00e7ek vanilya kullan\u0131ld\u0131\u011f\u0131n\u0131 g\u00f6rsel olarak do\u011frulamak i\u00e7in kullan\u0131l\u0131r.<\/p>\n\n\n\n<h3 class=\"wp-block-heading alignwide\">Vanilya Tohumu Kullan\u0131m Alanlar\u0131<\/h3>\n\n\n\n<p>Uzun s\u00fcreli ticari m\u00fc\u015fterilerimizin bir\u00e7o\u011fu, prestijli se\u00e7kin yemek mekanlar\u0131nda tatl\u0131lar, \u00f6rne\u011fin dondurma, panna cotta, yo\u011furt, krema, sufle, karamelli krema ve cheesecake haz\u0131rlamak i\u00e7in vanilya havyar\u0131m\u0131z\u0131 b\u00fcy\u00fck miktarlarda kullanmaktad\u0131r. Ger\u00e7ek se\u00e7kin yemek ve gurme mutfa\u011f\u0131nda, vanilyan\u0131n e\u015fsiz otantik aromas\u0131 ve tad\u0131 yeme\u011fe verilece\u011fi gibi, vanilya kabu\u011funun i\u00e7indeki minik havyar tohumlar\u0131n\u0131n izleri de yeme\u011fin haz\u0131rlanmas\u0131nda ger\u00e7ek vanilya kullan\u0131ld\u0131\u011f\u0131n\u0131n kan\u0131t\u0131 olarak g\u00f6r\u00fclecektir.<\/p>\n\n\n\n<h3 class=\"wp-block-heading alignwide\">Kalite G\u00fcvencesi<\/h3>\n\n\n\n<p>D\u00fcnyan\u0131n d\u00f6rt bir yan\u0131ndaki se\u00e7kin yemek mekanlar\u0131nda faaliyet g\u00f6steren ticari m\u00fc\u015fterilerimiz taraf\u0131ndan, vanilya \u00e7ekirde\u011fi tohumlar\u0131m\u0131z\u0131 i\u00e7eren bir\u00e7ok g\u0131da \u00fcr\u00fcn\u00fc \u00fcretilmi\u015ftir. Ticari m\u00fc\u015fterilerimiz, vanilya havyar\u0131n\u0131n y\u00fcksek d\u00fczeyde safl\u0131\u011fa sahip olmas\u0131, zararl\u0131 hi\u00e7bir madde ve organizmadan ar\u0131nd\u0131r\u0131lm\u0131\u015f olmas\u0131 ve uluslararas\u0131 d\u00fczenleyici g\u0131da gereksinimlerini kar\u015f\u0131lamas\u0131 konusunda g\u00fcvence talep etmektedir. Bu nedenle kalite g\u00fcvencemiz, G\u0131da G\u00fcvenli\u011fi Program\u0131m\u0131z\u0131n, \u00dcr\u00fcn Spesifikasyonlar\u0131m\u0131z\u0131n, Analiz Sertifikam\u0131z\u0131n ve Mikrobiyolojimizin t\u00fcm\u00fcn\u00fcn korunmas\u0131n\u0131 gerektirmektedir. <a href=\"https:\/\/www.sfa.gov.sg\/food-information\/food-safety-education\/singapores-food-safety-standards\" target=\"_blank\" rel=\"noopener noreferrer\">uluslararas\u0131 standartlar<\/a>.<\/p>\n\n\n\n<h3 class=\"wp-block-heading alignwide\">Etik Kaynakl\u0131 ve Organik Olarak Yeti\u015ftirilmi\u015f<\/h3>\n\n\n\n<p>Vanilya tohumlar\u0131m\u0131z\u0131n \u00fcretiminde kullan\u0131lan Bourbon ve Tahiti vanilya \u00e7ubuklar\u0131, yeti\u015ftiricilere iyi piyasa oranlar\u0131 \u00f6denerek etik olarak tedarik edilmi\u015ftir. Ayr\u0131ca, kimyasal veya yapay g\u00fcbre kullan\u0131lmadan organik olarak yeti\u015ftirilmi\u015flerdir. Vanilya tohumlar\u0131m\u0131z\u0131n \u00fcretiminde kullan\u0131lan vanilya kabuklar\u0131 resmi olarak organik sertifikal\u0131 olmasa da, vanilya kabuklar\u0131 organik y\u00f6ntemlerle yeti\u015ftirilmi\u015ftir. Vanilya yeti\u015ftirilen b\u00f6lgelerdeki zengin topraklar yapay g\u00fcbre gerektirmez ve vanilya orkideleri zararl\u0131lara ve hastal\u0131klara kar\u015f\u0131 y\u00fcksek d\u00fczeyde do\u011fal dirence sahip oldu\u011fu i\u00e7in kimyasal ila\u00e7lama kullan\u0131lmamaktad\u0131r.<\/p>\n\n\n\n<h3 class=\"wp-block-heading alignwide\">Paket Boyutu Se\u00e7enekleri<\/h3>\n\n\n\n<p>Vanilya havyar\u0131 tohumlar\u0131 i\u00e7in ticari m\u00fc\u015fterilerimizin ihtiya\u00e7lar\u0131na y\u00f6nelik toplu indirim oranlar\u0131yla b\u00fcy\u00fck 10 kg'l\u0131k kartonlardan perakende m\u00fc\u015fterileri i\u00e7in 200 gr'l\u0131k paketlere kadar \u00e7e\u015fitli paket boyutu se\u00e7eneklerimiz bulunmaktad\u0131r.<\/p>","protected":false},"excerpt":{"rendered":"<p>Vanilla Seed Production Natural Vanilla Store stock a large quantity of dried vanilla seeds which are produced from separating the vanilla caviar from Bourbon and Tahitian vanilla pods during the process involved for making vanilla extract. The vanilla pods that we use to produce the vanilla bean seeds are sourced from various vanilla plantations in [&hellip;]<\/p>\n","protected":false},"author":1,"featured_media":0,"parent":0,"menu_order":0,"comment_status":"closed","ping_status":"closed","template":"","meta":{"_uag_custom_page_level_css":"","site-sidebar-layout":"default","site-content-layout":"default","ast-site-content-layout":"default","site-content-style":"default","site-sidebar-style":"default","ast-global-header-display":"","ast-banner-title-visibility":"","ast-main-header-display":"","ast-hfb-above-header-display":"","ast-hfb-below-header-display":"","ast-hfb-mobile-header-display":"","site-post-title":"","ast-breadcrumbs-content":"","ast-featured-img":"","footer-sml-layout":"","ast-disable-related-posts":"","theme-transparent-header-meta":"default","adv-header-id-meta":"","stick-header-meta":"","header-above-stick-meta":"","header-main-stick-meta":"","header-below-stick-meta":"","astra-migrate-meta-layouts":"set","ast-page-background-enabled":"default","ast-page-background-meta":{"desktop":{"background-color":"","background-image":"","background-repeat":"repeat","background-position":"center center","background-size":"auto","background-attachment":"scroll","background-type":"","background-media":"","overlay-type":"","overlay-color":"","overlay-opacity":"","overlay-gradient":""},"tablet":{"background-color":"","background-image":"","background-repeat":"repeat","background-position":"center center","background-size":"auto","background-attachment":"scroll","background-type":"","background-media":"","overlay-type":"","overlay-color":"","overlay-opacity":"","overlay-gradient":""},"mobile":{"background-color":"","background-image":"","background-repeat":"repeat","background-position":"center center","background-size":"auto","background-attachment":"scroll","background-type":"","background-media":"","overlay-type":"","overlay-color":"","overlay-opacity":"","overlay-gradient":""}},"ast-content-background-meta":{"desktop":{"background-color":"var(--ast-global-color-5)","background-image":"","background-repeat":"repeat","background-position":"center center","background-size":"auto","background-attachment":"scroll","background-type":"","background-media":"","overlay-type":"","overlay-color":"","overlay-opacity":"","overlay-gradient":""},"tablet":{"background-color":"var(--ast-global-color-5)","background-image":"","background-repeat":"repeat","background-position":"center center","background-size":"auto","background-attachment":"scroll","background-type":"","background-media":"","overlay-type":"","overlay-color":"","overlay-opacity":"","overlay-gradient":""},"mobile":{"background-color":"var(--ast-global-color-5)","background-image":"","background-repeat":"repeat","background-position":"center center","background-size":"auto","background-attachment":"scroll","background-type":"","background-media":"","overlay-type":"","overlay-color":"","overlay-opacity":"","overlay-gradient":""}},"footnotes":""},"class_list":["post-120","page","type-page","status-publish","hentry"],"yoast_head":"<!-- This site is optimized with the Yoast SEO plugin v27.5 - https:\/\/yoast.com\/product\/yoast-seo-wordpress\/ -->\n<title>Vanilla Caviar Wholesale UAE | Natural Vanilla Store<\/title>\n<meta name=\"description\" content=\"Buy vanilla caviar (vanilla beans seeds) wholesale in the UAE with premium quality, ideal for professional kitchens and desserts.\" \/>\n<meta name=\"robots\" content=\"index, follow, max-snippet:-1, max-image-preview:large, max-video-preview:-1\" \/>\n<link rel=\"canonical\" href=\"https:\/\/naturalvanilla.ae\/kw\/\u0628\u0630\u0648\u0631-\u0627\u0644\u0641\u0627\u0646\u064a\u0644\u064a\u0627\/\" \/>\n<meta property=\"og:locale\" content=\"tr_TR\" \/>\n<meta property=\"og:type\" content=\"article\" \/>\n<meta property=\"og:title\" content=\"Vanilla Caviar Wholesale UAE | Natural Vanilla Store\" \/>\n<meta property=\"og:description\" content=\"Buy vanilla caviar (vanilla beans seeds) wholesale in the UAE with premium quality, ideal for professional kitchens and desserts.\" \/>\n<meta property=\"og:url\" content=\"https:\/\/naturalvanilla.ae\/kw\/\u0628\u0630\u0648\u0631-\u0627\u0644\u0641\u0627\u0646\u064a\u0644\u064a\u0627\/\" \/>\n<meta property=\"og:site_name\" content=\"Natural Vanilla Middle East\" \/>\n<meta property=\"article:publisher\" content=\"https:\/\/www.facebook.com\/naturalvanilla.com.au\" \/>\n<meta property=\"article:modified_time\" content=\"2026-04-30T07:28:26+00:00\" \/>\n<meta property=\"og:image\" content=\"https:\/\/naturalvanilla.ae\/wp-content\/uploads\/2023\/08\/Natural-Vanilla-Caviar-Paste.jpg\" \/>\n<meta name=\"twitter:card\" content=\"summary_large_image\" \/>\n<meta name=\"twitter:label1\" content=\"Tahmini okuma s\u00fcresi\" \/>\n\t<meta name=\"twitter:data1\" content=\"3 dakika\" \/>\n<script type=\"application\/ld+json\" class=\"yoast-schema-graph\">{\"@context\":\"https:\\\/\\\/schema.org\",\"@graph\":[{\"@type\":\"WebPage\",\"@id\":\"https:\\\/\\\/naturalvanilla.ae\\\/kw\\\/%d8%a8%d8%b0%d9%88%d8%b1-%d8%a7%d9%84%d9%81%d8%a7%d9%86%d9%8a%d9%84%d9%8a%d8%a7\\\/\",\"url\":\"https:\\\/\\\/naturalvanilla.ae\\\/kw\\\/%d8%a8%d8%b0%d9%88%d8%b1-%d8%a7%d9%84%d9%81%d8%a7%d9%86%d9%8a%d9%84%d9%8a%d8%a7\\\/\",\"name\":\"Vanilla Caviar Wholesale UAE | Natural Vanilla Store\",\"isPartOf\":{\"@id\":\"https:\\\/\\\/naturalvanilla.ae\\\/ae\\\/#website\"},\"primaryImageOfPage\":{\"@id\":\"https:\\\/\\\/naturalvanilla.ae\\\/kw\\\/%d8%a8%d8%b0%d9%88%d8%b1-%d8%a7%d9%84%d9%81%d8%a7%d9%86%d9%8a%d9%84%d9%8a%d8%a7\\\/#primaryimage\"},\"image\":{\"@id\":\"https:\\\/\\\/naturalvanilla.ae\\\/kw\\\/%d8%a8%d8%b0%d9%88%d8%b1-%d8%a7%d9%84%d9%81%d8%a7%d9%86%d9%8a%d9%84%d9%8a%d8%a7\\\/#primaryimage\"},\"thumbnailUrl\":\"https:\\\/\\\/naturalvanilla.ae\\\/wp-content\\\/uploads\\\/2023\\\/08\\\/Natural-Vanilla-Caviar-Paste.jpg\",\"datePublished\":\"2019-05-26T01:58:46+00:00\",\"dateModified\":\"2026-04-30T07:28:26+00:00\",\"description\":\"Buy vanilla caviar (vanilla beans seeds) wholesale in the UAE with premium quality, ideal for professional kitchens and desserts.\",\"breadcrumb\":{\"@id\":\"https:\\\/\\\/naturalvanilla.ae\\\/kw\\\/%d8%a8%d8%b0%d9%88%d8%b1-%d8%a7%d9%84%d9%81%d8%a7%d9%86%d9%8a%d9%84%d9%8a%d8%a7\\\/#breadcrumb\"},\"inLanguage\":\"tr\",\"potentialAction\":[{\"@type\":\"ReadAction\",\"target\":[\"https:\\\/\\\/naturalvanilla.ae\\\/kw\\\/%d8%a8%d8%b0%d9%88%d8%b1-%d8%a7%d9%84%d9%81%d8%a7%d9%86%d9%8a%d9%84%d9%8a%d8%a7\\\/\"]}]},{\"@type\":\"ImageObject\",\"inLanguage\":\"tr\",\"@id\":\"https:\\\/\\\/naturalvanilla.ae\\\/kw\\\/%d8%a8%d8%b0%d9%88%d8%b1-%d8%a7%d9%84%d9%81%d8%a7%d9%86%d9%8a%d9%84%d9%8a%d8%a7\\\/#primaryimage\",\"url\":\"https:\\\/\\\/naturalvanilla.ae\\\/wp-content\\\/uploads\\\/2023\\\/08\\\/Natural-Vanilla-Caviar-Paste.jpg\",\"contentUrl\":\"https:\\\/\\\/naturalvanilla.ae\\\/wp-content\\\/uploads\\\/2023\\\/08\\\/Natural-Vanilla-Caviar-Paste.jpg\"},{\"@type\":\"BreadcrumbList\",\"@id\":\"https:\\\/\\\/naturalvanilla.ae\\\/kw\\\/%d8%a8%d8%b0%d9%88%d8%b1-%d8%a7%d9%84%d9%81%d8%a7%d9%86%d9%8a%d9%84%d9%8a%d8%a7\\\/#breadcrumb\",\"itemListElement\":[{\"@type\":\"ListItem\",\"position\":1,\"name\":\"Home\",\"item\":\"https:\\\/\\\/naturalvanilla.ae\\\/ae\\\/\"},{\"@type\":\"ListItem\",\"position\":2,\"name\":\"Vanilla Seeds\"}]},{\"@type\":\"WebSite\",\"@id\":\"https:\\\/\\\/naturalvanilla.ae\\\/ae\\\/#website\",\"url\":\"https:\\\/\\\/naturalvanilla.ae\\\/ae\\\/\",\"name\":\"Natural Vanilla Store\",\"description\":\"Leading Middle East Supplier of Quality Vanilla\",\"publisher\":{\"@id\":\"https:\\\/\\\/naturalvanilla.ae\\\/ae\\\/#organization\"},\"potentialAction\":[{\"@type\":\"SearchAction\",\"target\":{\"@type\":\"EntryPoint\",\"urlTemplate\":\"https:\\\/\\\/naturalvanilla.ae\\\/ae\\\/?s={search_term_string}\"},\"query-input\":{\"@type\":\"PropertyValueSpecification\",\"valueRequired\":true,\"valueName\":\"search_term_string\"}}],\"inLanguage\":\"tr\"},{\"@type\":\"Organization\",\"@id\":\"https:\\\/\\\/naturalvanilla.ae\\\/ae\\\/#organization\",\"name\":\"Natural Vanilla Store\",\"url\":\"https:\\\/\\\/naturalvanilla.ae\\\/ae\\\/\",\"logo\":{\"@type\":\"ImageObject\",\"inLanguage\":\"tr\",\"@id\":\"https:\\\/\\\/naturalvanilla.ae\\\/ae\\\/#\\\/schema\\\/logo\\\/image\\\/\",\"url\":\"http:\\\/\\\/34.18.104.60\\\/wp-content\\\/uploads\\\/2022\\\/12\\\/Natural-Vanilla-Seal-CMYK.png\",\"contentUrl\":\"http:\\\/\\\/34.18.104.60\\\/wp-content\\\/uploads\\\/2022\\\/12\\\/Natural-Vanilla-Seal-CMYK.png\",\"width\":591,\"height\":591,\"caption\":\"Natural Vanilla Store\"},\"image\":{\"@id\":\"https:\\\/\\\/naturalvanilla.ae\\\/ae\\\/#\\\/schema\\\/logo\\\/image\\\/\"},\"sameAs\":[\"https:\\\/\\\/www.facebook.com\\\/naturalvanilla.com.au\",\"https:\\\/\\\/www.instagram.com\\\/natural_vanilla_store\",\"https:\\\/\\\/www.linkedin.com\\\/company\\\/natural-vanilla-pty-ltd\\\/\",\"https:\\\/\\\/www.pinterest.com\\\/natural_vanilla_store\"]}]}<\/script>\n<!-- \/ Yoast SEO plugin. -->","yoast_head_json":{"title":"Vanilya Havyar\u0131 Toptan Sat\u0131\u015f BAE | Do\u011fal Vanilya Ma\u011fazas\u0131","description":"Birinci s\u0131n\u0131f kalitede, profesyonel mutfaklar ve tatl\u0131lar i\u00e7in ideal olan vanilya havyar\u0131n\u0131 (vanilya \u00e7ekirde\u011fi tohumlar\u0131) BAE'de toptan sat\u0131n al\u0131n.","robots":{"index":"index","follow":"follow","max-snippet":"max-snippet:-1","max-image-preview":"max-image-preview:large","max-video-preview":"max-video-preview:-1"},"canonical":"https:\/\/naturalvanilla.ae\/kw\/\u0628\u0630\u0648\u0631-\u0627\u0644\u0641\u0627\u0646\u064a\u0644\u064a\u0627\/","og_locale":"tr_TR","og_type":"article","og_title":"Vanilla Caviar Wholesale UAE | Natural Vanilla Store","og_description":"Buy vanilla caviar (vanilla beans seeds) wholesale in the UAE with premium quality, ideal for professional kitchens and desserts.","og_url":"https:\/\/naturalvanilla.ae\/kw\/\u0628\u0630\u0648\u0631-\u0627\u0644\u0641\u0627\u0646\u064a\u0644\u064a\u0627\/","og_site_name":"Natural Vanilla Middle East","article_publisher":"https:\/\/www.facebook.com\/naturalvanilla.com.au","article_modified_time":"2026-04-30T07:28:26+00:00","og_image":[{"url":"https:\/\/naturalvanilla.ae\/wp-content\/uploads\/2023\/08\/Natural-Vanilla-Caviar-Paste.jpg","type":"","width":"","height":""}],"twitter_card":"summary_large_image","twitter_misc":{"Tahmini okuma s\u00fcresi":"3 dakika"},"schema":{"@context":"https:\/\/schema.org","@graph":[{"@type":"WebPage","@id":"https:\/\/naturalvanilla.ae\/kw\/%d8%a8%d8%b0%d9%88%d8%b1-%d8%a7%d9%84%d9%81%d8%a7%d9%86%d9%8a%d9%84%d9%8a%d8%a7\/","url":"https:\/\/naturalvanilla.ae\/kw\/%d8%a8%d8%b0%d9%88%d8%b1-%d8%a7%d9%84%d9%81%d8%a7%d9%86%d9%8a%d9%84%d9%8a%d8%a7\/","name":"Vanilya Havyar\u0131 Toptan Sat\u0131\u015f BAE | Do\u011fal Vanilya Ma\u011fazas\u0131","isPartOf":{"@id":"https:\/\/naturalvanilla.ae\/ae\/#website"},"primaryImageOfPage":{"@id":"https:\/\/naturalvanilla.ae\/kw\/%d8%a8%d8%b0%d9%88%d8%b1-%d8%a7%d9%84%d9%81%d8%a7%d9%86%d9%8a%d9%84%d9%8a%d8%a7\/#primaryimage"},"image":{"@id":"https:\/\/naturalvanilla.ae\/kw\/%d8%a8%d8%b0%d9%88%d8%b1-%d8%a7%d9%84%d9%81%d8%a7%d9%86%d9%8a%d9%84%d9%8a%d8%a7\/#primaryimage"},"thumbnailUrl":"https:\/\/naturalvanilla.ae\/wp-content\/uploads\/2023\/08\/Natural-Vanilla-Caviar-Paste.jpg","datePublished":"2019-05-26T01:58:46+00:00","dateModified":"2026-04-30T07:28:26+00:00","description":"Birinci s\u0131n\u0131f kalitede, profesyonel mutfaklar ve tatl\u0131lar i\u00e7in ideal olan vanilya havyar\u0131n\u0131 (vanilya \u00e7ekirde\u011fi tohumlar\u0131) BAE'de toptan sat\u0131n al\u0131n.","breadcrumb":{"@id":"https:\/\/naturalvanilla.ae\/kw\/%d8%a8%d8%b0%d9%88%d8%b1-%d8%a7%d9%84%d9%81%d8%a7%d9%86%d9%8a%d9%84%d9%8a%d8%a7\/#breadcrumb"},"inLanguage":"tr","potentialAction":[{"@type":"ReadAction","target":["https:\/\/naturalvanilla.ae\/kw\/%d8%a8%d8%b0%d9%88%d8%b1-%d8%a7%d9%84%d9%81%d8%a7%d9%86%d9%8a%d9%84%d9%8a%d8%a7\/"]}]},{"@type":"ImageObject","inLanguage":"tr","@id":"https:\/\/naturalvanilla.ae\/kw\/%d8%a8%d8%b0%d9%88%d8%b1-%d8%a7%d9%84%d9%81%d8%a7%d9%86%d9%8a%d9%84%d9%8a%d8%a7\/#primaryimage","url":"https:\/\/naturalvanilla.ae\/wp-content\/uploads\/2023\/08\/Natural-Vanilla-Caviar-Paste.jpg","contentUrl":"https:\/\/naturalvanilla.ae\/wp-content\/uploads\/2023\/08\/Natural-Vanilla-Caviar-Paste.jpg"},{"@type":"BreadcrumbList","@id":"https:\/\/naturalvanilla.ae\/kw\/%d8%a8%d8%b0%d9%88%d8%b1-%d8%a7%d9%84%d9%81%d8%a7%d9%86%d9%8a%d9%84%d9%8a%d8%a7\/#breadcrumb","itemListElement":[{"@type":"ListItem","position":1,"name":"Home","item":"https:\/\/naturalvanilla.ae\/ae\/"},{"@type":"ListItem","position":2,"name":"Vanilla Seeds"}]},{"@type":"WebSite","@id":"https:\/\/naturalvanilla.ae\/ae\/#website","url":"https:\/\/naturalvanilla.ae\/ae\/","name":"Do\u011fal Vanilya D\u00fckkan\u0131","description":"Kaliteli Vanilyan\u0131n Ortado\u011fu'daki \u00d6nde Gelen Tedarik\u00e7isi","publisher":{"@id":"https:\/\/naturalvanilla.ae\/ae\/#organization"},"potentialAction":[{"@type":"SearchAction","target":{"@type":"EntryPoint","urlTemplate":"https:\/\/naturalvanilla.ae\/ae\/?s={search_term_string}"},"query-input":{"@type":"PropertyValueSpecification","valueRequired":true,"valueName":"search_term_string"}}],"inLanguage":"tr"},{"@type":"Organization","@id":"https:\/\/naturalvanilla.ae\/ae\/#organization","name":"Do\u011fal Vanilya D\u00fckkan\u0131","url":"https:\/\/naturalvanilla.ae\/ae\/","logo":{"@type":"ImageObject","inLanguage":"tr","@id":"https:\/\/naturalvanilla.ae\/ae\/#\/schema\/logo\/image\/","url":"http:\/\/34.18.104.60\/wp-content\/uploads\/2022\/12\/Natural-Vanilla-Seal-CMYK.png","contentUrl":"http:\/\/34.18.104.60\/wp-content\/uploads\/2022\/12\/Natural-Vanilla-Seal-CMYK.png","width":591,"height":591,"caption":"Natural Vanilla Store"},"image":{"@id":"https:\/\/naturalvanilla.ae\/ae\/#\/schema\/logo\/image\/"},"sameAs":["https:\/\/www.facebook.com\/naturalvanilla.com.au","https:\/\/www.instagram.com\/natural_vanilla_store","https:\/\/www.linkedin.com\/company\/natural-vanilla-pty-ltd\/","https:\/\/www.pinterest.com\/natural_vanilla_store"]}]}},"uagb_featured_image_src":{"full":false,"thumbnail":false,"medium":false,"medium_large":false,"large":false,"1536x1536":false,"2048x2048":false,"trp-custom-language-flag":false,"woocommerce_thumbnail":false,"woocommerce_single":false,"woocommerce_gallery_thumbnail":false},"uagb_author_info":{"display_name":"Natural Vanilla Store","author_link":"http:\/\/34.18.104.60\/tr\/author\/admin\/"},"uagb_comment_info":0,"uagb_excerpt":"Vanilla Seed Production Natural Vanilla Store stock a large quantity of dried vanilla seeds which are produced from separating the vanilla caviar from Bourbon and Tahitian vanilla pods during the process involved for making vanilla extract. The vanilla pods that we use to produce the vanilla bean seeds are sourced from various vanilla plantations in&hellip;","_links":{"self":[{"href":"http:\/\/34.18.104.60\/tr\/wp-json\/wp\/v2\/pages\/120","targetHints":{"allow":["GET"]}}],"collection":[{"href":"http:\/\/34.18.104.60\/tr\/wp-json\/wp\/v2\/pages"}],"about":[{"href":"http:\/\/34.18.104.60\/tr\/wp-json\/wp\/v2\/types\/page"}],"author":[{"embeddable":true,"href":"http:\/\/34.18.104.60\/tr\/wp-json\/wp\/v2\/users\/1"}],"replies":[{"embeddable":true,"href":"http:\/\/34.18.104.60\/tr\/wp-json\/wp\/v2\/comments?post=120"}],"version-history":[{"count":2,"href":"http:\/\/34.18.104.60\/tr\/wp-json\/wp\/v2\/pages\/120\/revisions"}],"predecessor-version":[{"id":6789,"href":"http:\/\/34.18.104.60\/tr\/wp-json\/wp\/v2\/pages\/120\/revisions\/6789"}],"wp:attachment":[{"href":"http:\/\/34.18.104.60\/tr\/wp-json\/wp\/v2\/media?parent=120"}],"curies":[{"name":"wp","href":"https:\/\/api.w.org\/{rel}","templated":true}]}}