{"id":122,"date":"2019-05-26T09:59:06","date_gmt":"2019-05-26T01:59:06","guid":{"rendered":"http:\/\/www.naturalvanilla.net.au\/?page_id=122"},"modified":"2026-04-30T10:16:49","modified_gmt":"2026-04-30T07:16:49","slug":"vanilya","status":"publish","type":"page","link":"http:\/\/34.18.104.60\/tr\/vanilla\/","title":{"rendered":"Vanilya"},"content":{"rendered":"<div class=\"wp-block-columns is-layout-flex wp-container-core-columns-is-layout-28f84493 wp-block-columns-is-layout-flex\">\n<div class=\"wp-block-column is-layout-flow wp-block-column-is-layout-flow\">\n<figure class=\"wp-block-image aligncenter size-full\"><a href=\"https:\/\/naturalvanilla.ae\/wp-content\/uploads\/2022\/02\/Vanilla-Flower-Pollination.jpg\"><img decoding=\"async\" width=\"510\" height=\"360\" src=\"https:\/\/naturalvanilla.ae\/wp-content\/uploads\/2022\/02\/Vanilla-Flower-Pollination.jpg\" alt=\"Vanilya \u00c7i\u00e7e\u011fi Tozla\u015fmas\u0131\" class=\"wp-image-3073\" srcset=\"http:\/\/34.18.104.60\/wp-content\/uploads\/2022\/02\/Vanilla-Flower-Pollination.jpg 510w, http:\/\/34.18.104.60\/wp-content\/uploads\/2022\/02\/Vanilla-Flower-Pollination-300x212.jpg 300w, http:\/\/34.18.104.60\/wp-content\/uploads\/2022\/02\/Vanilla-Flower-Pollination-20x14.jpg 20w\" sizes=\"(max-width: 510px) 100vw, 510px\" \/><\/a><\/figure>\n<\/div>\n\n\n\n<div class=\"wp-block-column is-layout-flow wp-block-column-is-layout-flow\">\n<p>Vanilya \u00e7ubuklar\u0131, \u00f6zellikle vanilya yeti\u015ftirmek ve i\u015flemlemek i\u00e7in gereken yo\u011fun emek nedeniyle d\u00fcnyan\u0131n en se\u00e7kin baharatlar\u0131ndan biridir. Yeti\u015ftirilmesi uzun ve emek yo\u011fun bir s\u00fcre\u00e7 olup, \u00e7ift\u00e7inin her \u00e7i\u00e7e\u011fi elle d\u00f6llemesinden vanilya \u00e7ubuklar\u0131n\u0131n hasat edilmeye haz\u0131r hale gelmesine kadar sekiz ay s\u00fcrer.<\/p>\n<\/div>\n<\/div>\n\n\n\n<div class=\"wp-block-columns is-layout-flex wp-container-core-columns-is-layout-28f84493 wp-block-columns-is-layout-flex\">\n<div class=\"wp-block-column is-layout-flow wp-block-column-is-layout-flow\">\n<figure class=\"wp-block-image aligncenter size-full\"><a href=\"https:\/\/naturalvanilla.ae\/wp-content\/uploads\/2022\/02\/Green-Vanilla-Planifolia.jpg\"><img decoding=\"async\" width=\"510\" height=\"360\" src=\"https:\/\/naturalvanilla.ae\/wp-content\/uploads\/2022\/02\/Green-Vanilla-Planifolia.jpg\" alt=\"Ye\u015fil Vanilya Planifolia\" class=\"wp-image-3066\" srcset=\"http:\/\/34.18.104.60\/wp-content\/uploads\/2022\/02\/Green-Vanilla-Planifolia.jpg 510w, http:\/\/34.18.104.60\/wp-content\/uploads\/2022\/02\/Green-Vanilla-Planifolia-300x212.jpg 300w, http:\/\/34.18.104.60\/wp-content\/uploads\/2022\/02\/Green-Vanilla-Planifolia-20x14.jpg 20w\" sizes=\"(max-width: 510px) 100vw, 510px\" \/><\/a><\/figure>\n<\/div>\n\n\n\n<div class=\"wp-block-column is-layout-flow wp-block-column-is-layout-flow\">\n<p>Vanilya \u00fcreten bitki, orkide ailesinden olup tropikal b\u00f6lgelerde ya\u015fayan, s\u0131cakl\u0131\u011f\u0131n 21 ila 30 derece aras\u0131nda de\u011fi\u015fti\u011fi, \u00e7ok y\u0131ll\u0131k t\u0131rman\u0131c\u0131 otsu bir sarma\u015f\u0131kt\u0131r. Vanilya \u00e7ubuklar\u0131 hala ye\u015filken toplan\u0131r ve kendine \u00f6zg\u00fc vanilya lezzetini ve kokusunu yaratmak i\u00e7in i\u015flem g\u00f6rmesi gerekir.<\/p>\n<\/div>\n<\/div>\n\n\n\n<div class=\"wp-block-columns is-layout-flex wp-container-core-columns-is-layout-28f84493 wp-block-columns-is-layout-flex\">\n<div class=\"wp-block-column is-layout-flow wp-block-column-is-layout-flow\">\n<figure class=\"wp-block-image aligncenter size-full\"><a href=\"https:\/\/naturalvanilla.ae\/wp-content\/uploads\/2022\/02\/Vanilla-Harvesting.jpg\"><img decoding=\"async\" width=\"510\" height=\"360\" src=\"https:\/\/naturalvanilla.ae\/wp-content\/uploads\/2022\/02\/Vanilla-Harvesting.jpg\" alt=\"Vanilya Hasad\u0131\" class=\"wp-image-3074\" srcset=\"http:\/\/34.18.104.60\/wp-content\/uploads\/2022\/02\/Vanilla-Harvesting.jpg 510w, http:\/\/34.18.104.60\/wp-content\/uploads\/2022\/02\/Vanilla-Harvesting-300x212.jpg 300w, http:\/\/34.18.104.60\/wp-content\/uploads\/2022\/02\/Vanilla-Harvesting-20x14.jpg 20w\" sizes=\"(max-width: 510px) 100vw, 510px\" \/><\/a><\/figure>\n<\/div>\n\n\n\n<div class=\"wp-block-column is-layout-flow wp-block-column-is-layout-flow\">\n<p>Vanilya \u00e7ubuklar\u0131, koyu ye\u015filden sar\u0131 bir tonla a\u00e7\u0131k ye\u015file d\u00f6nd\u00fc\u011f\u00fcnde olgunla\u015ft\u0131klar\u0131 i\u00e7in hasat edilir. \u00c7ubuklar daha sonra paketlemeye haz\u0131r hale gelmeden \u00f6nce uzunluklar\u0131na g\u00f6re s\u0131n\u0131fland\u0131rma, s\u0131cak suda ha\u015flama, terletme kutular\u0131nda k\u00fcrleme ve g\u00fcne\u015fte kurutma gibi \u00e7e\u015fitli i\u015flem a\u015famalar\u0131ndan ge\u00e7er.<\/p>\n<\/div>\n<\/div>\n\n\n\n<div class=\"wp-block-columns is-layout-flex wp-container-core-columns-is-layout-28f84493 wp-block-columns-is-layout-flex\">\n<div class=\"wp-block-column is-layout-flow wp-block-column-is-layout-flow\">\n<figure class=\"wp-block-image aligncenter size-full\"><a href=\"https:\/\/naturalvanilla.ae\/wp-content\/uploads\/2022\/02\/Vanilla-Curing.jpg\"><img decoding=\"async\" width=\"510\" height=\"360\" src=\"https:\/\/naturalvanilla.ae\/wp-content\/uploads\/2022\/02\/Vanilla-Curing.jpg\" alt=\"Vanilya K\u00fcrleme\" class=\"wp-image-3070\" srcset=\"http:\/\/34.18.104.60\/wp-content\/uploads\/2022\/02\/Vanilla-Curing.jpg 510w, http:\/\/34.18.104.60\/wp-content\/uploads\/2022\/02\/Vanilla-Curing-300x212.jpg 300w, http:\/\/34.18.104.60\/wp-content\/uploads\/2022\/02\/Vanilla-Curing-20x14.jpg 20w\" sizes=\"(max-width: 510px) 100vw, 510px\" \/><\/a><\/figure>\n<\/div>\n\n\n\n<div class=\"wp-block-column is-layout-flow wp-block-column-is-layout-flow\">\n<p>Vanilya s\u0131cak suda ha\u015fland\u0131ktan ve battaniye serili ah\u015fap bir kutuya terletilmek \u00fczere konulduktan sonra a\u00e7\u0131k kahverengi bir renk alacak ve aroma yaymaya ba\u015flayacakt\u0131r. Bu noktada g\u00fcn i\u00e7inde g\u00fcne\u015fte kurutulacak ve 14 g\u00fcnl\u00fck bir s\u00fcre boyunca her gece tekrar terletme kutular\u0131na konulacakt\u0131r.<\/p>\n<\/div>\n<\/div>\n\n\n\n<p><\/p>","protected":false},"excerpt":{"rendered":"<p>Vanilla Pods are one of the most exclusive spices in the world, primarily due to the extensive labour required to grow and process the Vanilla. It\u2019s cultivation is a long and labour intensive process taking eight months, from when the farmer hand pollinates each flower, to when Vanilla Beans are ready for harvesting. The plant [&hellip;]<\/p>\n","protected":false},"author":1,"featured_media":0,"parent":0,"menu_order":0,"comment_status":"closed","ping_status":"closed","template":"","meta":{"_uag_custom_page_level_css":"","site-sidebar-layout":"right-sidebar","site-content-layout":"plain-container","ast-site-content-layout":"normal-width-container","site-content-style":"unboxed","site-sidebar-style":"unboxed","ast-global-header-display":"","ast-banner-title-visibility":"","ast-main-header-display":"","ast-hfb-above-header-display":"","ast-hfb-below-header-display":"","ast-hfb-mobile-header-display":"","site-post-title":"","ast-breadcrumbs-content":"","ast-featured-img":"","footer-sml-layout":"","ast-disable-related-posts":"","theme-transparent-header-meta":"disabled","adv-header-id-meta":"","stick-header-meta":"","header-above-stick-meta":"","header-main-stick-meta":"","header-below-stick-meta":"","astra-migrate-meta-layouts":"set","ast-page-background-enabled":"default","ast-page-background-meta":{"desktop":{"background-color":"","background-image":"","background-repeat":"repeat","background-position":"center center","background-size":"auto","background-attachment":"scroll","background-type":"","background-media":"","overlay-type":"","overlay-color":"","overlay-opacity":"","overlay-gradient":""},"tablet":{"background-color":"","background-image":"","background-repeat":"repeat","background-position":"center center","background-size":"auto","background-attachment":"scroll","background-type":"","background-media":"","overlay-type":"","overlay-color":"","overlay-opacity":"","overlay-gradient":""},"mobile":{"background-color":"","background-image":"","background-repeat":"repeat","background-position":"center center","background-size":"auto","background-attachment":"scroll","background-type":"","background-media":"","overlay-type":"","overlay-color":"","overlay-opacity":"","overlay-gradient":""}},"ast-content-background-meta":{"desktop":{"background-color":"var(--ast-global-color-5)","background-image":"","background-repeat":"repeat","background-position":"center center","background-size":"auto","background-attachment":"scroll","background-type":"","background-media":"","overlay-type":"","overlay-color":"","overlay-opacity":"","overlay-gradient":""},"tablet":{"background-color":"var(--ast-global-color-5)","background-image":"","background-repeat":"repeat","background-position":"center center","background-size":"auto","background-attachment":"scroll","background-type":"","background-media":"","overlay-type":"","overlay-color":"","overlay-opacity":"","overlay-gradient":""},"mobile":{"background-color":"var(--ast-global-color-5)","background-image":"","background-repeat":"repeat","background-position":"center center","background-size":"auto","background-attachment":"scroll","background-type":"","background-media":"","overlay-type":"","overlay-color":"","overlay-opacity":"","overlay-gradient":""}},"footnotes":""},"class_list":["post-122","page","type-page","status-publish","hentry"],"yoast_head":"<!-- This site is optimized with the Yoast SEO plugin v27.5 - https:\/\/yoast.com\/product\/yoast-seo-wordpress\/ -->\n<title>Vanilla Cultivation Process Explained | Natural Vanilla Store<\/title>\n<meta name=\"description\" content=\"Learn how vanilla is grown, harvested, and processed from cultivation to final product quality from Natural Vanilla Store expertise.\" \/>\n<meta name=\"robots\" content=\"index, follow, max-snippet:-1, max-image-preview:large, max-video-preview:-1\" \/>\n<link rel=\"canonical\" href=\"https:\/\/naturalvanilla.ae\/eg\/\u0641\u0627\u0646\u064a\u0644\u064a\u0627\/\" \/>\n<meta property=\"og:locale\" content=\"tr_TR\" \/>\n<meta property=\"og:type\" content=\"article\" \/>\n<meta property=\"og:title\" content=\"Vanilla Cultivation Process Explained | Natural Vanilla Store\" \/>\n<meta property=\"og:description\" content=\"Learn how vanilla is grown, harvested, and processed from cultivation to final product quality from Natural Vanilla Store expertise.\" \/>\n<meta property=\"og:url\" content=\"https:\/\/naturalvanilla.ae\/eg\/\u0641\u0627\u0646\u064a\u0644\u064a\u0627\/\" \/>\n<meta property=\"og:site_name\" content=\"Natural Vanilla Middle East\" \/>\n<meta property=\"article:publisher\" content=\"https:\/\/www.facebook.com\/naturalvanilla.com.au\" \/>\n<meta property=\"article:modified_time\" content=\"2026-04-30T07:16:49+00:00\" \/>\n<meta property=\"og:image\" content=\"https:\/\/naturalvanilla.ae\/wp-content\/uploads\/2022\/02\/Vanilla-Flower-Pollination.jpg\" \/>\n<meta name=\"twitter:card\" content=\"summary_large_image\" \/>\n<meta name=\"twitter:label1\" content=\"Tahmini okuma s\u00fcresi\" \/>\n\t<meta name=\"twitter:data1\" content=\"2 dakika\" \/>\n<script type=\"application\/ld+json\" class=\"yoast-schema-graph\">{\"@context\":\"https:\\\/\\\/schema.org\",\"@graph\":[{\"@type\":\"WebPage\",\"@id\":\"https:\\\/\\\/naturalvanilla.ae\\\/eg\\\/%d9%81%d8%a7%d9%86%d9%8a%d9%84%d9%8a%d8%a7\\\/\",\"url\":\"https:\\\/\\\/naturalvanilla.ae\\\/eg\\\/%d9%81%d8%a7%d9%86%d9%8a%d9%84%d9%8a%d8%a7\\\/\",\"name\":\"Vanilla Cultivation Process Explained | Natural Vanilla Store\",\"isPartOf\":{\"@id\":\"https:\\\/\\\/naturalvanilla.ae\\\/kw\\\/#website\"},\"primaryImageOfPage\":{\"@id\":\"https:\\\/\\\/naturalvanilla.ae\\\/eg\\\/%d9%81%d8%a7%d9%86%d9%8a%d9%84%d9%8a%d8%a7\\\/#primaryimage\"},\"image\":{\"@id\":\"https:\\\/\\\/naturalvanilla.ae\\\/eg\\\/%d9%81%d8%a7%d9%86%d9%8a%d9%84%d9%8a%d8%a7\\\/#primaryimage\"},\"thumbnailUrl\":\"https:\\\/\\\/naturalvanilla.ae\\\/wp-content\\\/uploads\\\/2022\\\/02\\\/Vanilla-Flower-Pollination.jpg\",\"datePublished\":\"2019-05-26T01:59:06+00:00\",\"dateModified\":\"2026-04-30T07:16:49+00:00\",\"description\":\"Learn how vanilla is grown, harvested, and processed from cultivation to final product quality from Natural Vanilla Store expertise.\",\"breadcrumb\":{\"@id\":\"https:\\\/\\\/naturalvanilla.ae\\\/eg\\\/%d9%81%d8%a7%d9%86%d9%8a%d9%84%d9%8a%d8%a7\\\/#breadcrumb\"},\"inLanguage\":\"tr\",\"potentialAction\":[{\"@type\":\"ReadAction\",\"target\":[\"https:\\\/\\\/naturalvanilla.ae\\\/eg\\\/%d9%81%d8%a7%d9%86%d9%8a%d9%84%d9%8a%d8%a7\\\/\"]}]},{\"@type\":\"ImageObject\",\"inLanguage\":\"tr\",\"@id\":\"https:\\\/\\\/naturalvanilla.ae\\\/eg\\\/%d9%81%d8%a7%d9%86%d9%8a%d9%84%d9%8a%d8%a7\\\/#primaryimage\",\"url\":\"https:\\\/\\\/naturalvanilla.ae\\\/wp-content\\\/uploads\\\/2022\\\/02\\\/Vanilla-Flower-Pollination.jpg\",\"contentUrl\":\"https:\\\/\\\/naturalvanilla.ae\\\/wp-content\\\/uploads\\\/2022\\\/02\\\/Vanilla-Flower-Pollination.jpg\"},{\"@type\":\"BreadcrumbList\",\"@id\":\"https:\\\/\\\/naturalvanilla.ae\\\/eg\\\/%d9%81%d8%a7%d9%86%d9%8a%d9%84%d9%8a%d8%a7\\\/#breadcrumb\",\"itemListElement\":[{\"@type\":\"ListItem\",\"position\":1,\"name\":\"Home\",\"item\":\"https:\\\/\\\/naturalvanilla.ae\\\/kw\\\/\"},{\"@type\":\"ListItem\",\"position\":2,\"name\":\"Vanilla\"}]},{\"@type\":\"WebSite\",\"@id\":\"https:\\\/\\\/naturalvanilla.ae\\\/kw\\\/#website\",\"url\":\"https:\\\/\\\/naturalvanilla.ae\\\/kw\\\/\",\"name\":\"Natural Vanilla Store\",\"description\":\"Leading Middle East Supplier of Quality Vanilla\",\"publisher\":{\"@id\":\"https:\\\/\\\/naturalvanilla.ae\\\/kw\\\/#organization\"},\"potentialAction\":[{\"@type\":\"SearchAction\",\"target\":{\"@type\":\"EntryPoint\",\"urlTemplate\":\"https:\\\/\\\/naturalvanilla.ae\\\/kw\\\/?s={search_term_string}\"},\"query-input\":{\"@type\":\"PropertyValueSpecification\",\"valueRequired\":true,\"valueName\":\"search_term_string\"}}],\"inLanguage\":\"tr\"},{\"@type\":\"Organization\",\"@id\":\"https:\\\/\\\/naturalvanilla.ae\\\/kw\\\/#organization\",\"name\":\"Natural Vanilla Store\",\"url\":\"https:\\\/\\\/naturalvanilla.ae\\\/kw\\\/\",\"logo\":{\"@type\":\"ImageObject\",\"inLanguage\":\"tr\",\"@id\":\"https:\\\/\\\/naturalvanilla.ae\\\/kw\\\/#\\\/schema\\\/logo\\\/image\\\/\",\"url\":\"http:\\\/\\\/34.18.104.60\\\/wp-content\\\/uploads\\\/2022\\\/12\\\/Natural-Vanilla-Seal-CMYK.png\",\"contentUrl\":\"http:\\\/\\\/34.18.104.60\\\/wp-content\\\/uploads\\\/2022\\\/12\\\/Natural-Vanilla-Seal-CMYK.png\",\"width\":591,\"height\":591,\"caption\":\"Natural Vanilla Store\"},\"image\":{\"@id\":\"https:\\\/\\\/naturalvanilla.ae\\\/kw\\\/#\\\/schema\\\/logo\\\/image\\\/\"},\"sameAs\":[\"https:\\\/\\\/www.facebook.com\\\/naturalvanilla.com.au\",\"https:\\\/\\\/www.instagram.com\\\/natural_vanilla_store\",\"https:\\\/\\\/www.linkedin.com\\\/company\\\/natural-vanilla-pty-ltd\\\/\",\"https:\\\/\\\/www.pinterest.com\\\/natural_vanilla_store\"]}]}<\/script>\n<!-- \/ Yoast SEO plugin. -->","yoast_head_json":{"title":"Vanilya Nas\u0131l Yeti\u015ftirilir? | Natural Vanilla Store","description":"Vanilyan\u0131n yeti\u015ftirilmesi, hasad\u0131 ve i\u015flenme s\u00fcreci hakk\u0131nda detayl\u0131 bilgi edinin.","robots":{"index":"index","follow":"follow","max-snippet":"max-snippet:-1","max-image-preview":"max-image-preview:large","max-video-preview":"max-video-preview:-1"},"canonical":"https:\/\/naturalvanilla.ae\/eg\/\u0641\u0627\u0646\u064a\u0644\u064a\u0627\/","og_locale":"tr_TR","og_type":"article","og_title":"Vanilla Cultivation Process Explained | Natural Vanilla Store","og_description":"Learn how vanilla is grown, harvested, and processed from cultivation to final product quality from Natural Vanilla Store expertise.","og_url":"https:\/\/naturalvanilla.ae\/eg\/\u0641\u0627\u0646\u064a\u0644\u064a\u0627\/","og_site_name":"Natural Vanilla Middle East","article_publisher":"https:\/\/www.facebook.com\/naturalvanilla.com.au","article_modified_time":"2026-04-30T07:16:49+00:00","og_image":[{"url":"https:\/\/naturalvanilla.ae\/wp-content\/uploads\/2022\/02\/Vanilla-Flower-Pollination.jpg","type":"","width":"","height":""}],"twitter_card":"summary_large_image","twitter_misc":{"Tahmini okuma s\u00fcresi":"2 dakika"},"schema":{"@context":"https:\/\/schema.org","@graph":[{"@type":"WebPage","@id":"https:\/\/naturalvanilla.ae\/eg\/%d9%81%d8%a7%d9%86%d9%8a%d9%84%d9%8a%d8%a7\/","url":"https:\/\/naturalvanilla.ae\/eg\/%d9%81%d8%a7%d9%86%d9%8a%d9%84%d9%8a%d8%a7\/","name":"Vanilya Nas\u0131l Yeti\u015ftirilir? | Natural Vanilla Store","isPartOf":{"@id":"https:\/\/naturalvanilla.ae\/kw\/#website"},"primaryImageOfPage":{"@id":"https:\/\/naturalvanilla.ae\/eg\/%d9%81%d8%a7%d9%86%d9%8a%d9%84%d9%8a%d8%a7\/#primaryimage"},"image":{"@id":"https:\/\/naturalvanilla.ae\/eg\/%d9%81%d8%a7%d9%86%d9%8a%d9%84%d9%8a%d8%a7\/#primaryimage"},"thumbnailUrl":"https:\/\/naturalvanilla.ae\/wp-content\/uploads\/2022\/02\/Vanilla-Flower-Pollination.jpg","datePublished":"2019-05-26T01:59:06+00:00","dateModified":"2026-04-30T07:16:49+00:00","description":"Vanilyan\u0131n yeti\u015ftirilmesi, hasad\u0131 ve i\u015flenme s\u00fcreci hakk\u0131nda detayl\u0131 bilgi edinin.","breadcrumb":{"@id":"https:\/\/naturalvanilla.ae\/eg\/%d9%81%d8%a7%d9%86%d9%8a%d9%84%d9%8a%d8%a7\/#breadcrumb"},"inLanguage":"tr","potentialAction":[{"@type":"ReadAction","target":["https:\/\/naturalvanilla.ae\/eg\/%d9%81%d8%a7%d9%86%d9%8a%d9%84%d9%8a%d8%a7\/"]}]},{"@type":"ImageObject","inLanguage":"tr","@id":"https:\/\/naturalvanilla.ae\/eg\/%d9%81%d8%a7%d9%86%d9%8a%d9%84%d9%8a%d8%a7\/#primaryimage","url":"https:\/\/naturalvanilla.ae\/wp-content\/uploads\/2022\/02\/Vanilla-Flower-Pollination.jpg","contentUrl":"https:\/\/naturalvanilla.ae\/wp-content\/uploads\/2022\/02\/Vanilla-Flower-Pollination.jpg"},{"@type":"BreadcrumbList","@id":"https:\/\/naturalvanilla.ae\/eg\/%d9%81%d8%a7%d9%86%d9%8a%d9%84%d9%8a%d8%a7\/#breadcrumb","itemListElement":[{"@type":"ListItem","position":1,"name":"Home","item":"https:\/\/naturalvanilla.ae\/kw\/"},{"@type":"ListItem","position":2,"name":"Vanilla"}]},{"@type":"WebSite","@id":"https:\/\/naturalvanilla.ae\/kw\/#website","url":"https:\/\/naturalvanilla.ae\/kw\/","name":"Do\u011fal Vanilya D\u00fckkan\u0131","description":"T\u00fcrkiye\u2019de Y\u00fcksek Kaliteli Vanilya \u00dcr\u00fcnleri Tedarik\u00e7isi","publisher":{"@id":"https:\/\/naturalvanilla.ae\/kw\/#organization"},"potentialAction":[{"@type":"SearchAction","target":{"@type":"EntryPoint","urlTemplate":"https:\/\/naturalvanilla.ae\/kw\/?s={search_term_string}"},"query-input":{"@type":"PropertyValueSpecification","valueRequired":true,"valueName":"search_term_string"}}],"inLanguage":"tr"},{"@type":"Organization","@id":"https:\/\/naturalvanilla.ae\/kw\/#organization","name":"Do\u011fal Vanilya D\u00fckkan\u0131","url":"https:\/\/naturalvanilla.ae\/kw\/","logo":{"@type":"ImageObject","inLanguage":"tr","@id":"https:\/\/naturalvanilla.ae\/kw\/#\/schema\/logo\/image\/","url":"http:\/\/34.18.104.60\/wp-content\/uploads\/2022\/12\/Natural-Vanilla-Seal-CMYK.png","contentUrl":"http:\/\/34.18.104.60\/wp-content\/uploads\/2022\/12\/Natural-Vanilla-Seal-CMYK.png","width":591,"height":591,"caption":"Natural Vanilla Store"},"image":{"@id":"https:\/\/naturalvanilla.ae\/kw\/#\/schema\/logo\/image\/"},"sameAs":["https:\/\/www.facebook.com\/naturalvanilla.com.au","https:\/\/www.instagram.com\/natural_vanilla_store","https:\/\/www.linkedin.com\/company\/natural-vanilla-pty-ltd\/","https:\/\/www.pinterest.com\/natural_vanilla_store"]}]}},"uagb_featured_image_src":{"full":false,"thumbnail":false,"medium":false,"medium_large":false,"large":false,"1536x1536":false,"2048x2048":false,"trp-custom-language-flag":false,"woocommerce_thumbnail":false,"woocommerce_single":false,"woocommerce_gallery_thumbnail":false},"uagb_author_info":{"display_name":"Natural Vanilla Store","author_link":"http:\/\/34.18.104.60\/tr\/author\/admin\/"},"uagb_comment_info":0,"uagb_excerpt":"Vanilla Pods are one of the most exclusive spices in the world, primarily due to the extensive labour required to grow and process the Vanilla. It\u2019s cultivation is a long and labour intensive process taking eight months, from when the farmer hand pollinates each flower, to when Vanilla Beans are ready for harvesting. The plant&hellip;","_links":{"self":[{"href":"http:\/\/34.18.104.60\/tr\/wp-json\/wp\/v2\/pages\/122","targetHints":{"allow":["GET"]}}],"collection":[{"href":"http:\/\/34.18.104.60\/tr\/wp-json\/wp\/v2\/pages"}],"about":[{"href":"http:\/\/34.18.104.60\/tr\/wp-json\/wp\/v2\/types\/page"}],"author":[{"embeddable":true,"href":"http:\/\/34.18.104.60\/tr\/wp-json\/wp\/v2\/users\/1"}],"replies":[{"embeddable":true,"href":"http:\/\/34.18.104.60\/tr\/wp-json\/wp\/v2\/comments?post=122"}],"version-history":[{"count":1,"href":"http:\/\/34.18.104.60\/tr\/wp-json\/wp\/v2\/pages\/122\/revisions"}],"predecessor-version":[{"id":5936,"href":"http:\/\/34.18.104.60\/tr\/wp-json\/wp\/v2\/pages\/122\/revisions\/5936"}],"wp:attachment":[{"href":"http:\/\/34.18.104.60\/tr\/wp-json\/wp\/v2\/media?parent=122"}],"curies":[{"name":"wp","href":"https:\/\/api.w.org\/{rel}","templated":true}]}}