{"id":126,"date":"2019-05-26T10:00:02","date_gmt":"2019-05-26T02:00:02","guid":{"rendered":"http:\/\/www.naturalvanilla.net.au\/?page_id=126"},"modified":"2026-04-30T10:35:51","modified_gmt":"2026-04-30T07:35:51","slug":"vanilya-ozutu","status":"publish","type":"page","link":"http:\/\/34.18.104.60\/tr\/vanilla-extract\/","title":{"rendered":"Vanilya \u00d6z\u00fc"},"content":{"rendered":"<div class=\"wp-block-uagb-image aligncenter uagb-block-ce42b227 wp-block-uagb-image--layout-default wp-block-uagb-image--effect-static wp-block-uagb-image--align-center\"><figure class=\"wp-block-uagb-image__figure\"><a class=\"\" href=\"http:\/\/naturalvanilla.ae\/wp-content\/uploads\/2023\/08\/Natural-Vanilla-Vanilla-Extract-Traditional-Range.jpg\" target=\"\" rel=\"noopener\"><img decoding=\"async\" srcset=\"http:\/\/naturalvanilla.ae\/wp-content\/uploads\/2023\/08\/Natural-Vanilla-Vanilla-Extract-Traditional-Range.jpg \" sizes=\"auto, (max-width: 480px) 150px\" src=\"http:\/\/naturalvanilla.ae\/wp-content\/uploads\/2023\/08\/Natural-Vanilla-Vanilla-Extract-Traditional-Range.jpg\" alt=\"Do\u011fal-Vanilya-Vanilya-\u00d6z\u00fc-Geleneksel-Seri.jpg\" class=\"uag-image-5064\" width=\"1600\" height=\"1600\" title=\"\" loading=\"lazy\" role=\"img\"\/><\/a><\/figure><\/div>\n\n\n\n<div style=\"height:30px\" aria-hidden=\"true\" class=\"wp-block-spacer\"><\/div>\n\n\n\n<h3 class=\"wp-block-heading alignwide\">Vanilya \u00d6z\u00fc \u00dcretimi<\/h3>\n\n\n\n<p><a href=\"https:\/\/naturalvanilla.ae\/\">Do\u011fal Vanilya D\u00fckkan\u0131<\/a> Taze vanilya \u00e7ubuklar\u0131 ve tamamen do\u011fal malzemeler kullanarak kendi \u00f6zel tarifimize g\u00f6re vanilya \u00f6z\u00fc \u00fcretiyoruz. \u00dcst\u00fcn lezzeti d\u00fcnya \u00e7ap\u0131ndaki m\u00fc\u015fterilerimiz taraf\u0131ndan be\u011fenilmektedir. \u0130ki versiyonumuz bulunmaktad\u0131r: alkol\u00fc koruyucu olarak kullanan standart tip ve alkol yerine koruyucu olarak tamamen do\u011fal hurmas\u0131z gliserin kullan\u0131lan sertifikal\u0131 Helal alkols\u00fcz tip. Vanilya \u00f6z\u00fcm\u00fcz, koruyucu madde, renklendirici madde veya k\u0131s\u0131tlanm\u0131\u015f madde i\u00e7ermeyen tamamen do\u011fal malzemelerle \u00fcretilir. Alkol versiyonumuz, di\u011fer \u00fcreticilerin kulland\u0131\u011f\u0131 alkol\u00fcn vanilya tad\u0131n\u0131 bast\u0131rmas\u0131 nedeniyle yaln\u0131zca % alkol kullan\u0131r.<\/p>\n\n\n\n<h3 class=\"wp-block-heading alignwide\">Vanilya \u00d6z\u00fct\u00fc Kullan\u0131mlar\u0131<\/h3>\n\n\n\n<p>Ger\u00e7ek ince yemek ve gurme mutfakta, ger\u00e7ek vanilya \u00f6z\u00fct\u00fcn\u00fcn kullan\u0131m\u0131, yeme\u011fe katt\u0131\u011f\u0131 enfes aroma ve lezzetle anla\u015f\u0131labilir ve bu da yeme\u011fin haz\u0131rlanmas\u0131nda hakiki vanilya kullan\u0131ld\u0131\u011f\u0131n\u0131n kan\u0131t\u0131d\u0131r. Uzun s\u00fcreli ticari m\u00fc\u015fterilerimizden bir\u00e7o\u011fu, taze vanilya \u00e7ubuklar\u0131ndan \u00fcretti\u011fimiz kendi \u00f6zel tarifimizle \u00fcretti\u011fimiz vanilya \u00f6z\u00fct\u00fcn\u00fcn lezzetini ve aromas\u0131n\u0131 takdir etmektedir. M\u00fc\u015fterilerimiz, s\u0131k\u0131lm\u0131\u015f meyve suyu kar\u0131\u015f\u0131mlar\u0131 gibi i\u00e7eceklerin haz\u0131rlanmas\u0131nda, kurabiye ve kek gibi unlu mamullerde ve panna cotta, muhallebi, cr\u00e8me br\u00fbl\u00e9e, krem karamel ve cheesecake gibi tatl\u0131larda \u00f6z\u00fct\u00fcm\u00fcz\u00fc b\u00fcy\u00fck miktarlarda kullanm\u0131\u015flard\u0131r. Pi\u015firilen g\u0131da \u00fcr\u00fcnlerinde alkol buharla\u015facakt\u0131r, ancak dondurma ve yo\u011furt gibi pi\u015firme gerektirmeyen g\u0131dalar i\u00e7in alkols\u00fcz \u00f6z\u00fct\u00fcn kullan\u0131lmas\u0131 \u00f6nerilir.<\/p>\n\n\n\n<h3 class=\"wp-block-heading alignwide\">Kalite G\u00fcvencesi<\/h3>\n\n\n\n<p>D\u00fcnyan\u0131n d\u00f6rt bir yan\u0131ndaki ticari m\u00fc\u015fterilerimiz, vanilya \u00f6z\u00fcm\u00fcz\u00fc i\u00e7eren bir\u00e7ok g\u0131da \u00fcr\u00fcn\u00fc \u00fcretmi\u015ftir. Ticari m\u00fc\u015fterilerimiz, g\u0131da g\u00fcvenli\u011fi standartlar\u0131n\u0131 kar\u015f\u0131lad\u0131\u011f\u0131m\u0131z ve \u00f6z\u00fcm\u00fcz\u00fcn zararl\u0131 maddelerden ve organizmalardan ar\u0131nd\u0131r\u0131lm\u0131\u015f oldu\u011fu ve uluslararas\u0131 d\u00fczenleyici g\u0131da gerekliliklerini kar\u015f\u0131lad\u0131\u011f\u0131 konusunda g\u00fcvenceye ihtiya\u00e7 duymaktad\u0131r. Bu nedenle kalite g\u00fcvencemiz, G\u0131da G\u00fcvenli\u011fi Program\u0131m\u0131z\u0131n, \u00dcr\u00fcn Spesifikasyonlar\u0131m\u0131z\u0131n, Analiz Sertifikam\u0131z\u0131n ve Mikrobiyolojimizin tamam\u0131n\u0131n korunmas\u0131n\u0131 gerektirir. <a href=\"https:\/\/www.sfa.gov.sg\/food-information\/food-safety-education\/singapores-food-safety-standards\" target=\"_blank\" rel=\"noopener noreferrer\">uluslararas\u0131 standartlar<\/a>.<\/p>\n\n\n\n<h3 class=\"wp-block-heading alignwide\">Etik Kaynakl\u0131 ve Organik Olarak Yeti\u015ftirilmi\u015f<\/h3>\n\n\n\n<p>Vanilya \u00f6z\u00fc \u00fcretiminde kullan\u0131lan vanilya \u00e7ubuklar\u0131, \u00fcreticilere iyi piyasa fiyatlar\u0131 \u00f6denerek etik olarak tedarik edilmi\u015ftir. Ayr\u0131ca kimyasal veya yapay g\u00fcbre kullan\u0131lmadan organik olarak yeti\u015ftirilmi\u015flerdir. Ekstrakt\u0131m\u0131z\u0131n \u00fcretiminde kullan\u0131lan vanilya meyveleri resmi olarak sertifikal\u0131 organik olmasa da, vanilya meyveleri organik y\u00f6ntemlerle yeti\u015ftirilmi\u015ftir. Vanilya yeti\u015ftirilen b\u00f6lgelerdeki zengin topraklar yapay g\u00fcbreye ihtiya\u00e7 duymaz ve vanilya orkideleri zararl\u0131lara ve hastal\u0131klara kar\u015f\u0131 y\u00fcksek d\u00fczeyde do\u011fal dirence sahip oldu\u011fundan kimyasal ila\u00e7lama kullan\u0131lmaz.<\/p>\n\n\n\n<h3 class=\"wp-block-heading alignwide\">Paket Boyutu Se\u00e7enekleri<\/h3>\n\n\n\n<p>Vanilya \u00f6z\u00fct\u00fc tedari\u011fimiz i\u00e7in b\u00fcy\u00fck ticari m\u00fc\u015fterilerimizin ihtiya\u00e7lar\u0131n\u0131 kar\u015f\u0131layacak toplu indirim oranlar\u0131yla 10 litrelik b\u00fcy\u00fck bidonlardan perakende m\u00fc\u015fterilerimiz i\u00e7in 200 ml'lik paketlere kadar \u00e7e\u015fitli paket boyutu se\u00e7eneklerimiz bulunmaktad\u0131r.<\/p>","protected":false},"excerpt":{"rendered":"<p>Vanilla Extract Production Natural Vanilla Store produce vanilla extract to our own proprietary recipe using fresh vanilla pods and all natural ingredients. Its superior taste is liked by our customers across the world. We have two versions being the standard type which uses alcohol as the preservative and a certified Halal non-alcohol type where all [&hellip;]<\/p>\n","protected":false},"author":1,"featured_media":0,"parent":0,"menu_order":0,"comment_status":"closed","ping_status":"closed","template":"","meta":{"_uag_custom_page_level_css":"","site-sidebar-layout":"default","site-content-layout":"default","ast-site-content-layout":"default","site-content-style":"default","site-sidebar-style":"default","ast-global-header-display":"","ast-banner-title-visibility":"","ast-main-header-display":"","ast-hfb-above-header-display":"","ast-hfb-below-header-display":"","ast-hfb-mobile-header-display":"","site-post-title":"","ast-breadcrumbs-content":"","ast-featured-img":"","footer-sml-layout":"","ast-disable-related-posts":"","theme-transparent-header-meta":"default","adv-header-id-meta":"","stick-header-meta":"","header-above-stick-meta":"","header-main-stick-meta":"","header-below-stick-meta":"","astra-migrate-meta-layouts":"set","ast-page-background-enabled":"default","ast-page-background-meta":{"desktop":{"background-color":"","background-image":"","background-repeat":"repeat","background-position":"center center","background-size":"auto","background-attachment":"scroll","background-type":"","background-media":"","overlay-type":"","overlay-color":"","overlay-opacity":"","overlay-gradient":""},"tablet":{"background-color":"","background-image":"","background-repeat":"repeat","background-position":"center center","background-size":"auto","background-attachment":"scroll","background-type":"","background-media":"","overlay-type":"","overlay-color":"","overlay-opacity":"","overlay-gradient":""},"mobile":{"background-color":"","background-image":"","background-repeat":"repeat","background-position":"center center","background-size":"auto","background-attachment":"scroll","background-type":"","background-media":"","overlay-type":"","overlay-color":"","overlay-opacity":"","overlay-gradient":""}},"ast-content-background-meta":{"desktop":{"background-color":"var(--ast-global-color-5)","background-image":"","background-repeat":"repeat","background-position":"center center","background-size":"auto","background-attachment":"scroll","background-type":"","background-media":"","overlay-type":"","overlay-color":"","overlay-opacity":"","overlay-gradient":""},"tablet":{"background-color":"var(--ast-global-color-5)","background-image":"","background-repeat":"repeat","background-position":"center center","background-size":"auto","background-attachment":"scroll","background-type":"","background-media":"","overlay-type":"","overlay-color":"","overlay-opacity":"","overlay-gradient":""},"mobile":{"background-color":"var(--ast-global-color-5)","background-image":"","background-repeat":"repeat","background-position":"center center","background-size":"auto","background-attachment":"scroll","background-type":"","background-media":"","overlay-type":"","overlay-color":"","overlay-opacity":"","overlay-gradient":""}},"footnotes":""},"class_list":["post-126","page","type-page","status-publish","hentry"],"yoast_head":"<!-- This site is optimized with the Yoast SEO plugin v27.5 - https:\/\/yoast.com\/product\/yoast-seo-wordpress\/ -->\n<title>Halal Vanilla Extract Wholesale UAE | Natural Vanilla Store<\/title>\n<meta name=\"description\" content=\"Buy halal-certified vanilla extract wholesale in the UAE with premium quality, suitable for commercial and industrial use.\" \/>\n<meta name=\"robots\" content=\"index, follow, max-snippet:-1, max-image-preview:large, max-video-preview:-1\" \/>\n<link rel=\"canonical\" href=\"https:\/\/naturalvanilla.ae\/pk\/\u0648\u06cc\u0646\u0644\u0627-\u0627\u06cc\u0633\u0646\u0633\/\" \/>\n<meta property=\"og:locale\" content=\"tr_TR\" \/>\n<meta property=\"og:type\" content=\"article\" \/>\n<meta property=\"og:title\" content=\"Halal Vanilla Extract Wholesale UAE | Natural Vanilla Store\" \/>\n<meta property=\"og:description\" content=\"Buy halal-certified vanilla extract wholesale in the UAE with premium quality, suitable for commercial and industrial use.\" \/>\n<meta property=\"og:url\" content=\"https:\/\/naturalvanilla.ae\/pk\/\u0648\u06cc\u0646\u0644\u0627-\u0627\u06cc\u0633\u0646\u0633\/\" \/>\n<meta property=\"og:site_name\" content=\"Natural Vanilla Middle East\" \/>\n<meta property=\"article:publisher\" content=\"https:\/\/www.facebook.com\/naturalvanilla.com.au\" \/>\n<meta property=\"article:modified_time\" content=\"2026-04-30T07:35:51+00:00\" \/>\n<meta property=\"og:image\" content=\"https:\/\/naturalvanilla.ae\/wp-content\/uploads\/2023\/08\/Natural-Vanilla-Vanilla-Extract-Traditional-Range.jpg\" \/>\n<meta name=\"twitter:card\" content=\"summary_large_image\" \/>\n<meta name=\"twitter:label1\" content=\"Tahmini okuma s\u00fcresi\" \/>\n\t<meta name=\"twitter:data1\" content=\"3 dakika\" \/>\n<script type=\"application\/ld+json\" class=\"yoast-schema-graph\">{\"@context\":\"https:\\\/\\\/schema.org\",\"@graph\":[{\"@type\":\"WebPage\",\"@id\":\"https:\\\/\\\/naturalvanilla.ae\\\/pk\\\/%d9%88%db%8c%d9%86%d9%84%d8%a7-%d8%a7%db%8c%d8%b3%d9%86%d8%b3\\\/\",\"url\":\"https:\\\/\\\/naturalvanilla.ae\\\/pk\\\/%d9%88%db%8c%d9%86%d9%84%d8%a7-%d8%a7%db%8c%d8%b3%d9%86%d8%b3\\\/\",\"name\":\"Halal Vanilla Extract Wholesale UAE | Natural Vanilla Store\",\"isPartOf\":{\"@id\":\"https:\\\/\\\/naturalvanilla.ae\\\/ae\\\/#website\"},\"primaryImageOfPage\":{\"@id\":\"https:\\\/\\\/naturalvanilla.ae\\\/pk\\\/%d9%88%db%8c%d9%86%d9%84%d8%a7-%d8%a7%db%8c%d8%b3%d9%86%d8%b3\\\/#primaryimage\"},\"image\":{\"@id\":\"https:\\\/\\\/naturalvanilla.ae\\\/pk\\\/%d9%88%db%8c%d9%86%d9%84%d8%a7-%d8%a7%db%8c%d8%b3%d9%86%d8%b3\\\/#primaryimage\"},\"thumbnailUrl\":\"https:\\\/\\\/naturalvanilla.ae\\\/wp-content\\\/uploads\\\/2023\\\/08\\\/Natural-Vanilla-Vanilla-Extract-Traditional-Range.jpg\",\"datePublished\":\"2019-05-26T02:00:02+00:00\",\"dateModified\":\"2026-04-30T07:35:51+00:00\",\"description\":\"Buy halal-certified vanilla extract wholesale in the UAE with premium quality, suitable for commercial and industrial use.\",\"breadcrumb\":{\"@id\":\"https:\\\/\\\/naturalvanilla.ae\\\/pk\\\/%d9%88%db%8c%d9%86%d9%84%d8%a7-%d8%a7%db%8c%d8%b3%d9%86%d8%b3\\\/#breadcrumb\"},\"inLanguage\":\"tr\",\"potentialAction\":[{\"@type\":\"ReadAction\",\"target\":[\"https:\\\/\\\/naturalvanilla.ae\\\/pk\\\/%d9%88%db%8c%d9%86%d9%84%d8%a7-%d8%a7%db%8c%d8%b3%d9%86%d8%b3\\\/\"]}]},{\"@type\":\"ImageObject\",\"inLanguage\":\"tr\",\"@id\":\"https:\\\/\\\/naturalvanilla.ae\\\/pk\\\/%d9%88%db%8c%d9%86%d9%84%d8%a7-%d8%a7%db%8c%d8%b3%d9%86%d8%b3\\\/#primaryimage\",\"url\":\"https:\\\/\\\/naturalvanilla.ae\\\/wp-content\\\/uploads\\\/2023\\\/08\\\/Natural-Vanilla-Vanilla-Extract-Traditional-Range.jpg\",\"contentUrl\":\"https:\\\/\\\/naturalvanilla.ae\\\/wp-content\\\/uploads\\\/2023\\\/08\\\/Natural-Vanilla-Vanilla-Extract-Traditional-Range.jpg\"},{\"@type\":\"BreadcrumbList\",\"@id\":\"https:\\\/\\\/naturalvanilla.ae\\\/pk\\\/%d9%88%db%8c%d9%86%d9%84%d8%a7-%d8%a7%db%8c%d8%b3%d9%86%d8%b3\\\/#breadcrumb\",\"itemListElement\":[{\"@type\":\"ListItem\",\"position\":1,\"name\":\"Home\",\"item\":\"https:\\\/\\\/naturalvanilla.ae\\\/ae\\\/\"},{\"@type\":\"ListItem\",\"position\":2,\"name\":\"Vanilla Extract\"}]},{\"@type\":\"WebSite\",\"@id\":\"https:\\\/\\\/naturalvanilla.ae\\\/ae\\\/#website\",\"url\":\"https:\\\/\\\/naturalvanilla.ae\\\/ae\\\/\",\"name\":\"Natural Vanilla Store\",\"description\":\"Leading Middle East Supplier of Quality Vanilla\",\"publisher\":{\"@id\":\"https:\\\/\\\/naturalvanilla.ae\\\/ae\\\/#organization\"},\"potentialAction\":[{\"@type\":\"SearchAction\",\"target\":{\"@type\":\"EntryPoint\",\"urlTemplate\":\"https:\\\/\\\/naturalvanilla.ae\\\/ae\\\/?s={search_term_string}\"},\"query-input\":{\"@type\":\"PropertyValueSpecification\",\"valueRequired\":true,\"valueName\":\"search_term_string\"}}],\"inLanguage\":\"tr\"},{\"@type\":\"Organization\",\"@id\":\"https:\\\/\\\/naturalvanilla.ae\\\/ae\\\/#organization\",\"name\":\"Natural Vanilla Store\",\"url\":\"https:\\\/\\\/naturalvanilla.ae\\\/ae\\\/\",\"logo\":{\"@type\":\"ImageObject\",\"inLanguage\":\"tr\",\"@id\":\"https:\\\/\\\/naturalvanilla.ae\\\/ae\\\/#\\\/schema\\\/logo\\\/image\\\/\",\"url\":\"http:\\\/\\\/34.18.104.60\\\/wp-content\\\/uploads\\\/2022\\\/12\\\/Natural-Vanilla-Seal-CMYK.png\",\"contentUrl\":\"http:\\\/\\\/34.18.104.60\\\/wp-content\\\/uploads\\\/2022\\\/12\\\/Natural-Vanilla-Seal-CMYK.png\",\"width\":591,\"height\":591,\"caption\":\"Natural Vanilla Store\"},\"image\":{\"@id\":\"https:\\\/\\\/naturalvanilla.ae\\\/ae\\\/#\\\/schema\\\/logo\\\/image\\\/\"},\"sameAs\":[\"https:\\\/\\\/www.facebook.com\\\/naturalvanilla.com.au\",\"https:\\\/\\\/www.instagram.com\\\/natural_vanilla_store\",\"https:\\\/\\\/www.linkedin.com\\\/company\\\/natural-vanilla-pty-ltd\\\/\",\"https:\\\/\\\/www.pinterest.com\\\/natural_vanilla_store\"]}]}<\/script>\n<!-- \/ Yoast SEO plugin. -->","yoast_head_json":{"title":"Helal Vanilya \u00d6z\u00fc Toptan Sat\u0131\u015f BAE | Do\u011fal Vanilya Ma\u011fazas\u0131","description":"Birle\u015fik Arap Emirlikleri'nde helal sertifikal\u0131, ticari ve end\u00fcstriyel kullan\u0131ma uygun, premium kalitede vanilya \u00f6z\u00fcn\u00fc toptan sat\u0131n al\u0131n.","robots":{"index":"index","follow":"follow","max-snippet":"max-snippet:-1","max-image-preview":"max-image-preview:large","max-video-preview":"max-video-preview:-1"},"canonical":"https:\/\/naturalvanilla.ae\/pk\/\u0648\u06cc\u0646\u0644\u0627-\u0627\u06cc\u0633\u0646\u0633\/","og_locale":"tr_TR","og_type":"article","og_title":"Halal Vanilla Extract Wholesale UAE | Natural Vanilla Store","og_description":"Buy halal-certified vanilla extract wholesale in the UAE with premium quality, suitable for commercial and industrial use.","og_url":"https:\/\/naturalvanilla.ae\/pk\/\u0648\u06cc\u0646\u0644\u0627-\u0627\u06cc\u0633\u0646\u0633\/","og_site_name":"Natural Vanilla Middle East","article_publisher":"https:\/\/www.facebook.com\/naturalvanilla.com.au","article_modified_time":"2026-04-30T07:35:51+00:00","og_image":[{"url":"https:\/\/naturalvanilla.ae\/wp-content\/uploads\/2023\/08\/Natural-Vanilla-Vanilla-Extract-Traditional-Range.jpg","type":"","width":"","height":""}],"twitter_card":"summary_large_image","twitter_misc":{"Tahmini okuma s\u00fcresi":"3 dakika"},"schema":{"@context":"https:\/\/schema.org","@graph":[{"@type":"WebPage","@id":"https:\/\/naturalvanilla.ae\/pk\/%d9%88%db%8c%d9%86%d9%84%d8%a7-%d8%a7%db%8c%d8%b3%d9%86%d8%b3\/","url":"https:\/\/naturalvanilla.ae\/pk\/%d9%88%db%8c%d9%86%d9%84%d8%a7-%d8%a7%db%8c%d8%b3%d9%86%d8%b3\/","name":"Helal Vanilya \u00d6z\u00fc Toptan Sat\u0131\u015f BAE | Do\u011fal Vanilya Ma\u011fazas\u0131","isPartOf":{"@id":"https:\/\/naturalvanilla.ae\/ae\/#website"},"primaryImageOfPage":{"@id":"https:\/\/naturalvanilla.ae\/pk\/%d9%88%db%8c%d9%86%d9%84%d8%a7-%d8%a7%db%8c%d8%b3%d9%86%d8%b3\/#primaryimage"},"image":{"@id":"https:\/\/naturalvanilla.ae\/pk\/%d9%88%db%8c%d9%86%d9%84%d8%a7-%d8%a7%db%8c%d8%b3%d9%86%d8%b3\/#primaryimage"},"thumbnailUrl":"https:\/\/naturalvanilla.ae\/wp-content\/uploads\/2023\/08\/Natural-Vanilla-Vanilla-Extract-Traditional-Range.jpg","datePublished":"2019-05-26T02:00:02+00:00","dateModified":"2026-04-30T07:35:51+00:00","description":"Birle\u015fik Arap Emirlikleri'nde helal sertifikal\u0131, ticari ve end\u00fcstriyel kullan\u0131ma uygun, premium kalitede vanilya \u00f6z\u00fcn\u00fc toptan sat\u0131n al\u0131n.","breadcrumb":{"@id":"https:\/\/naturalvanilla.ae\/pk\/%d9%88%db%8c%d9%86%d9%84%d8%a7-%d8%a7%db%8c%d8%b3%d9%86%d8%b3\/#breadcrumb"},"inLanguage":"tr","potentialAction":[{"@type":"ReadAction","target":["https:\/\/naturalvanilla.ae\/pk\/%d9%88%db%8c%d9%86%d9%84%d8%a7-%d8%a7%db%8c%d8%b3%d9%86%d8%b3\/"]}]},{"@type":"ImageObject","inLanguage":"tr","@id":"https:\/\/naturalvanilla.ae\/pk\/%d9%88%db%8c%d9%86%d9%84%d8%a7-%d8%a7%db%8c%d8%b3%d9%86%d8%b3\/#primaryimage","url":"https:\/\/naturalvanilla.ae\/wp-content\/uploads\/2023\/08\/Natural-Vanilla-Vanilla-Extract-Traditional-Range.jpg","contentUrl":"https:\/\/naturalvanilla.ae\/wp-content\/uploads\/2023\/08\/Natural-Vanilla-Vanilla-Extract-Traditional-Range.jpg"},{"@type":"BreadcrumbList","@id":"https:\/\/naturalvanilla.ae\/pk\/%d9%88%db%8c%d9%86%d9%84%d8%a7-%d8%a7%db%8c%d8%b3%d9%86%d8%b3\/#breadcrumb","itemListElement":[{"@type":"ListItem","position":1,"name":"Home","item":"https:\/\/naturalvanilla.ae\/ae\/"},{"@type":"ListItem","position":2,"name":"Vanilla Extract"}]},{"@type":"WebSite","@id":"https:\/\/naturalvanilla.ae\/ae\/#website","url":"https:\/\/naturalvanilla.ae\/ae\/","name":"Do\u011fal Vanilya D\u00fckkan\u0131","description":"Kaliteli Vanilyan\u0131n Ortado\u011fu'daki \u00d6nde Gelen Tedarik\u00e7isi","publisher":{"@id":"https:\/\/naturalvanilla.ae\/ae\/#organization"},"potentialAction":[{"@type":"SearchAction","target":{"@type":"EntryPoint","urlTemplate":"https:\/\/naturalvanilla.ae\/ae\/?s={search_term_string}"},"query-input":{"@type":"PropertyValueSpecification","valueRequired":true,"valueName":"search_term_string"}}],"inLanguage":"tr"},{"@type":"Organization","@id":"https:\/\/naturalvanilla.ae\/ae\/#organization","name":"Do\u011fal Vanilya D\u00fckkan\u0131","url":"https:\/\/naturalvanilla.ae\/ae\/","logo":{"@type":"ImageObject","inLanguage":"tr","@id":"https:\/\/naturalvanilla.ae\/ae\/#\/schema\/logo\/image\/","url":"http:\/\/34.18.104.60\/wp-content\/uploads\/2022\/12\/Natural-Vanilla-Seal-CMYK.png","contentUrl":"http:\/\/34.18.104.60\/wp-content\/uploads\/2022\/12\/Natural-Vanilla-Seal-CMYK.png","width":591,"height":591,"caption":"Natural Vanilla Store"},"image":{"@id":"https:\/\/naturalvanilla.ae\/ae\/#\/schema\/logo\/image\/"},"sameAs":["https:\/\/www.facebook.com\/naturalvanilla.com.au","https:\/\/www.instagram.com\/natural_vanilla_store","https:\/\/www.linkedin.com\/company\/natural-vanilla-pty-ltd\/","https:\/\/www.pinterest.com\/natural_vanilla_store"]}]}},"uagb_featured_image_src":{"full":false,"thumbnail":false,"medium":false,"medium_large":false,"large":false,"1536x1536":false,"2048x2048":false,"trp-custom-language-flag":false,"woocommerce_thumbnail":false,"woocommerce_single":false,"woocommerce_gallery_thumbnail":false},"uagb_author_info":{"display_name":"Natural Vanilla Store","author_link":"http:\/\/34.18.104.60\/tr\/author\/admin\/"},"uagb_comment_info":0,"uagb_excerpt":"Vanilla Extract Production Natural Vanilla Store produce vanilla extract to our own proprietary recipe using fresh vanilla pods and all natural ingredients. Its superior taste is liked by our customers across the world. We have two versions being the standard type which uses alcohol as the preservative and a certified Halal non-alcohol type where all&hellip;","_links":{"self":[{"href":"http:\/\/34.18.104.60\/tr\/wp-json\/wp\/v2\/pages\/126","targetHints":{"allow":["GET"]}}],"collection":[{"href":"http:\/\/34.18.104.60\/tr\/wp-json\/wp\/v2\/pages"}],"about":[{"href":"http:\/\/34.18.104.60\/tr\/wp-json\/wp\/v2\/types\/page"}],"author":[{"embeddable":true,"href":"http:\/\/34.18.104.60\/tr\/wp-json\/wp\/v2\/users\/1"}],"replies":[{"embeddable":true,"href":"http:\/\/34.18.104.60\/tr\/wp-json\/wp\/v2\/comments?post=126"}],"version-history":[{"count":2,"href":"http:\/\/34.18.104.60\/tr\/wp-json\/wp\/v2\/pages\/126\/revisions"}],"predecessor-version":[{"id":6790,"href":"http:\/\/34.18.104.60\/tr\/wp-json\/wp\/v2\/pages\/126\/revisions\/6790"}],"wp:attachment":[{"href":"http:\/\/34.18.104.60\/tr\/wp-json\/wp\/v2\/media?parent=126"}],"curies":[{"name":"wp","href":"https:\/\/api.w.org\/{rel}","templated":true}]}}