{"id":186,"date":"2019-05-26T15:20:14","date_gmt":"2019-05-26T07:20:14","guid":{"rendered":"http:\/\/www.naturalvanilla.net.au\/?page_id=186"},"modified":"2026-04-30T10:02:21","modified_gmt":"2026-04-30T07:02:21","slug":"hakkinda","status":"publish","type":"page","link":"http:\/\/34.18.104.60\/tr\/about\/","title":{"rendered":"Hakk\u0131nda"},"content":{"rendered":"<div style=\"height:30px\" aria-hidden=\"true\" class=\"wp-block-spacer\"><\/div>\n\n\n\n<figure class=\"wp-block-image size-full\"><a href=\"https:\/\/naturalvanilla.ae\/wp-content\/uploads\/2023\/08\/Natural-Vanilla-Store-Liquid-Vanilla-Product-Range.jpg\"><img decoding=\"async\" width=\"1024\" height=\"684\" src=\"https:\/\/naturalvanilla.ae\/wp-content\/uploads\/2023\/08\/Natural-Vanilla-Store-Liquid-Vanilla-Product-Range.jpg\" alt=\"Natural Vanilla Store - S\u0131v\u0131 Vanilya \u00dcr\u00fcn Yelpazesi\" class=\"wp-image-5199\" srcset=\"http:\/\/34.18.104.60\/wp-content\/uploads\/2023\/08\/Natural-Vanilla-Store-Liquid-Vanilla-Product-Range.jpg 1024w, http:\/\/34.18.104.60\/wp-content\/uploads\/2023\/08\/Natural-Vanilla-Store-Liquid-Vanilla-Product-Range-300x200.jpg 300w, http:\/\/34.18.104.60\/wp-content\/uploads\/2023\/08\/Natural-Vanilla-Store-Liquid-Vanilla-Product-Range-768x513.jpg 768w, http:\/\/34.18.104.60\/wp-content\/uploads\/2023\/08\/Natural-Vanilla-Store-Liquid-Vanilla-Product-Range-20x13.jpg 20w, http:\/\/34.18.104.60\/wp-content\/uploads\/2023\/08\/Natural-Vanilla-Store-Liquid-Vanilla-Product-Range-1000x668.jpg 1000w\" sizes=\"(max-width: 1024px) 100vw, 1024px\" \/><\/a><\/figure>\n\n\n\n<p><a href=\"https:\/\/naturalvanilla.ae\/\">Do\u011fal Vanilya D\u00fckkan\u0131<\/a> 2003-2009 y\u0131llar\u0131 aras\u0131nda Jakarta'da gurbet\u00e7i olarak ya\u015fad\u0131ktan sonra, kurucular\u0131m\u0131z uzmanla\u015fm\u0131\u015f d\u00f6kme vanilya tedarik i\u015fi olarak kuruldu. Jakarta'da tar\u0131m ticaretiyle yo\u011fun olarak ilgilendiler ve Cava, Sumatra ve Sulawesi'nin kalbindeki tar\u0131m m\u00fczayedelerine d\u00fczenli olarak kat\u0131ld\u0131lar. Endonezya, d\u00fcnyada vanilya \u00fcretiminde ikinci en b\u00fcy\u00fck \u00fclkedir ve tar\u0131m m\u00fczayedelerine kat\u0131l\u0131m s\u0131ras\u0131nda b\u00f6lgedeki ba\u015fl\u0131ca vanilya yeti\u015ftiricilerinden birka\u00e7\u0131yla tan\u0131\u015ft\u0131r\u0131ld\u0131lar.<\/p>\n\n\n\n<p>Tak\u0131madalar boyunca bu vanilya plantasyonlar\u0131n\u0131 ara\u015ft\u0131rmak \u00fczere kapsaml\u0131 seyahatler yapt\u0131ktan sonra, vanilyan\u0131n \u00e7ok y\u00fcksek kalitede, b\u00f6cek ilac\u0131 i\u00e7ermeyen ve yapay g\u00fcbreler kullan\u0131lmadan organik olarak yeti\u015ftirildi\u011fi birka\u00e7 yer bulundu. Bu plantasyonlarla en y\u00fcksek kalitede s\u00fcrekli bir tedarikin garanti edildi\u011fini teyit eden anla\u015fmalar yap\u0131ld\u0131. <a href=\"https:\/\/en.wikipedia.org\/wiki\/Vanilla\" target=\"_blank\" rel=\"noopener noreferrer\">vanilya<\/a> \u00fcretiliyor.<\/p>\n\n\n\n<p>2009 y\u0131l\u0131n\u0131n sonlar\u0131na do\u011fru kurucular, \u00f6zel bir vanilya da\u011f\u0131t\u0131m ofisi ve depo tesisi kurmak i\u00e7in memleketlerine d\u00f6nd\u00fcler. Natural Vanilla Store, m\u00fc\u015fterilerimize rekabet\u00e7i fiyatlarla y\u00fcksek kaliteli vanilya \u00fcr\u00fcnleri sunarak ve profesyonel d\u00fczeyde hizmet sa\u011flayarak her y\u0131l ba\u015far\u0131yla b\u00fcy\u00fcmeye devam etti. 2017 y\u0131l\u0131nda, Avustralya'da b\u00fcy\u00fck bir toptan vanilya tedarik\u00e7isi olarak kendimizi kan\u0131tlad\u0131ktan sonra, i\u015fimizi Asya, Avrupa, Birle\u015fik Krall\u0131k ve Amerika Birle\u015fik Devletleri'ne uluslararas\u0131 alanda geni\u015flettik.<\/p>\n\n\n\n<p>Natural Vanilla Store olarak m\u00fc\u015fteri hizmetleri, rekabet\u00e7i fiyatlar ve sipari\u015flerinizi h\u0131zl\u0131 i\u015fleme konusundaki kararl\u0131l\u0131\u011f\u0131m\u0131zla gurur duyuyoruz. T\u00fcm sipari\u015fleri bir i\u015f g\u00fcn\u00fc i\u00e7inde paketleyip g\u00f6ndermeyi hedefliyor ve uluslararas\u0131 m\u00fc\u015fterilerin sipari\u015flerini verdikleri g\u00fcnden itibaren 5 i\u015f g\u00fcn\u00fc i\u00e7inde teslim almalar\u0131n\u0131 ama\u00e7l\u0131yoruz. Bu ba\u011fl\u0131l\u0131k, Natural Vanilla Store'un d\u00fcnya genelinde pek \u00e7ok d\u00fczenli ve memnun m\u00fc\u015fteriye sahip olmas\u0131n\u0131 sa\u011flam\u0131\u015ft\u0131r.<\/p>","protected":false},"excerpt":{"rendered":"<p>Natural Vanilla Store was established as a specialist vanilla bulk supply business after our founders spent several years living in Jakarta as expatriates between 2003 to 2009. While in Jakarta they were heavily involved in agricultural trade and regularly attended agricultural auctions in the heart of Java, Sumatra and Sulawesi. Indonesia is the second largest [&hellip;]<\/p>\n","protected":false},"author":1,"featured_media":0,"parent":0,"menu_order":0,"comment_status":"closed","ping_status":"closed","template":"","meta":{"_uag_custom_page_level_css":"","site-sidebar-layout":"right-sidebar","site-content-layout":"plain-container","ast-site-content-layout":"normal-width-container","site-content-style":"unboxed","site-sidebar-style":"unboxed","ast-global-header-display":"","ast-banner-title-visibility":"","ast-main-header-display":"","ast-hfb-above-header-display":"","ast-hfb-below-header-display":"","ast-hfb-mobile-header-display":"","site-post-title":"","ast-breadcrumbs-content":"","ast-featured-img":"","footer-sml-layout":"","ast-disable-related-posts":"","theme-transparent-header-meta":"disabled","adv-header-id-meta":"","stick-header-meta":"","header-above-stick-meta":"","header-main-stick-meta":"","header-below-stick-meta":"","astra-migrate-meta-layouts":"set","ast-page-background-enabled":"default","ast-page-background-meta":{"desktop":{"background-color":"","background-image":"","background-repeat":"repeat","background-position":"center center","background-size":"auto","background-attachment":"scroll","background-type":"","background-media":"","overlay-type":"","overlay-color":"","overlay-opacity":"","overlay-gradient":""},"tablet":{"background-color":"","background-image":"","background-repeat":"repeat","background-position":"center center","background-size":"auto","background-attachment":"scroll","background-type":"","background-media":"","overlay-type":"","overlay-color":"","overlay-opacity":"","overlay-gradient":""},"mobile":{"background-color":"","background-image":"","background-repeat":"repeat","background-position":"center center","background-size":"auto","background-attachment":"scroll","background-type":"","background-media":"","overlay-type":"","overlay-color":"","overlay-opacity":"","overlay-gradient":""}},"ast-content-background-meta":{"desktop":{"background-color":"var(--ast-global-color-5)","background-image":"","background-repeat":"repeat","background-position":"center center","background-size":"auto","background-attachment":"scroll","background-type":"","background-media":"","overlay-type":"","overlay-color":"","overlay-opacity":"","overlay-gradient":""},"tablet":{"background-color":"var(--ast-global-color-5)","background-image":"","background-repeat":"repeat","background-position":"center center","background-size":"auto","background-attachment":"scroll","background-type":"","background-media":"","overlay-type":"","overlay-color":"","overlay-opacity":"","overlay-gradient":""},"mobile":{"background-color":"var(--ast-global-color-5)","background-image":"","background-repeat":"repeat","background-position":"center center","background-size":"auto","background-attachment":"scroll","background-type":"","background-media":"","overlay-type":"","overlay-color":"","overlay-opacity":"","overlay-gradient":""}},"footnotes":""},"class_list":["post-186","page","type-page","status-publish","hentry"],"yoast_head":"<!-- This site is optimized with the Yoast SEO plugin v27.5 - https:\/\/yoast.com\/product\/yoast-seo-wordpress\/ -->\n<title>About Natural Vanilla Store | Vanilla Supplier UAE<\/title>\n<meta name=\"description\" content=\"Learn about Natural Vanilla Store, a trusted vanilla supplier in the UAE offering high-quality vanilla products for wholesale buyers.\" \/>\n<meta name=\"robots\" content=\"index, follow, max-snippet:-1, max-image-preview:large, max-video-preview:-1\" \/>\n<link rel=\"canonical\" href=\"https:\/\/naturalvanilla.ae\/ae\/\u0639\u0646\/\" \/>\n<meta property=\"og:locale\" content=\"tr_TR\" \/>\n<meta property=\"og:type\" content=\"article\" \/>\n<meta property=\"og:title\" content=\"About Natural Vanilla Store | Vanilla Supplier UAE\" \/>\n<meta property=\"og:description\" content=\"Learn about Natural Vanilla Store, a trusted vanilla supplier in the UAE offering high-quality vanilla products for wholesale buyers.\" \/>\n<meta property=\"og:url\" content=\"https:\/\/naturalvanilla.ae\/ae\/\u0639\u0646\/\" \/>\n<meta property=\"og:site_name\" content=\"Natural Vanilla Middle East\" \/>\n<meta property=\"article:publisher\" content=\"https:\/\/www.facebook.com\/naturalvanilla.com.au\" \/>\n<meta property=\"article:modified_time\" content=\"2026-04-30T07:02:21+00:00\" \/>\n<meta property=\"og:image\" content=\"https:\/\/naturalvanilla.ae\/wp-content\/uploads\/2023\/08\/Natural-Vanilla-Store-Liquid-Vanilla-Product-Range.jpg\" \/>\n<meta name=\"twitter:card\" content=\"summary_large_image\" \/>\n<meta name=\"twitter:label1\" content=\"Tahmini okuma s\u00fcresi\" \/>\n\t<meta name=\"twitter:data1\" content=\"2 dakika\" \/>\n<script type=\"application\/ld+json\" class=\"yoast-schema-graph\">{\"@context\":\"https:\\\/\\\/schema.org\",\"@graph\":[{\"@type\":\"WebPage\",\"@id\":\"https:\\\/\\\/naturalvanilla.ae\\\/ae\\\/%d8%b9%d9%86\\\/\",\"url\":\"https:\\\/\\\/naturalvanilla.ae\\\/ae\\\/%d8%b9%d9%86\\\/\",\"name\":\"About Natural Vanilla Store | Vanilla Supplier UAE\",\"isPartOf\":{\"@id\":\"https:\\\/\\\/naturalvanilla.ae\\\/ae\\\/#website\"},\"primaryImageOfPage\":{\"@id\":\"https:\\\/\\\/naturalvanilla.ae\\\/ae\\\/%d8%b9%d9%86\\\/#primaryimage\"},\"image\":{\"@id\":\"https:\\\/\\\/naturalvanilla.ae\\\/ae\\\/%d8%b9%d9%86\\\/#primaryimage\"},\"thumbnailUrl\":\"https:\\\/\\\/naturalvanilla.ae\\\/wp-content\\\/uploads\\\/2023\\\/08\\\/Natural-Vanilla-Store-Liquid-Vanilla-Product-Range.jpg\",\"datePublished\":\"2019-05-26T07:20:14+00:00\",\"dateModified\":\"2026-04-30T07:02:21+00:00\",\"description\":\"Learn about Natural Vanilla Store, a trusted vanilla supplier in the UAE offering high-quality vanilla products for wholesale buyers.\",\"breadcrumb\":{\"@id\":\"https:\\\/\\\/naturalvanilla.ae\\\/ae\\\/%d8%b9%d9%86\\\/#breadcrumb\"},\"inLanguage\":\"tr\",\"potentialAction\":[{\"@type\":\"ReadAction\",\"target\":[\"https:\\\/\\\/naturalvanilla.ae\\\/ae\\\/%d8%b9%d9%86\\\/\"]}]},{\"@type\":\"ImageObject\",\"inLanguage\":\"tr\",\"@id\":\"https:\\\/\\\/naturalvanilla.ae\\\/ae\\\/%d8%b9%d9%86\\\/#primaryimage\",\"url\":\"https:\\\/\\\/naturalvanilla.ae\\\/wp-content\\\/uploads\\\/2023\\\/08\\\/Natural-Vanilla-Store-Liquid-Vanilla-Product-Range.jpg\",\"contentUrl\":\"https:\\\/\\\/naturalvanilla.ae\\\/wp-content\\\/uploads\\\/2023\\\/08\\\/Natural-Vanilla-Store-Liquid-Vanilla-Product-Range.jpg\"},{\"@type\":\"BreadcrumbList\",\"@id\":\"https:\\\/\\\/naturalvanilla.ae\\\/ae\\\/%d8%b9%d9%86\\\/#breadcrumb\",\"itemListElement\":[{\"@type\":\"ListItem\",\"position\":1,\"name\":\"Home\",\"item\":\"https:\\\/\\\/naturalvanilla.ae\\\/ae\\\/\"},{\"@type\":\"ListItem\",\"position\":2,\"name\":\"About\"}]},{\"@type\":\"WebSite\",\"@id\":\"https:\\\/\\\/naturalvanilla.ae\\\/ae\\\/#website\",\"url\":\"https:\\\/\\\/naturalvanilla.ae\\\/ae\\\/\",\"name\":\"Natural Vanilla Store\",\"description\":\"Leading Middle East Supplier of Quality Vanilla\",\"publisher\":{\"@id\":\"https:\\\/\\\/naturalvanilla.ae\\\/ae\\\/#organization\"},\"potentialAction\":[{\"@type\":\"SearchAction\",\"target\":{\"@type\":\"EntryPoint\",\"urlTemplate\":\"https:\\\/\\\/naturalvanilla.ae\\\/ae\\\/?s={search_term_string}\"},\"query-input\":{\"@type\":\"PropertyValueSpecification\",\"valueRequired\":true,\"valueName\":\"search_term_string\"}}],\"inLanguage\":\"tr\"},{\"@type\":\"Organization\",\"@id\":\"https:\\\/\\\/naturalvanilla.ae\\\/ae\\\/#organization\",\"name\":\"Natural Vanilla Store\",\"url\":\"https:\\\/\\\/naturalvanilla.ae\\\/ae\\\/\",\"logo\":{\"@type\":\"ImageObject\",\"inLanguage\":\"tr\",\"@id\":\"https:\\\/\\\/naturalvanilla.ae\\\/ae\\\/#\\\/schema\\\/logo\\\/image\\\/\",\"url\":\"http:\\\/\\\/34.18.104.60\\\/wp-content\\\/uploads\\\/2022\\\/12\\\/Natural-Vanilla-Seal-CMYK.png\",\"contentUrl\":\"http:\\\/\\\/34.18.104.60\\\/wp-content\\\/uploads\\\/2022\\\/12\\\/Natural-Vanilla-Seal-CMYK.png\",\"width\":591,\"height\":591,\"caption\":\"Natural Vanilla Store\"},\"image\":{\"@id\":\"https:\\\/\\\/naturalvanilla.ae\\\/ae\\\/#\\\/schema\\\/logo\\\/image\\\/\"},\"sameAs\":[\"https:\\\/\\\/www.facebook.com\\\/naturalvanilla.com.au\",\"https:\\\/\\\/www.instagram.com\\\/natural_vanilla_store\",\"https:\\\/\\\/www.linkedin.com\\\/company\\\/natural-vanilla-pty-ltd\\\/\",\"https:\\\/\\\/www.pinterest.com\\\/natural_vanilla_store\"]}]}<\/script>\n<!-- \/ Yoast SEO plugin. -->","yoast_head_json":{"title":"Do\u011fal Vanilya Ma\u011fazas\u0131 Hakk\u0131nda | Vanilya Tedarik\u00e7isi BAE","description":"Birle\u015fik Arap Emirlikleri'nde g\u00fcvenilir bir vanilya tedarik\u00e7isi olan ve toptan al\u0131c\u0131lar i\u00e7in y\u00fcksek kaliteli vanilya \u00fcr\u00fcnleri sunan Natural Vanilla Store hakk\u0131nda bilgi edinin.","robots":{"index":"index","follow":"follow","max-snippet":"max-snippet:-1","max-image-preview":"max-image-preview:large","max-video-preview":"max-video-preview:-1"},"canonical":"https:\/\/naturalvanilla.ae\/ae\/\u0639\u0646\/","og_locale":"tr_TR","og_type":"article","og_title":"About Natural Vanilla Store | Vanilla Supplier UAE","og_description":"Learn about Natural Vanilla Store, a trusted vanilla supplier in the UAE offering high-quality vanilla products for wholesale buyers.","og_url":"https:\/\/naturalvanilla.ae\/ae\/\u0639\u0646\/","og_site_name":"Natural Vanilla Middle East","article_publisher":"https:\/\/www.facebook.com\/naturalvanilla.com.au","article_modified_time":"2026-04-30T07:02:21+00:00","og_image":[{"url":"https:\/\/naturalvanilla.ae\/wp-content\/uploads\/2023\/08\/Natural-Vanilla-Store-Liquid-Vanilla-Product-Range.jpg","type":"","width":"","height":""}],"twitter_card":"summary_large_image","twitter_misc":{"Tahmini okuma s\u00fcresi":"2 dakika"},"schema":{"@context":"https:\/\/schema.org","@graph":[{"@type":"WebPage","@id":"https:\/\/naturalvanilla.ae\/ae\/%d8%b9%d9%86\/","url":"https:\/\/naturalvanilla.ae\/ae\/%d8%b9%d9%86\/","name":"Do\u011fal Vanilya Ma\u011fazas\u0131 Hakk\u0131nda | Vanilya Tedarik\u00e7isi BAE","isPartOf":{"@id":"https:\/\/naturalvanilla.ae\/ae\/#website"},"primaryImageOfPage":{"@id":"https:\/\/naturalvanilla.ae\/ae\/%d8%b9%d9%86\/#primaryimage"},"image":{"@id":"https:\/\/naturalvanilla.ae\/ae\/%d8%b9%d9%86\/#primaryimage"},"thumbnailUrl":"https:\/\/naturalvanilla.ae\/wp-content\/uploads\/2023\/08\/Natural-Vanilla-Store-Liquid-Vanilla-Product-Range.jpg","datePublished":"2019-05-26T07:20:14+00:00","dateModified":"2026-04-30T07:02:21+00:00","description":"Birle\u015fik Arap Emirlikleri'nde g\u00fcvenilir bir vanilya tedarik\u00e7isi olan ve toptan al\u0131c\u0131lar i\u00e7in y\u00fcksek kaliteli vanilya \u00fcr\u00fcnleri sunan Natural Vanilla Store hakk\u0131nda bilgi edinin.","breadcrumb":{"@id":"https:\/\/naturalvanilla.ae\/ae\/%d8%b9%d9%86\/#breadcrumb"},"inLanguage":"tr","potentialAction":[{"@type":"ReadAction","target":["https:\/\/naturalvanilla.ae\/ae\/%d8%b9%d9%86\/"]}]},{"@type":"ImageObject","inLanguage":"tr","@id":"https:\/\/naturalvanilla.ae\/ae\/%d8%b9%d9%86\/#primaryimage","url":"https:\/\/naturalvanilla.ae\/wp-content\/uploads\/2023\/08\/Natural-Vanilla-Store-Liquid-Vanilla-Product-Range.jpg","contentUrl":"https:\/\/naturalvanilla.ae\/wp-content\/uploads\/2023\/08\/Natural-Vanilla-Store-Liquid-Vanilla-Product-Range.jpg"},{"@type":"BreadcrumbList","@id":"https:\/\/naturalvanilla.ae\/ae\/%d8%b9%d9%86\/#breadcrumb","itemListElement":[{"@type":"ListItem","position":1,"name":"Home","item":"https:\/\/naturalvanilla.ae\/ae\/"},{"@type":"ListItem","position":2,"name":"About"}]},{"@type":"WebSite","@id":"https:\/\/naturalvanilla.ae\/ae\/#website","url":"https:\/\/naturalvanilla.ae\/ae\/","name":"Do\u011fal Vanilya D\u00fckkan\u0131","description":"Kaliteli Vanilyan\u0131n Ortado\u011fu'daki \u00d6nde Gelen Tedarik\u00e7isi","publisher":{"@id":"https:\/\/naturalvanilla.ae\/ae\/#organization"},"potentialAction":[{"@type":"SearchAction","target":{"@type":"EntryPoint","urlTemplate":"https:\/\/naturalvanilla.ae\/ae\/?s={search_term_string}"},"query-input":{"@type":"PropertyValueSpecification","valueRequired":true,"valueName":"search_term_string"}}],"inLanguage":"tr"},{"@type":"Organization","@id":"https:\/\/naturalvanilla.ae\/ae\/#organization","name":"Do\u011fal Vanilya D\u00fckkan\u0131","url":"https:\/\/naturalvanilla.ae\/ae\/","logo":{"@type":"ImageObject","inLanguage":"tr","@id":"https:\/\/naturalvanilla.ae\/ae\/#\/schema\/logo\/image\/","url":"http:\/\/34.18.104.60\/wp-content\/uploads\/2022\/12\/Natural-Vanilla-Seal-CMYK.png","contentUrl":"http:\/\/34.18.104.60\/wp-content\/uploads\/2022\/12\/Natural-Vanilla-Seal-CMYK.png","width":591,"height":591,"caption":"Natural Vanilla Store"},"image":{"@id":"https:\/\/naturalvanilla.ae\/ae\/#\/schema\/logo\/image\/"},"sameAs":["https:\/\/www.facebook.com\/naturalvanilla.com.au","https:\/\/www.instagram.com\/natural_vanilla_store","https:\/\/www.linkedin.com\/company\/natural-vanilla-pty-ltd\/","https:\/\/www.pinterest.com\/natural_vanilla_store"]}]}},"uagb_featured_image_src":{"full":false,"thumbnail":false,"medium":false,"medium_large":false,"large":false,"1536x1536":false,"2048x2048":false,"trp-custom-language-flag":false,"woocommerce_thumbnail":false,"woocommerce_single":false,"woocommerce_gallery_thumbnail":false},"uagb_author_info":{"display_name":"Natural Vanilla Store","author_link":"http:\/\/34.18.104.60\/tr\/author\/admin\/"},"uagb_comment_info":0,"uagb_excerpt":"Natural Vanilla Store was established as a specialist vanilla bulk supply business after our founders spent several years living in Jakarta as expatriates between 2003 to 2009. While in Jakarta they were heavily involved in agricultural trade and regularly attended agricultural auctions in the heart of Java, Sumatra and Sulawesi. Indonesia is the second largest&hellip;","_links":{"self":[{"href":"http:\/\/34.18.104.60\/tr\/wp-json\/wp\/v2\/pages\/186","targetHints":{"allow":["GET"]}}],"collection":[{"href":"http:\/\/34.18.104.60\/tr\/wp-json\/wp\/v2\/pages"}],"about":[{"href":"http:\/\/34.18.104.60\/tr\/wp-json\/wp\/v2\/types\/page"}],"author":[{"embeddable":true,"href":"http:\/\/34.18.104.60\/tr\/wp-json\/wp\/v2\/users\/1"}],"replies":[{"embeddable":true,"href":"http:\/\/34.18.104.60\/tr\/wp-json\/wp\/v2\/comments?post=186"}],"version-history":[{"count":17,"href":"http:\/\/34.18.104.60\/tr\/wp-json\/wp\/v2\/pages\/186\/revisions"}],"predecessor-version":[{"id":6800,"href":"http:\/\/34.18.104.60\/tr\/wp-json\/wp\/v2\/pages\/186\/revisions\/6800"}],"wp:attachment":[{"href":"http:\/\/34.18.104.60\/tr\/wp-json\/wp\/v2\/media?parent=186"}],"curies":[{"name":"wp","href":"https:\/\/api.w.org\/{rel}","templated":true}]}}