{"id":195,"date":"2019-05-26T15:30:21","date_gmt":"2019-05-26T15:30:21","guid":{"rendered":"http:\/\/www.naturalvanilla.net.au\/?page_id=195"},"modified":"2026-04-30T10:37:37","modified_gmt":"2026-04-30T07:37:37","slug":"vanilya-urunleri","status":"publish","type":"page","link":"http:\/\/34.18.104.60\/tr\/vanilla-products\/","title":{"rendered":"Vanilya \u00dcr\u00fcnleri"},"content":{"rendered":"<figure class=\"wp-block-image aligncenter size-full is-style-default\"><a href=\"https:\/\/naturalvanilla.ae\/wp-content\/uploads\/2023\/08\/Natural-Vanilla-Store-Vanilla-Product-Range-Landscape.jpg\"><img decoding=\"async\" width=\"1024\" height=\"705\" src=\"https:\/\/naturalvanilla.ae\/wp-content\/uploads\/2023\/08\/Natural-Vanilla-Store-Vanilla-Product-Range-Landscape.jpg\" alt=\"Do\u011fal Vanilya Ma\u011fazas\u0131 - Vanilya \u00dcr\u00fcn Yelpazesi Manzaras\u0131\" class=\"wp-image-5203\" srcset=\"http:\/\/34.18.104.60\/wp-content\/uploads\/2023\/08\/Natural-Vanilla-Store-Vanilla-Product-Range-Landscape.jpg 1024w, http:\/\/34.18.104.60\/wp-content\/uploads\/2023\/08\/Natural-Vanilla-Store-Vanilla-Product-Range-Landscape-300x207.jpg 300w, http:\/\/34.18.104.60\/wp-content\/uploads\/2023\/08\/Natural-Vanilla-Store-Vanilla-Product-Range-Landscape-768x529.jpg 768w, http:\/\/34.18.104.60\/wp-content\/uploads\/2023\/08\/Natural-Vanilla-Store-Vanilla-Product-Range-Landscape-20x14.jpg 20w, http:\/\/34.18.104.60\/wp-content\/uploads\/2023\/08\/Natural-Vanilla-Store-Vanilla-Product-Range-Landscape-1000x688.jpg 1000w\" sizes=\"(max-width: 1024px) 100vw, 1024px\" \/><\/a><figcaption class=\"wp-element-caption\">Do\u011fal Vanilya \u00dcr\u00fcnleri<\/figcaption><\/figure>\n\n\n\n<h3 class=\"wp-block-heading alignwide\">Do\u011fal Vanilya Ma\u011fazas\u0131 \u00dcr\u00fcn Yelpazesi<\/h3>\n\n\n\n<p>Yukar\u0131da resmi yer alan Natural Vanilla Store \u00fcr\u00fcn yelpazesi, \u00f6\u011f\u00fct\u00fclm\u00fc\u015f vanilya tozu, vanilya tohumlar\u0131, vanilya \u00f6z\u00fc ve vanilya ezmesi dahil olmak \u00fczere \u00fcretti\u011fimiz \u00e7e\u015fitli y\u00fcksek kaliteli vanilya \u00fcr\u00fcnlerini i\u00e7ermektedir. \u00dcretim hacmimiz, m\u00fc\u015fterilerimizin ihtiya\u00e7lar\u0131n\u0131 kar\u015f\u0131lamak i\u00e7in uygun stok seviyelerini korudu\u011fumuzu garanti etmek amac\u0131yla g\u00fcvenilir, kalite g\u00fcvencesi verilmi\u015f tedarik\u00e7ilerden tamamlanmaktad\u0131r. T\u00fcm \u00fcr\u00fcnlerimizde ana bile\u015fen olarak yaln\u0131zca son derece ho\u015f kokulu vanilya \u00e7ubuklar\u0131 kulland\u0131\u011f\u0131m\u0131z i\u00e7in, vanilya \u00fcr\u00fcnlerimizin kullan\u0131m\u0131ndan elde edilen g\u0131dalara kazand\u0131rd\u0131\u011f\u0131 aroma ve lezzet son derece iyidir.<\/p>\n\n\n\n<div class=\"wp-block-uagb-image aligncenter uagb-block-92a75537 wp-block-uagb-image--layout-default wp-block-uagb-image--effect-static wp-block-uagb-image--align-center\"><figure class=\"wp-block-uagb-image__figure\"><a class=\"\" href=\"https:\/\/naturalvanilla.ae\/wp-content\/uploads\/2023\/08\/Natural-Vanilla-Full-Vanilla-Product-Range.jpg\" target=\"\" rel=\"noopener\"><img decoding=\"async\" srcset=\"http:\/\/naturalvanilla.ae\/wp-content\/uploads\/2023\/08\/Natural-Vanilla-Full-Vanilla-Product-Range-1024x262.jpg \" sizes=\"auto, (max-width: 480px) 150px\" src=\"http:\/\/naturalvanilla.ae\/wp-content\/uploads\/2023\/08\/Natural-Vanilla-Full-Vanilla-Product-Range-1024x262.jpg\" alt=\"Do\u011fal Vanilya - T\u00fcm Vanilya \u00dcr\u00fcn Yelpazesi\" class=\"uag-image-5194\" width=\"1024\" height=\"262\" title=\"\" loading=\"lazy\"\/><\/a><\/figure><\/div>\n\n\n\n<div style=\"height:30px\" aria-hidden=\"true\" class=\"wp-block-spacer\"><\/div>\n\n\n\n<h3 class=\"wp-block-heading alignwide\">Vanilya Kullan\u0131mlar\u0131<\/h3>\n\n\n\n<p>D\u00fcnyan\u0131n en pop\u00fcler aromas\u0131 ve lezzeti olarak kabul edilen vanilya, g\u0131da, i\u00e7ecek ve kozmetik \u00fcr\u00fcnlerinde yayg\u0131n olarak kullan\u0131lan bir malzemedir. Bir\u00e7ok ticari m\u00fc\u015fterimizin \u00fcr\u00fcnlerimizi kulland\u0131\u011f\u0131 baz\u0131 g\u0131dalar \u015funlard\u0131r: <a href=\"https:\/\/en.wikipedia.org\/wiki\/Ice_cream\" target=\"_blank\" rel=\"noopener noreferrer\">dondurma<\/a>, protein shakeleri, \u00e7ikolata, \u00e7ay kar\u0131\u015f\u0131mlar\u0131, chai latte kar\u0131\u015f\u0131mlar\u0131, kahve, muhallebi, yo\u011furt ve kurabiye ve pasta gibi unlu mamuller.<\/p>\n\n\n\n<h3 class=\"wp-block-heading alignwide\">Ana Vanilya Haz\u0131rl\u0131klar\u0131<\/h3>\n\n\n\n<p>G\u0131dalarda do\u011fal vanilya aromas\u0131, \u00e7e\u015fitli formlardaki vanilya, s\u0131v\u0131 kar\u0131\u015f\u0131ma eklenerek elde edilir. Do\u011fal vanilya, yiyecek ve i\u00e7eceklere sar\u0131dan kahverengiye kadar bir renk verir, rengin yo\u011funlu\u011fu konsantrasyona ba\u011fl\u0131d\u0131r. Ayr\u0131ca, yiyece\u011fin i\u00e7inde bulunan k\u00fc\u00e7\u00fck vanilya tohumlar\u0131n\u0131n izleri, yeme\u011fin haz\u0131rlanmas\u0131nda ger\u00e7ek vanilya kullan\u0131ld\u0131\u011f\u0131n\u0131n kan\u0131t\u0131 olarak g\u00f6r\u00fclecektir. D\u00fcnyada yayg\u0131n olarak kullan\u0131lan do\u011fal vanilyan\u0131n d\u00f6rt ana ticari preparat\u0131 a\u015fa\u011f\u0131dad\u0131r. Natural Vanilla taraf\u0131ndan \u00fcretilen bu \u00fcr\u00fcnler hakk\u0131nda daha fazla ayr\u0131nt\u0131 g\u00f6rmek i\u00e7in ba\u011flant\u0131y\u0131 takip edin:<\/p>\n\n\n\n<p class=\"has-text-align-center\">Vanilya \u00c7ubuklar\u0131 | Vanilya Tozu | Vanilya Tohumlar\u0131 | Vanilya \u00d6z\u00fct\u00fc | Vanilya Ezmesi<\/p>\n\n\n\n<p><\/p>","protected":false},"excerpt":{"rendered":"<p>Natural Vanilla Store Product Range Natural Vanilla Store product range pictured above include a variety of high quality vanilla products that we produce including Ground Vanilla Powder, Vanilla Seeds, Vanilla Bean Extract and Vanilla Bean Paste. The volume that we produce is supplemented from trusted quality assured suppliers to ensure that we maintain suitable stock [&hellip;]<\/p>\n","protected":false},"author":1,"featured_media":0,"parent":0,"menu_order":0,"comment_status":"closed","ping_status":"closed","template":"","meta":{"_uag_custom_page_level_css":"","site-sidebar-layout":"default","site-content-layout":"default","ast-site-content-layout":"default","site-content-style":"default","site-sidebar-style":"default","ast-global-header-display":"","ast-banner-title-visibility":"","ast-main-header-display":"","ast-hfb-above-header-display":"","ast-hfb-below-header-display":"","ast-hfb-mobile-header-display":"","site-post-title":"","ast-breadcrumbs-content":"","ast-featured-img":"","footer-sml-layout":"","ast-disable-related-posts":"","theme-transparent-header-meta":"default","adv-header-id-meta":"","stick-header-meta":"","header-above-stick-meta":"","header-main-stick-meta":"","header-below-stick-meta":"","astra-migrate-meta-layouts":"set","ast-page-background-enabled":"default","ast-page-background-meta":{"desktop":{"background-color":"","background-image":"","background-repeat":"repeat","background-position":"center center","background-size":"auto","background-attachment":"scroll","background-type":"","background-media":"","overlay-type":"","overlay-color":"","overlay-opacity":"","overlay-gradient":""},"tablet":{"background-color":"","background-image":"","background-repeat":"repeat","background-position":"center center","background-size":"auto","background-attachment":"scroll","background-type":"","background-media":"","overlay-type":"","overlay-color":"","overlay-opacity":"","overlay-gradient":""},"mobile":{"background-color":"","background-image":"","background-repeat":"repeat","background-position":"center center","background-size":"auto","background-attachment":"scroll","background-type":"","background-media":"","overlay-type":"","overlay-color":"","overlay-opacity":"","overlay-gradient":""}},"ast-content-background-meta":{"desktop":{"background-color":"var(--ast-global-color-5)","background-image":"","background-repeat":"repeat","background-position":"center center","background-size":"auto","background-attachment":"scroll","background-type":"","background-media":"","overlay-type":"","overlay-color":"","overlay-opacity":"","overlay-gradient":""},"tablet":{"background-color":"var(--ast-global-color-5)","background-image":"","background-repeat":"repeat","background-position":"center center","background-size":"auto","background-attachment":"scroll","background-type":"","background-media":"","overlay-type":"","overlay-color":"","overlay-opacity":"","overlay-gradient":""},"mobile":{"background-color":"var(--ast-global-color-5)","background-image":"","background-repeat":"repeat","background-position":"center center","background-size":"auto","background-attachment":"scroll","background-type":"","background-media":"","overlay-type":"","overlay-color":"","overlay-opacity":"","overlay-gradient":""}},"footnotes":""},"class_list":["post-195","page","type-page","status-publish","hentry"],"yoast_head":"<!-- This site is optimized with the Yoast SEO plugin v27.5 - https:\/\/yoast.com\/product\/yoast-seo-wordpress\/ -->\n<title>Halal Vanilla Products Wholesale UAE | Natural Vanilla Store<\/title>\n<meta name=\"description\" content=\"Explore our range of wholesale vanilla products in the UAE, including beans, extract, powder, and paste with premium quality.\" \/>\n<meta name=\"robots\" content=\"index, follow, max-snippet:-1, max-image-preview:large, max-video-preview:-1\" \/>\n<link rel=\"canonical\" href=\"https:\/\/60.104.18.34.bc.googleusercontent.com\/eg\/\u0645\u0646\u062a\u062c\u0627\u062a-\u0627\u0644\u0641\u0627\u0646\u064a\u0644\u064a\u0627\/\" \/>\n<meta property=\"og:locale\" content=\"tr_TR\" \/>\n<meta property=\"og:type\" content=\"article\" \/>\n<meta property=\"og:title\" content=\"Halal Vanilla Products Wholesale UAE | Natural Vanilla Store\" \/>\n<meta property=\"og:description\" content=\"Explore our range of wholesale vanilla products in the UAE, including beans, extract, powder, and paste with premium quality.\" \/>\n<meta property=\"og:url\" content=\"https:\/\/60.104.18.34.bc.googleusercontent.com\/eg\/\u0645\u0646\u062a\u062c\u0627\u062a-\u0627\u0644\u0641\u0627\u0646\u064a\u0644\u064a\u0627\/\" \/>\n<meta property=\"og:site_name\" content=\"Natural Vanilla Middle East\" \/>\n<meta property=\"article:publisher\" content=\"https:\/\/www.facebook.com\/naturalvanilla.com.au\" \/>\n<meta property=\"article:modified_time\" content=\"2026-04-30T07:37:37+00:00\" \/>\n<meta property=\"og:image\" content=\"https:\/\/naturalvanilla.ae\/wp-content\/uploads\/2023\/08\/Natural-Vanilla-Store-Vanilla-Product-Range-Landscape.jpg\" \/>\n<meta name=\"twitter:card\" content=\"summary_large_image\" \/>\n<meta name=\"twitter:label1\" content=\"Tahmini okuma s\u00fcresi\" \/>\n\t<meta name=\"twitter:data1\" content=\"2 dakika\" \/>\n<script type=\"application\/ld+json\" class=\"yoast-schema-graph\">{\"@context\":\"https:\\\/\\\/schema.org\",\"@graph\":[{\"@type\":\"WebPage\",\"@id\":\"https:\\\/\\\/60.104.18.34.bc.googleusercontent.com\\\/eg\\\/%d9%85%d9%86%d8%aa%d8%ac%d8%a7%d8%aa-%d8%a7%d9%84%d9%81%d8%a7%d9%86%d9%8a%d9%84%d9%8a%d8%a7\\\/\",\"url\":\"https:\\\/\\\/60.104.18.34.bc.googleusercontent.com\\\/eg\\\/%d9%85%d9%86%d8%aa%d8%ac%d8%a7%d8%aa-%d8%a7%d9%84%d9%81%d8%a7%d9%86%d9%8a%d9%84%d9%8a%d8%a7\\\/\",\"name\":\"Halal Vanilla Products Wholesale UAE | Natural Vanilla Store\",\"isPartOf\":{\"@id\":\"https:\\\/\\\/naturalvanilla.ae\\\/ae\\\/#website\"},\"primaryImageOfPage\":{\"@id\":\"https:\\\/\\\/60.104.18.34.bc.googleusercontent.com\\\/eg\\\/%d9%85%d9%86%d8%aa%d8%ac%d8%a7%d8%aa-%d8%a7%d9%84%d9%81%d8%a7%d9%86%d9%8a%d9%84%d9%8a%d8%a7\\\/#primaryimage\"},\"image\":{\"@id\":\"https:\\\/\\\/60.104.18.34.bc.googleusercontent.com\\\/eg\\\/%d9%85%d9%86%d8%aa%d8%ac%d8%a7%d8%aa-%d8%a7%d9%84%d9%81%d8%a7%d9%86%d9%8a%d9%84%d9%8a%d8%a7\\\/#primaryimage\"},\"thumbnailUrl\":\"https:\\\/\\\/naturalvanilla.ae\\\/wp-content\\\/uploads\\\/2023\\\/08\\\/Natural-Vanilla-Store-Vanilla-Product-Range-Landscape.jpg\",\"datePublished\":\"2019-05-26T15:30:21+00:00\",\"dateModified\":\"2026-04-30T07:37:37+00:00\",\"description\":\"Explore our range of wholesale vanilla products in the UAE, including beans, extract, powder, and paste with premium quality.\",\"breadcrumb\":{\"@id\":\"https:\\\/\\\/60.104.18.34.bc.googleusercontent.com\\\/eg\\\/%d9%85%d9%86%d8%aa%d8%ac%d8%a7%d8%aa-%d8%a7%d9%84%d9%81%d8%a7%d9%86%d9%8a%d9%84%d9%8a%d8%a7\\\/#breadcrumb\"},\"inLanguage\":\"tr\",\"potentialAction\":[{\"@type\":\"ReadAction\",\"target\":[\"https:\\\/\\\/60.104.18.34.bc.googleusercontent.com\\\/eg\\\/%d9%85%d9%86%d8%aa%d8%ac%d8%a7%d8%aa-%d8%a7%d9%84%d9%81%d8%a7%d9%86%d9%8a%d9%84%d9%8a%d8%a7\\\/\"]}]},{\"@type\":\"ImageObject\",\"inLanguage\":\"tr\",\"@id\":\"https:\\\/\\\/60.104.18.34.bc.googleusercontent.com\\\/eg\\\/%d9%85%d9%86%d8%aa%d8%ac%d8%a7%d8%aa-%d8%a7%d9%84%d9%81%d8%a7%d9%86%d9%8a%d9%84%d9%8a%d8%a7\\\/#primaryimage\",\"url\":\"https:\\\/\\\/naturalvanilla.ae\\\/wp-content\\\/uploads\\\/2023\\\/08\\\/Natural-Vanilla-Store-Vanilla-Product-Range-Landscape.jpg\",\"contentUrl\":\"https:\\\/\\\/naturalvanilla.ae\\\/wp-content\\\/uploads\\\/2023\\\/08\\\/Natural-Vanilla-Store-Vanilla-Product-Range-Landscape.jpg\"},{\"@type\":\"BreadcrumbList\",\"@id\":\"https:\\\/\\\/60.104.18.34.bc.googleusercontent.com\\\/eg\\\/%d9%85%d9%86%d8%aa%d8%ac%d8%a7%d8%aa-%d8%a7%d9%84%d9%81%d8%a7%d9%86%d9%8a%d9%84%d9%8a%d8%a7\\\/#breadcrumb\",\"itemListElement\":[{\"@type\":\"ListItem\",\"position\":1,\"name\":\"Home\",\"item\":\"https:\\\/\\\/naturalvanilla.ae\\\/ae\\\/\"},{\"@type\":\"ListItem\",\"position\":2,\"name\":\"Vanilla Products\"}]},{\"@type\":\"WebSite\",\"@id\":\"https:\\\/\\\/naturalvanilla.ae\\\/ae\\\/#website\",\"url\":\"https:\\\/\\\/naturalvanilla.ae\\\/ae\\\/\",\"name\":\"Natural Vanilla Store\",\"description\":\"Leading Middle East Supplier of Quality Vanilla\",\"publisher\":{\"@id\":\"https:\\\/\\\/naturalvanilla.ae\\\/ae\\\/#organization\"},\"potentialAction\":[{\"@type\":\"SearchAction\",\"target\":{\"@type\":\"EntryPoint\",\"urlTemplate\":\"https:\\\/\\\/naturalvanilla.ae\\\/ae\\\/?s={search_term_string}\"},\"query-input\":{\"@type\":\"PropertyValueSpecification\",\"valueRequired\":true,\"valueName\":\"search_term_string\"}}],\"inLanguage\":\"tr\"},{\"@type\":\"Organization\",\"@id\":\"https:\\\/\\\/naturalvanilla.ae\\\/ae\\\/#organization\",\"name\":\"Natural Vanilla Store\",\"url\":\"https:\\\/\\\/naturalvanilla.ae\\\/ae\\\/\",\"logo\":{\"@type\":\"ImageObject\",\"inLanguage\":\"tr\",\"@id\":\"https:\\\/\\\/naturalvanilla.ae\\\/ae\\\/#\\\/schema\\\/logo\\\/image\\\/\",\"url\":\"http:\\\/\\\/34.18.104.60\\\/wp-content\\\/uploads\\\/2022\\\/12\\\/Natural-Vanilla-Seal-CMYK.png\",\"contentUrl\":\"http:\\\/\\\/34.18.104.60\\\/wp-content\\\/uploads\\\/2022\\\/12\\\/Natural-Vanilla-Seal-CMYK.png\",\"width\":591,\"height\":591,\"caption\":\"Natural Vanilla Store\"},\"image\":{\"@id\":\"https:\\\/\\\/naturalvanilla.ae\\\/ae\\\/#\\\/schema\\\/logo\\\/image\\\/\"},\"sameAs\":[\"https:\\\/\\\/www.facebook.com\\\/naturalvanilla.com.au\",\"https:\\\/\\\/www.instagram.com\\\/natural_vanilla_store\",\"https:\\\/\\\/www.linkedin.com\\\/company\\\/natural-vanilla-pty-ltd\\\/\",\"https:\\\/\\\/www.pinterest.com\\\/natural_vanilla_store\"]}]}<\/script>\n<!-- \/ Yoast SEO plugin. -->","yoast_head_json":{"title":"BAE'de Helal Vanilya \u00dcr\u00fcnleri Toptan Sat\u0131\u015f | Do\u011fal Vanilya Ma\u011fazas\u0131","description":"BAE'deki toptan vanilya \u00fcr\u00fcnleri, birinci kalite \u00e7ekirdek, \u00f6z\u00fct, toz ve ezme \u00e7e\u015fitlerini ke\u015ffedin.","robots":{"index":"index","follow":"follow","max-snippet":"max-snippet:-1","max-image-preview":"max-image-preview:large","max-video-preview":"max-video-preview:-1"},"canonical":"https:\/\/60.104.18.34.bc.googleusercontent.com\/eg\/\u0645\u0646\u062a\u062c\u0627\u062a-\u0627\u0644\u0641\u0627\u0646\u064a\u0644\u064a\u0627\/","og_locale":"tr_TR","og_type":"article","og_title":"Halal Vanilla Products Wholesale UAE | Natural Vanilla Store","og_description":"Explore our range of wholesale vanilla products in the UAE, including beans, extract, powder, and paste with premium quality.","og_url":"https:\/\/60.104.18.34.bc.googleusercontent.com\/eg\/\u0645\u0646\u062a\u062c\u0627\u062a-\u0627\u0644\u0641\u0627\u0646\u064a\u0644\u064a\u0627\/","og_site_name":"Natural Vanilla Middle East","article_publisher":"https:\/\/www.facebook.com\/naturalvanilla.com.au","article_modified_time":"2026-04-30T07:37:37+00:00","og_image":[{"url":"https:\/\/naturalvanilla.ae\/wp-content\/uploads\/2023\/08\/Natural-Vanilla-Store-Vanilla-Product-Range-Landscape.jpg","type":"","width":"","height":""}],"twitter_card":"summary_large_image","twitter_misc":{"Tahmini okuma s\u00fcresi":"2 dakika"},"schema":{"@context":"https:\/\/schema.org","@graph":[{"@type":"WebPage","@id":"https:\/\/60.104.18.34.bc.googleusercontent.com\/eg\/%d9%85%d9%86%d8%aa%d8%ac%d8%a7%d8%aa-%d8%a7%d9%84%d9%81%d8%a7%d9%86%d9%8a%d9%84%d9%8a%d8%a7\/","url":"https:\/\/60.104.18.34.bc.googleusercontent.com\/eg\/%d9%85%d9%86%d8%aa%d8%ac%d8%a7%d8%aa-%d8%a7%d9%84%d9%81%d8%a7%d9%86%d9%8a%d9%84%d9%8a%d8%a7\/","name":"BAE'de Helal Vanilya \u00dcr\u00fcnleri Toptan Sat\u0131\u015f | Do\u011fal Vanilya Ma\u011fazas\u0131","isPartOf":{"@id":"https:\/\/naturalvanilla.ae\/ae\/#website"},"primaryImageOfPage":{"@id":"https:\/\/60.104.18.34.bc.googleusercontent.com\/eg\/%d9%85%d9%86%d8%aa%d8%ac%d8%a7%d8%aa-%d8%a7%d9%84%d9%81%d8%a7%d9%86%d9%8a%d9%84%d9%8a%d8%a7\/#primaryimage"},"image":{"@id":"https:\/\/60.104.18.34.bc.googleusercontent.com\/eg\/%d9%85%d9%86%d8%aa%d8%ac%d8%a7%d8%aa-%d8%a7%d9%84%d9%81%d8%a7%d9%86%d9%8a%d9%84%d9%8a%d8%a7\/#primaryimage"},"thumbnailUrl":"https:\/\/naturalvanilla.ae\/wp-content\/uploads\/2023\/08\/Natural-Vanilla-Store-Vanilla-Product-Range-Landscape.jpg","datePublished":"2019-05-26T15:30:21+00:00","dateModified":"2026-04-30T07:37:37+00:00","description":"BAE'deki toptan vanilya \u00fcr\u00fcnleri, birinci kalite \u00e7ekirdek, \u00f6z\u00fct, toz ve ezme \u00e7e\u015fitlerini ke\u015ffedin.","breadcrumb":{"@id":"https:\/\/60.104.18.34.bc.googleusercontent.com\/eg\/%d9%85%d9%86%d8%aa%d8%ac%d8%a7%d8%aa-%d8%a7%d9%84%d9%81%d8%a7%d9%86%d9%8a%d9%84%d9%8a%d8%a7\/#breadcrumb"},"inLanguage":"tr","potentialAction":[{"@type":"ReadAction","target":["https:\/\/60.104.18.34.bc.googleusercontent.com\/eg\/%d9%85%d9%86%d8%aa%d8%ac%d8%a7%d8%aa-%d8%a7%d9%84%d9%81%d8%a7%d9%86%d9%8a%d9%84%d9%8a%d8%a7\/"]}]},{"@type":"ImageObject","inLanguage":"tr","@id":"https:\/\/60.104.18.34.bc.googleusercontent.com\/eg\/%d9%85%d9%86%d8%aa%d8%ac%d8%a7%d8%aa-%d8%a7%d9%84%d9%81%d8%a7%d9%86%d9%8a%d9%84%d9%8a%d8%a7\/#primaryimage","url":"https:\/\/naturalvanilla.ae\/wp-content\/uploads\/2023\/08\/Natural-Vanilla-Store-Vanilla-Product-Range-Landscape.jpg","contentUrl":"https:\/\/naturalvanilla.ae\/wp-content\/uploads\/2023\/08\/Natural-Vanilla-Store-Vanilla-Product-Range-Landscape.jpg"},{"@type":"BreadcrumbList","@id":"https:\/\/60.104.18.34.bc.googleusercontent.com\/eg\/%d9%85%d9%86%d8%aa%d8%ac%d8%a7%d8%aa-%d8%a7%d9%84%d9%81%d8%a7%d9%86%d9%8a%d9%84%d9%8a%d8%a7\/#breadcrumb","itemListElement":[{"@type":"ListItem","position":1,"name":"Home","item":"https:\/\/naturalvanilla.ae\/ae\/"},{"@type":"ListItem","position":2,"name":"Vanilla Products"}]},{"@type":"WebSite","@id":"https:\/\/naturalvanilla.ae\/ae\/#website","url":"https:\/\/naturalvanilla.ae\/ae\/","name":"Do\u011fal Vanilya D\u00fckkan\u0131","description":"Kaliteli Vanilyan\u0131n Ortado\u011fu'daki \u00d6nde Gelen Tedarik\u00e7isi","publisher":{"@id":"https:\/\/naturalvanilla.ae\/ae\/#organization"},"potentialAction":[{"@type":"SearchAction","target":{"@type":"EntryPoint","urlTemplate":"https:\/\/naturalvanilla.ae\/ae\/?s={search_term_string}"},"query-input":{"@type":"PropertyValueSpecification","valueRequired":true,"valueName":"search_term_string"}}],"inLanguage":"tr"},{"@type":"Organization","@id":"https:\/\/naturalvanilla.ae\/ae\/#organization","name":"Do\u011fal Vanilya D\u00fckkan\u0131","url":"https:\/\/naturalvanilla.ae\/ae\/","logo":{"@type":"ImageObject","inLanguage":"tr","@id":"https:\/\/naturalvanilla.ae\/ae\/#\/schema\/logo\/image\/","url":"http:\/\/34.18.104.60\/wp-content\/uploads\/2022\/12\/Natural-Vanilla-Seal-CMYK.png","contentUrl":"http:\/\/34.18.104.60\/wp-content\/uploads\/2022\/12\/Natural-Vanilla-Seal-CMYK.png","width":591,"height":591,"caption":"Natural Vanilla Store"},"image":{"@id":"https:\/\/naturalvanilla.ae\/ae\/#\/schema\/logo\/image\/"},"sameAs":["https:\/\/www.facebook.com\/naturalvanilla.com.au","https:\/\/www.instagram.com\/natural_vanilla_store","https:\/\/www.linkedin.com\/company\/natural-vanilla-pty-ltd\/","https:\/\/www.pinterest.com\/natural_vanilla_store"]}]}},"uagb_featured_image_src":{"full":false,"thumbnail":false,"medium":false,"medium_large":false,"large":false,"1536x1536":false,"2048x2048":false,"trp-custom-language-flag":false,"woocommerce_thumbnail":false,"woocommerce_single":false,"woocommerce_gallery_thumbnail":false},"uagb_author_info":{"display_name":"Natural Vanilla Store","author_link":"http:\/\/34.18.104.60\/tr\/author\/admin\/"},"uagb_comment_info":0,"uagb_excerpt":"Natural Vanilla Store Product Range Natural Vanilla Store product range pictured above include a variety of high quality vanilla products that we produce including Ground Vanilla Powder, Vanilla Seeds, Vanilla Bean Extract and Vanilla Bean Paste. The volume that we produce is supplemented from trusted quality assured suppliers to ensure that we maintain suitable stock&hellip;","_links":{"self":[{"href":"http:\/\/34.18.104.60\/tr\/wp-json\/wp\/v2\/pages\/195","targetHints":{"allow":["GET"]}}],"collection":[{"href":"http:\/\/34.18.104.60\/tr\/wp-json\/wp\/v2\/pages"}],"about":[{"href":"http:\/\/34.18.104.60\/tr\/wp-json\/wp\/v2\/types\/page"}],"author":[{"embeddable":true,"href":"http:\/\/34.18.104.60\/tr\/wp-json\/wp\/v2\/users\/1"}],"replies":[{"embeddable":true,"href":"http:\/\/34.18.104.60\/tr\/wp-json\/wp\/v2\/comments?post=195"}],"version-history":[{"count":1,"href":"http:\/\/34.18.104.60\/tr\/wp-json\/wp\/v2\/pages\/195\/revisions"}],"predecessor-version":[{"id":5934,"href":"http:\/\/34.18.104.60\/tr\/wp-json\/wp\/v2\/pages\/195\/revisions\/5934"}],"wp:attachment":[{"href":"http:\/\/34.18.104.60\/tr\/wp-json\/wp\/v2\/media?parent=195"}],"curies":[{"name":"wp","href":"https:\/\/api.w.org\/{rel}","templated":true}]}}