{"id":3404,"date":"2022-02-17T13:58:25","date_gmt":"2022-02-17T05:58:25","guid":{"rendered":"https:\/\/naturalvanilla.ae\/?page_id=3404"},"modified":"2026-04-30T10:40:28","modified_gmt":"2026-04-30T07:40:28","slug":"vanilya-cubuklari","status":"publish","type":"page","link":"http:\/\/34.18.104.60\/tr\/vanilla-pods\/","title":{"rendered":"Vanilya \u00c7ubuklar\u0131"},"content":{"rendered":"<div class=\"wp-block-uagb-image aligncenter uagb-block-5563701f wp-block-uagb-image--layout-default wp-block-uagb-image--effect-static wp-block-uagb-image--align-center\"><figure class=\"wp-block-uagb-image__figure\"><a class=\"\" href=\"http:\/\/naturalvanilla.ae\/wp-content\/uploads\/2023\/08\/Vanilla-Pods-Grade-A-Tahitian-Gourmet.jpg\" target=\"\" rel=\"noopener\"><img decoding=\"async\" srcset=\"http:\/\/naturalvanilla.ae\/wp-content\/uploads\/2023\/08\/Vanilla-Pods-Grade-A-Tahitian-Gourmet.jpg \" sizes=\"auto, (max-width: 480px) 150px\" src=\"http:\/\/naturalvanilla.ae\/wp-content\/uploads\/2023\/08\/Vanilla-Pods-Grade-A-Tahitian-Gourmet.jpg\" alt=\"Vanilya-Fasulyesi-A-Kalite-Tahiti-Gurme.jpg\" class=\"uag-image-5063\" width=\"1140\" height=\"1140\" title=\"\" loading=\"lazy\" role=\"img\"\/><\/a><\/figure><\/div>\n\n\n\n<div style=\"height:30px\" aria-hidden=\"true\" class=\"wp-block-spacer\"><\/div>\n\n\n\n<h2 class=\"wp-block-heading alignwide\" id=\"vanilla-pod-production\">Vanilya Kabu\u011fu \u00dcretimi<\/h2>\n\n\n\n<p>Natural Vanilla Store, d\u00fcnya \u00e7ap\u0131nda \u00e7e\u015fitli co\u011frafi b\u00f6lgelerdeki plantasyonlardan taze vanilya \u00e7ubuklar\u0131 temin etmektedir, bunlara \u015funlar dahildir&nbsp;<a href=\"https:\/\/en.wikipedia.org\/wiki\/Indonesia\" target=\"_blank\" rel=\"noreferrer noopener\">Endonezya<\/a>, Madagaskar ve Papua Yeni Gine. Stoklar\u0131m\u0131z\u0131n b\u00fcy\u00fck bir k\u0131sm\u0131n\u0131 elimizde tutabilmek ve h\u0131zl\u0131 bir \u015fekilde sipari\u015f g\u00f6nderebilmek i\u00e7in envanterimizi s\u0131k s\u0131k da\u011f\u0131t\u0131m ofisimize hava yoluyla g\u00f6nderiyoruz. \u00c7e\u015fitli m\u00fc\u015fterilerimizin gereksinimlerine ve b\u00fct\u00e7elerine uygun olarak A S\u0131n\u0131f\u0131, B S\u0131n\u0131f\u0131 ve Ekstrakt S\u0131n\u0131f\u0131 dahil olmak \u00fczere \u00e7e\u015fitli paket boyutlar\u0131nda ve kalitelerde vanilya \u00e7ubuklar\u0131 sunabiliyoruz.<\/p>\n\n\n\n<h2 class=\"wp-block-heading alignwide\" id=\"vanilla-pods-uses\">Vanilya \u00c7ubu\u011fu Kullan\u0131m Alanlar\u0131<\/h2>\n\n\n\n<p>Geleneksel olarak vanilya \u00e7ubuklar\u0131 dondurma, hamur i\u015fleri, tatl\u0131lar ve i\u00e7eceklere m\u00fckemmel bir vanilya aromas\u0131 katmak i\u00e7in kullan\u0131lm\u0131\u015ft\u0131r. Neyse ki, lezzetli bir krem brulee, pancota veya yumurtal\u0131 s\u00fctla\u00e7 haz\u0131rlama keyfi i\u00e7in \u00e7evrimi\u00e7i ve eski yemek kitaplar\u0131nda bol miktarda tarif bulunmaktad\u0131r. Son zamanlarda, d\u00fcnya \u00e7ap\u0131nda bir\u00e7ok usta bira \u00fcreticisi zengin vanilya lezzetlerini zanaat biralar\u0131na derinlemesine yerle\u015ftiriyor. Bir\u00e7ok pop\u00fcler otelde f\u0131\u00e7\u0131dan servis edilen ger\u00e7ekten lezzetli vanilya aromal\u0131 stoutlar, koyu ale'ler ve bu\u011fday biralar\u0131 ortaya \u00e7\u0131k\u0131yor. \u0130\u00e7ki dam\u0131t\u0131mevleri de otantik vanilya lezzetleriyle zenginle\u015ftirilmi\u015f baharatl\u0131 i\u00e7kiler \u00fcretmek i\u00e7in vanilya \u00e7ubuklar\u0131 kullan\u0131yor ve m\u00fc\u015fteriler art\u0131k giderek artan \u00e7e\u015fitli vanilya aromal\u0131 votkalar\u0131, romlar\u0131, viskileri ve cinleri keyifle tadabiliyor.<\/p>\n\n\n\n<h2 class=\"wp-block-heading alignwide\" id=\"quality-assurance\">Kalite G\u00fcvencesi<\/h2>\n\n\n\n<p>D\u00fcnyadaki ticari m\u00fc\u015fterilerimiz taraf\u0131ndan vanilya \u00e7ekirdeklerimizi i\u00e7eren bir\u00e7ok g\u0131da \u00fcr\u00fcn\u00fc \u00fcretilmi\u015ftir. Ticari m\u00fc\u015fterilerimiz, g\u0131da g\u00fcvenli\u011fi standartlar\u0131n\u0131 kar\u015f\u0131lad\u0131\u011f\u0131m\u0131z, vanilya \u00e7ekirdeklerimizin y\u00fcksek kaliteli, zararl\u0131 madde ve organizmalardan ar\u0131nm\u0131\u015f oldu\u011fu ve uluslararas\u0131 d\u00fczenleyici g\u0131da gerekliliklerini kar\u015f\u0131lad\u0131\u011f\u0131 konusunda g\u00fcvenceye ihtiya\u00e7 duymaktad\u0131r. Bu nedenle kalite g\u00fcvencemiz, G\u0131da G\u00fcvenli\u011fi Program\u0131m\u0131z\u0131n, \u00dcr\u00fcn Spesifikasyonlar\u0131m\u0131z\u0131n ve Mikrobiyoloji Analiz Sertifikam\u0131z\u0131n uluslararas\u0131 standartlara uygun olarak s\u00fcrd\u00fcr\u00fclmesini gerektirmektedir.<\/p>\n\n\n\n<h2 class=\"wp-block-heading alignwide\" id=\"ethically-source-and-organically-cultivated\">Etik Kaynakl\u0131 ve Organik Olarak Yeti\u015ftirilmi\u015f<\/h2>\n\n\n\n<p>T\u00fcm vanilya \u00e7ekirdekleri etik olarak tedarik edilmi\u015f ve yeti\u015ftiricilere iyi piyasa oranlar\u0131 \u00f6denmi\u015ftir. Ayr\u0131ca kimyasal veya yapay g\u00fcbre kullan\u0131lmadan organik olarak yeti\u015ftirilmi\u015flerdir. Vanilya \u00e7ekirdekleri resmi olarak organik sertifikal\u0131 olmasa da, organik y\u00f6ntemlerle yeti\u015ftirilmi\u015ftir. Vanilya yeti\u015ftirilen b\u00f6lgelerdeki zengin topraklar yapay g\u00fcbre gerektirmez ve vanilya orkideleri zararl\u0131lara ve hastal\u0131klara kar\u015f\u0131 y\u00fcksek d\u00fczeyde do\u011fal dirence sahip oldu\u011fundan, kimyasal ila\u00e7 kullan\u0131lmamaktad\u0131r.<\/p>\n\n\n\n<h2 class=\"wp-block-heading alignwide\" id=\"package-size-option\">Paket Boyutu Se\u00e7ene\u011fi<\/h2>\n\n\n\n<p>Vanilya fasulyesi tedariki i\u00e7in b\u00fcy\u00fck 10 kg'l\u0131k kutulardan perakende m\u00fc\u015fteriler i\u00e7in 50 gr'l\u0131k paketlere kadar \u00e7e\u015fitli paket boyutu se\u00e7eneklerimiz mevcuttur. B\u00fcy\u00fck \u00f6l\u00e7ekli indirim oranlar\u0131yla ticari m\u00fc\u015fterilerimizin ihtiya\u00e7lar\u0131n\u0131 kar\u015f\u0131lamaktay\u0131z.<\/p>","protected":false},"excerpt":{"rendered":"<p>Vanilla Pod Production Natural Vanilla Store source vanilla pods fresh from plantations located in various geographical regions around the world including&nbsp;Indonesia, Madagascar and PNG. We frequently airfreight new stock into our distribution office so that we can maintain a large amount of stock and enable us to quickly dispatch orders. We are able to offer [&hellip;]<\/p>\n","protected":false},"author":1,"featured_media":0,"parent":0,"menu_order":0,"comment_status":"closed","ping_status":"closed","template":"","meta":{"_uag_custom_page_level_css":"","site-sidebar-layout":"right-sidebar","site-content-layout":"","ast-site-content-layout":"default","site-content-style":"default","site-sidebar-style":"default","ast-global-header-display":"","ast-banner-title-visibility":"","ast-main-header-display":"","ast-hfb-above-header-display":"","ast-hfb-below-header-display":"","ast-hfb-mobile-header-display":"","site-post-title":"","ast-breadcrumbs-content":"","ast-featured-img":"","footer-sml-layout":"","ast-disable-related-posts":"","theme-transparent-header-meta":"","adv-header-id-meta":"","stick-header-meta":"","header-above-stick-meta":"","header-main-stick-meta":"","header-below-stick-meta":"","astra-migrate-meta-layouts":"set","ast-page-background-enabled":"default","ast-page-background-meta":{"desktop":{"background-color":"","background-image":"","background-repeat":"repeat","background-position":"center center","background-size":"auto","background-attachment":"scroll","background-type":"","background-media":"","overlay-type":"","overlay-color":"","overlay-opacity":"","overlay-gradient":""},"tablet":{"background-color":"","background-image":"","background-repeat":"repeat","background-position":"center center","background-size":"auto","background-attachment":"scroll","background-type":"","background-media":"","overlay-type":"","overlay-color":"","overlay-opacity":"","overlay-gradient":""},"mobile":{"background-color":"","background-image":"","background-repeat":"repeat","background-position":"center center","background-size":"auto","background-attachment":"scroll","background-type":"","background-media":"","overlay-type":"","overlay-color":"","overlay-opacity":"","overlay-gradient":""}},"ast-content-background-meta":{"desktop":{"background-color":"var(--ast-global-color-5)","background-image":"","background-repeat":"repeat","background-position":"center center","background-size":"auto","background-attachment":"scroll","background-type":"","background-media":"","overlay-type":"","overlay-color":"","overlay-opacity":"","overlay-gradient":""},"tablet":{"background-color":"var(--ast-global-color-5)","background-image":"","background-repeat":"repeat","background-position":"center center","background-size":"auto","background-attachment":"scroll","background-type":"","background-media":"","overlay-type":"","overlay-color":"","overlay-opacity":"","overlay-gradient":""},"mobile":{"background-color":"var(--ast-global-color-5)","background-image":"","background-repeat":"repeat","background-position":"center center","background-size":"auto","background-attachment":"scroll","background-type":"","background-media":"","overlay-type":"","overlay-color":"","overlay-opacity":"","overlay-gradient":""}},"footnotes":""},"class_list":["post-3404","page","type-page","status-publish","hentry"],"yoast_head":"<!-- This site is optimized with the Yoast SEO plugin v27.5 - https:\/\/yoast.com\/product\/yoast-seo-wordpress\/ -->\n<title>Vanilla Beans Wholesale UAE | Natural Vanilla Store<\/title>\n<meta name=\"description\" content=\"Buy premium vanilla beans wholesale in the UAE with consistent quality, competitive pricing, and reliable supply.\" \/>\n<meta name=\"robots\" content=\"index, follow, max-snippet:-1, max-image-preview:large, max-video-preview:-1\" \/>\n<link rel=\"canonical\" href=\"https:\/\/naturalvanilla.ae\/eg\/\u0642\u0631\u0648\u0646-\u0627\u0644\u0641\u0627\u0646\u064a\u0644\u064a\u0627\/\" \/>\n<meta property=\"og:locale\" content=\"tr_TR\" \/>\n<meta property=\"og:type\" content=\"article\" \/>\n<meta property=\"og:title\" content=\"Vanilla Beans Wholesale UAE | Natural Vanilla Store\" \/>\n<meta property=\"og:description\" content=\"Buy premium vanilla beans wholesale in the UAE with consistent quality, competitive pricing, and reliable supply.\" \/>\n<meta property=\"og:url\" content=\"https:\/\/naturalvanilla.ae\/eg\/\u0642\u0631\u0648\u0646-\u0627\u0644\u0641\u0627\u0646\u064a\u0644\u064a\u0627\/\" \/>\n<meta property=\"og:site_name\" content=\"Natural Vanilla Middle East\" \/>\n<meta property=\"article:publisher\" content=\"https:\/\/www.facebook.com\/naturalvanilla.com.au\" \/>\n<meta property=\"article:modified_time\" content=\"2026-04-30T07:40:28+00:00\" \/>\n<meta property=\"og:image\" content=\"https:\/\/naturalvanilla.ae\/wp-content\/uploads\/2023\/08\/Vanilla-Pods-Grade-A-Tahitian-Gourmet.jpg\" \/>\n<meta name=\"twitter:card\" content=\"summary_large_image\" \/>\n<meta name=\"twitter:label1\" content=\"Tahmini okuma s\u00fcresi\" \/>\n\t<meta name=\"twitter:data1\" content=\"2 dakika\" \/>\n<script type=\"application\/ld+json\" class=\"yoast-schema-graph\">{\"@context\":\"https:\\\/\\\/schema.org\",\"@graph\":[{\"@type\":\"WebPage\",\"@id\":\"https:\\\/\\\/naturalvanilla.ae\\\/eg\\\/%d9%82%d8%b1%d9%88%d9%86-%d8%a7%d9%84%d9%81%d8%a7%d9%86%d9%8a%d9%84%d9%8a%d8%a7\\\/\",\"url\":\"https:\\\/\\\/naturalvanilla.ae\\\/eg\\\/%d9%82%d8%b1%d9%88%d9%86-%d8%a7%d9%84%d9%81%d8%a7%d9%86%d9%8a%d9%84%d9%8a%d8%a7\\\/\",\"name\":\"Vanilla Beans Wholesale UAE | Natural Vanilla Store\",\"isPartOf\":{\"@id\":\"https:\\\/\\\/naturalvanilla.ae\\\/ae\\\/#website\"},\"primaryImageOfPage\":{\"@id\":\"https:\\\/\\\/naturalvanilla.ae\\\/eg\\\/%d9%82%d8%b1%d9%88%d9%86-%d8%a7%d9%84%d9%81%d8%a7%d9%86%d9%8a%d9%84%d9%8a%d8%a7\\\/#primaryimage\"},\"image\":{\"@id\":\"https:\\\/\\\/naturalvanilla.ae\\\/eg\\\/%d9%82%d8%b1%d9%88%d9%86-%d8%a7%d9%84%d9%81%d8%a7%d9%86%d9%8a%d9%84%d9%8a%d8%a7\\\/#primaryimage\"},\"thumbnailUrl\":\"https:\\\/\\\/naturalvanilla.ae\\\/wp-content\\\/uploads\\\/2023\\\/08\\\/Vanilla-Pods-Grade-A-Tahitian-Gourmet.jpg\",\"datePublished\":\"2022-02-17T05:58:25+00:00\",\"dateModified\":\"2026-04-30T07:40:28+00:00\",\"description\":\"Buy premium vanilla beans wholesale in the UAE with consistent quality, competitive pricing, and reliable supply.\",\"breadcrumb\":{\"@id\":\"https:\\\/\\\/naturalvanilla.ae\\\/eg\\\/%d9%82%d8%b1%d9%88%d9%86-%d8%a7%d9%84%d9%81%d8%a7%d9%86%d9%8a%d9%84%d9%8a%d8%a7\\\/#breadcrumb\"},\"inLanguage\":\"tr\",\"potentialAction\":[{\"@type\":\"ReadAction\",\"target\":[\"https:\\\/\\\/naturalvanilla.ae\\\/eg\\\/%d9%82%d8%b1%d9%88%d9%86-%d8%a7%d9%84%d9%81%d8%a7%d9%86%d9%8a%d9%84%d9%8a%d8%a7\\\/\"]}]},{\"@type\":\"ImageObject\",\"inLanguage\":\"tr\",\"@id\":\"https:\\\/\\\/naturalvanilla.ae\\\/eg\\\/%d9%82%d8%b1%d9%88%d9%86-%d8%a7%d9%84%d9%81%d8%a7%d9%86%d9%8a%d9%84%d9%8a%d8%a7\\\/#primaryimage\",\"url\":\"https:\\\/\\\/naturalvanilla.ae\\\/wp-content\\\/uploads\\\/2023\\\/08\\\/Vanilla-Pods-Grade-A-Tahitian-Gourmet.jpg\",\"contentUrl\":\"https:\\\/\\\/naturalvanilla.ae\\\/wp-content\\\/uploads\\\/2023\\\/08\\\/Vanilla-Pods-Grade-A-Tahitian-Gourmet.jpg\"},{\"@type\":\"BreadcrumbList\",\"@id\":\"https:\\\/\\\/naturalvanilla.ae\\\/eg\\\/%d9%82%d8%b1%d9%88%d9%86-%d8%a7%d9%84%d9%81%d8%a7%d9%86%d9%8a%d9%84%d9%8a%d8%a7\\\/#breadcrumb\",\"itemListElement\":[{\"@type\":\"ListItem\",\"position\":1,\"name\":\"Home\",\"item\":\"https:\\\/\\\/naturalvanilla.ae\\\/ae\\\/\"},{\"@type\":\"ListItem\",\"position\":2,\"name\":\"Vanilla Beans\"}]},{\"@type\":\"WebSite\",\"@id\":\"https:\\\/\\\/naturalvanilla.ae\\\/ae\\\/#website\",\"url\":\"https:\\\/\\\/naturalvanilla.ae\\\/ae\\\/\",\"name\":\"Natural Vanilla Store\",\"description\":\"Leading Middle East Supplier of Quality Vanilla\",\"publisher\":{\"@id\":\"https:\\\/\\\/naturalvanilla.ae\\\/ae\\\/#organization\"},\"potentialAction\":[{\"@type\":\"SearchAction\",\"target\":{\"@type\":\"EntryPoint\",\"urlTemplate\":\"https:\\\/\\\/naturalvanilla.ae\\\/ae\\\/?s={search_term_string}\"},\"query-input\":{\"@type\":\"PropertyValueSpecification\",\"valueRequired\":true,\"valueName\":\"search_term_string\"}}],\"inLanguage\":\"tr\"},{\"@type\":\"Organization\",\"@id\":\"https:\\\/\\\/naturalvanilla.ae\\\/ae\\\/#organization\",\"name\":\"Natural Vanilla Store\",\"url\":\"https:\\\/\\\/naturalvanilla.ae\\\/ae\\\/\",\"logo\":{\"@type\":\"ImageObject\",\"inLanguage\":\"tr\",\"@id\":\"https:\\\/\\\/naturalvanilla.ae\\\/ae\\\/#\\\/schema\\\/logo\\\/image\\\/\",\"url\":\"http:\\\/\\\/34.18.104.60\\\/wp-content\\\/uploads\\\/2022\\\/12\\\/Natural-Vanilla-Seal-CMYK.png\",\"contentUrl\":\"http:\\\/\\\/34.18.104.60\\\/wp-content\\\/uploads\\\/2022\\\/12\\\/Natural-Vanilla-Seal-CMYK.png\",\"width\":591,\"height\":591,\"caption\":\"Natural Vanilla Store\"},\"image\":{\"@id\":\"https:\\\/\\\/naturalvanilla.ae\\\/ae\\\/#\\\/schema\\\/logo\\\/image\\\/\"},\"sameAs\":[\"https:\\\/\\\/www.facebook.com\\\/naturalvanilla.com.au\",\"https:\\\/\\\/www.instagram.com\\\/natural_vanilla_store\",\"https:\\\/\\\/www.linkedin.com\\\/company\\\/natural-vanilla-pty-ltd\\\/\",\"https:\\\/\\\/www.pinterest.com\\\/natural_vanilla_store\"]}]}<\/script>\n<!-- \/ Yoast SEO plugin. -->","yoast_head_json":{"title":"Vanilya \u00c7ubuklar\u0131 Toptan Sat\u0131\u015f BAE | Do\u011fal Vanilya Ma\u011fazas\u0131","description":"BAE'de tutarl\u0131 kalitede, rekabet\u00e7i fiyatlarla ve g\u00fcvenilir tedarikle premium vanilya \u00e7ubuklar\u0131n\u0131 toptan sat\u0131n al\u0131n.","robots":{"index":"index","follow":"follow","max-snippet":"max-snippet:-1","max-image-preview":"max-image-preview:large","max-video-preview":"max-video-preview:-1"},"canonical":"https:\/\/naturalvanilla.ae\/eg\/\u0642\u0631\u0648\u0646-\u0627\u0644\u0641\u0627\u0646\u064a\u0644\u064a\u0627\/","og_locale":"tr_TR","og_type":"article","og_title":"Vanilla Beans Wholesale UAE | Natural Vanilla Store","og_description":"Buy premium vanilla beans wholesale in the UAE with consistent quality, competitive pricing, and reliable supply.","og_url":"https:\/\/naturalvanilla.ae\/eg\/\u0642\u0631\u0648\u0646-\u0627\u0644\u0641\u0627\u0646\u064a\u0644\u064a\u0627\/","og_site_name":"Natural Vanilla Middle East","article_publisher":"https:\/\/www.facebook.com\/naturalvanilla.com.au","article_modified_time":"2026-04-30T07:40:28+00:00","og_image":[{"url":"https:\/\/naturalvanilla.ae\/wp-content\/uploads\/2023\/08\/Vanilla-Pods-Grade-A-Tahitian-Gourmet.jpg","type":"","width":"","height":""}],"twitter_card":"summary_large_image","twitter_misc":{"Tahmini okuma s\u00fcresi":"2 dakika"},"schema":{"@context":"https:\/\/schema.org","@graph":[{"@type":"WebPage","@id":"https:\/\/naturalvanilla.ae\/eg\/%d9%82%d8%b1%d9%88%d9%86-%d8%a7%d9%84%d9%81%d8%a7%d9%86%d9%8a%d9%84%d9%8a%d8%a7\/","url":"https:\/\/naturalvanilla.ae\/eg\/%d9%82%d8%b1%d9%88%d9%86-%d8%a7%d9%84%d9%81%d8%a7%d9%86%d9%8a%d9%84%d9%8a%d8%a7\/","name":"Vanilya \u00c7ubuklar\u0131 Toptan Sat\u0131\u015f BAE | Do\u011fal Vanilya Ma\u011fazas\u0131","isPartOf":{"@id":"https:\/\/naturalvanilla.ae\/ae\/#website"},"primaryImageOfPage":{"@id":"https:\/\/naturalvanilla.ae\/eg\/%d9%82%d8%b1%d9%88%d9%86-%d8%a7%d9%84%d9%81%d8%a7%d9%86%d9%8a%d9%84%d9%8a%d8%a7\/#primaryimage"},"image":{"@id":"https:\/\/naturalvanilla.ae\/eg\/%d9%82%d8%b1%d9%88%d9%86-%d8%a7%d9%84%d9%81%d8%a7%d9%86%d9%8a%d9%84%d9%8a%d8%a7\/#primaryimage"},"thumbnailUrl":"https:\/\/naturalvanilla.ae\/wp-content\/uploads\/2023\/08\/Vanilla-Pods-Grade-A-Tahitian-Gourmet.jpg","datePublished":"2022-02-17T05:58:25+00:00","dateModified":"2026-04-30T07:40:28+00:00","description":"BAE'de tutarl\u0131 kalitede, rekabet\u00e7i fiyatlarla ve g\u00fcvenilir tedarikle premium vanilya \u00e7ubuklar\u0131n\u0131 toptan sat\u0131n al\u0131n.","breadcrumb":{"@id":"https:\/\/naturalvanilla.ae\/eg\/%d9%82%d8%b1%d9%88%d9%86-%d8%a7%d9%84%d9%81%d8%a7%d9%86%d9%8a%d9%84%d9%8a%d8%a7\/#breadcrumb"},"inLanguage":"tr","potentialAction":[{"@type":"ReadAction","target":["https:\/\/naturalvanilla.ae\/eg\/%d9%82%d8%b1%d9%88%d9%86-%d8%a7%d9%84%d9%81%d8%a7%d9%86%d9%8a%d9%84%d9%8a%d8%a7\/"]}]},{"@type":"ImageObject","inLanguage":"tr","@id":"https:\/\/naturalvanilla.ae\/eg\/%d9%82%d8%b1%d9%88%d9%86-%d8%a7%d9%84%d9%81%d8%a7%d9%86%d9%8a%d9%84%d9%8a%d8%a7\/#primaryimage","url":"https:\/\/naturalvanilla.ae\/wp-content\/uploads\/2023\/08\/Vanilla-Pods-Grade-A-Tahitian-Gourmet.jpg","contentUrl":"https:\/\/naturalvanilla.ae\/wp-content\/uploads\/2023\/08\/Vanilla-Pods-Grade-A-Tahitian-Gourmet.jpg"},{"@type":"BreadcrumbList","@id":"https:\/\/naturalvanilla.ae\/eg\/%d9%82%d8%b1%d9%88%d9%86-%d8%a7%d9%84%d9%81%d8%a7%d9%86%d9%8a%d9%84%d9%8a%d8%a7\/#breadcrumb","itemListElement":[{"@type":"ListItem","position":1,"name":"Home","item":"https:\/\/naturalvanilla.ae\/ae\/"},{"@type":"ListItem","position":2,"name":"Vanilla Beans"}]},{"@type":"WebSite","@id":"https:\/\/naturalvanilla.ae\/ae\/#website","url":"https:\/\/naturalvanilla.ae\/ae\/","name":"Do\u011fal Vanilya D\u00fckkan\u0131","description":"Kaliteli Vanilyan\u0131n Ortado\u011fu'daki \u00d6nde Gelen Tedarik\u00e7isi","publisher":{"@id":"https:\/\/naturalvanilla.ae\/ae\/#organization"},"potentialAction":[{"@type":"SearchAction","target":{"@type":"EntryPoint","urlTemplate":"https:\/\/naturalvanilla.ae\/ae\/?s={search_term_string}"},"query-input":{"@type":"PropertyValueSpecification","valueRequired":true,"valueName":"search_term_string"}}],"inLanguage":"tr"},{"@type":"Organization","@id":"https:\/\/naturalvanilla.ae\/ae\/#organization","name":"Do\u011fal Vanilya D\u00fckkan\u0131","url":"https:\/\/naturalvanilla.ae\/ae\/","logo":{"@type":"ImageObject","inLanguage":"tr","@id":"https:\/\/naturalvanilla.ae\/ae\/#\/schema\/logo\/image\/","url":"http:\/\/34.18.104.60\/wp-content\/uploads\/2022\/12\/Natural-Vanilla-Seal-CMYK.png","contentUrl":"http:\/\/34.18.104.60\/wp-content\/uploads\/2022\/12\/Natural-Vanilla-Seal-CMYK.png","width":591,"height":591,"caption":"Natural Vanilla Store"},"image":{"@id":"https:\/\/naturalvanilla.ae\/ae\/#\/schema\/logo\/image\/"},"sameAs":["https:\/\/www.facebook.com\/naturalvanilla.com.au","https:\/\/www.instagram.com\/natural_vanilla_store","https:\/\/www.linkedin.com\/company\/natural-vanilla-pty-ltd\/","https:\/\/www.pinterest.com\/natural_vanilla_store"]}]}},"uagb_featured_image_src":{"full":false,"thumbnail":false,"medium":false,"medium_large":false,"large":false,"1536x1536":false,"2048x2048":false,"trp-custom-language-flag":false,"woocommerce_thumbnail":false,"woocommerce_single":false,"woocommerce_gallery_thumbnail":false},"uagb_author_info":{"display_name":"Natural Vanilla Store","author_link":"http:\/\/34.18.104.60\/tr\/author\/admin\/"},"uagb_comment_info":0,"uagb_excerpt":"Vanilla Pod Production Natural Vanilla Store source vanilla pods fresh from plantations located in various geographical regions around the world including&nbsp;Indonesia, Madagascar and PNG. We frequently airfreight new stock into our distribution office so that we can maintain a large amount of stock and enable us to quickly dispatch orders. We are able to offer&hellip;","_links":{"self":[{"href":"http:\/\/34.18.104.60\/tr\/wp-json\/wp\/v2\/pages\/3404","targetHints":{"allow":["GET"]}}],"collection":[{"href":"http:\/\/34.18.104.60\/tr\/wp-json\/wp\/v2\/pages"}],"about":[{"href":"http:\/\/34.18.104.60\/tr\/wp-json\/wp\/v2\/types\/page"}],"author":[{"embeddable":true,"href":"http:\/\/34.18.104.60\/tr\/wp-json\/wp\/v2\/users\/1"}],"replies":[{"embeddable":true,"href":"http:\/\/34.18.104.60\/tr\/wp-json\/wp\/v2\/comments?post=3404"}],"version-history":[{"count":3,"href":"http:\/\/34.18.104.60\/tr\/wp-json\/wp\/v2\/pages\/3404\/revisions"}],"predecessor-version":[{"id":7304,"href":"http:\/\/34.18.104.60\/tr\/wp-json\/wp\/v2\/pages\/3404\/revisions\/7304"}],"wp:attachment":[{"href":"http:\/\/34.18.104.60\/tr\/wp-json\/wp\/v2\/media?parent=3404"}],"curies":[{"name":"wp","href":"https:\/\/api.w.org\/{rel}","templated":true}]}}