{"id":5029,"date":"2023-08-11T11:41:39","date_gmt":"2023-08-11T03:41:39","guid":{"rendered":"https:\/\/naturalvanilla.ae\/?post_type=product&#038;p=5029"},"modified":"2024-06-11T08:42:06","modified_gmt":"2024-06-11T00:42:06","slug":"ornek-paketler","status":"publish","type":"product","link":"http:\/\/34.18.104.60\/tr\/shop\/sample-packs\/","title":{"rendered":"\u00d6rnek Paketler"},"content":{"rendered":"<p>\u00d6rnek Paketler, Natural Vanilla Store'un y\u00fcksek kaliteli \u00fcr\u00fcnlerinden bir se\u00e7ki i\u00e7erir.<\/p>\n<p>\u00dcr\u00fcnlerin daha b\u00fcy\u00fck miktarlarda sat\u0131n al\u0131nmadan \u00f6nce gereksinimlerinize uygunlu\u011funu onaylamak amac\u0131yla test ve denemelerin yap\u0131labilmesi i\u00e7in numune sat\u0131n alman\u0131z\u0131 tavsiye ederiz.<\/p>\n<p>\u00d6rnek Paketi 1, a\u015fa\u011f\u0131dakilerin 30 ml'lik \u00f6rneklerini i\u00e7erir:<\/p>\n<ul>\n<li>Do\u011fal Vanilya \u00d6z\u00fct\u00fc \u2013 Geleneksel Stil<\/li>\n<li>Do\u011fal Vanilya Ezmesi \u2013 Geleneksel Stil<\/li>\n<li>Alkol \u0130\u00e7ermeyen Do\u011fal Vanilya \u00d6z\u00fct\u00fc<\/li>\n<li>Do\u011fal Vanilya Ezmesi \u2013 Alkol \u0130\u00e7ermez<\/li>\n<\/ul>\n<p>Sample Pack 2 \u015funlar\u0131n 30 ml'lik \u00f6rneklerini i\u00e7erir:<\/p>\n<ul>\n<li>\u00d6\u011f\u00fct\u00fclm\u00fc\u015f Vanilya \u2013 A S\u0131n\u0131f\u0131<\/li>\n<li>\u00d6\u011f\u00fct\u00fclm\u00fc\u015f Vanilya \u2013 B S\u0131n\u0131f\u0131<\/li>\n<li>Vanilya \u015eekeri - A S\u0131n\u0131f\u0131 Kar\u0131\u015f\u0131m<\/li>\n<li>Do\u011fal Vanilya Ekstrakt\u0131 Tozu<\/li>\n<\/ul>","protected":false},"excerpt":{"rendered":"<p>Sample Packs contain a selection of Natural Vanilla Store high quality products. We recommend purchasing the samples so that testing and trials can be conducted to confirm the products suitability to your requirements prior to purchasing larger quantities. Sample Pack 1 contains 30ml samples of the following: Natural Vanilla Extract &#8211; Traditional Style Natural Vanilla [&hellip;]<\/p>\n","protected":false},"featured_media":5057,"template":"","meta":{"_uag_custom_page_level_css":"","site-sidebar-layout":"default","site-content-layout":"default","ast-site-content-layout":"default","site-content-style":"default","site-sidebar-style":"default","ast-global-header-display":"","ast-banner-title-visibility":"","ast-main-header-display":"","ast-hfb-above-header-display":"","ast-hfb-below-header-display":"","ast-hfb-mobile-header-display":"","site-post-title":"","ast-breadcrumbs-content":"","ast-featured-img":"","footer-sml-layout":"","ast-disable-related-posts":"","theme-transparent-header-meta":"default","adv-header-id-meta":"","stick-header-meta":"","header-above-stick-meta":"","header-main-stick-meta":"","header-below-stick-meta":"","astra-migrate-meta-layouts":"set","ast-page-background-enabled":"default","ast-page-background-meta":{"desktop":{"background-color":"","background-image":"","background-repeat":"repeat","background-position":"center center","background-size":"auto","background-attachment":"scroll","background-type":"","background-media":"","overlay-type":"","overlay-color":"","overlay-opacity":"","overlay-gradient":""},"tablet":{"background-color":"","background-image":"","background-repeat":"repeat","background-position":"center center","background-size":"auto","background-attachment":"scroll","background-type":"","background-media":"","overlay-type":"","overlay-color":"","overlay-opacity":"","overlay-gradient":""},"mobile":{"background-color":"","background-image":"","background-repeat":"repeat","background-position":"center center","background-size":"auto","background-attachment":"scroll","background-type":"","background-media":"","overlay-type":"","overlay-color":"","overlay-opacity":"","overlay-gradient":""}},"ast-content-background-meta":{"desktop":{"background-color":"var(--ast-global-color-5)","background-image":"","background-repeat":"repeat","background-position":"center center","background-size":"auto","background-attachment":"scroll","background-type":"","background-media":"","overlay-type":"","overlay-color":"","overlay-opacity":"","overlay-gradient":""},"tablet":{"background-color":"var(--ast-global-color-5)","background-image":"","background-repeat":"repeat","background-position":"center center","background-size":"auto","background-attachment":"scroll","background-type":"","background-media":"","overlay-type":"","overlay-color":"","overlay-opacity":"","overlay-gradient":""},"mobile":{"background-color":"var(--ast-global-color-5)","background-image":"","background-repeat":"repeat","background-position":"center center","background-size":"auto","background-attachment":"scroll","background-type":"","background-media":"","overlay-type":"","overlay-color":"","overlay-opacity":"","overlay-gradient":""}}},"product_brand":[],"product_cat":[317],"product_tag":[324],"class_list":{"0":"post-5029","1":"product","2":"type-product","3":"status-publish","4":"has-post-thumbnail","6":"product_cat-products","7":"product_tag-sample-packs","8":"desktop-align-left","9":"tablet-align-left","10":"mobile-align-left","12":"first","13":"instock","14":"sold-individually","15":"shipping-taxable","16":"purchasable","17":"product-type-variable"},"yoast_head":"<!-- This site is optimized with the Yoast SEO plugin v27.5 - https:\/\/yoast.com\/product\/yoast-seo-wordpress\/ -->\n<title>Sample Packs - Natural Vanilla Middle East<\/title>\n<meta name=\"description\" content=\"Natural Vanilla Store vanilla sample packs. Choose from a either a selection of dry vanilla bean products or vanilla bean extracts and pastes.\" \/>\n<meta name=\"robots\" content=\"index, follow, max-snippet:-1, max-image-preview:large, max-video-preview:-1\" \/>\n<link rel=\"canonical\" href=\"https:\/\/naturalvanilla.ae\/kw\/shop\/\u062d\u0632\u0645-\u0627\u0644\u0639\u064a\u0646\u0627\u062a\/\" \/>\n<meta property=\"og:locale\" content=\"tr_TR\" \/>\n<meta property=\"og:type\" content=\"article\" \/>\n<meta property=\"og:title\" content=\"Sample Packs - Natural Vanilla Middle East\" \/>\n<meta property=\"og:description\" content=\"Natural Vanilla Store vanilla sample packs. Choose from a either a selection of dry vanilla bean products or vanilla bean extracts and pastes.\" \/>\n<meta property=\"og:url\" content=\"https:\/\/naturalvanilla.ae\/kw\/shop\/\u062d\u0632\u0645-\u0627\u0644\u0639\u064a\u0646\u0627\u062a\/\" \/>\n<meta property=\"og:site_name\" content=\"Natural Vanilla Middle East\" \/>\n<meta property=\"article:publisher\" content=\"https:\/\/www.facebook.com\/naturalvanilla.com.au\" \/>\n<meta property=\"article:modified_time\" content=\"2024-06-11T00:42:06+00:00\" \/>\n<meta property=\"og:image\" content=\"https:\/\/naturalvanilla.ae\/wp-content\/uploads\/2023\/08\/Natural-Vanilla-Samples-1-scaled-1.jpg\" \/>\n\t<meta property=\"og:image:width\" content=\"1600\" \/>\n\t<meta property=\"og:image:height\" content=\"1600\" \/>\n\t<meta property=\"og:image:type\" content=\"image\/jpeg\" \/>\n<meta name=\"twitter:card\" content=\"summary_large_image\" \/>\n<meta name=\"twitter:label1\" content=\"Tahmini okuma s\u00fcresi\" \/>\n\t<meta name=\"twitter:data1\" content=\"1 dakika\" \/>\n<script type=\"application\/ld+json\" class=\"yoast-schema-graph\">{\"@context\":\"https:\\\/\\\/schema.org\",\"@graph\":[{\"@type\":\"WebPage\",\"@id\":\"https:\\\/\\\/naturalvanilla.ae\\\/kw\\\/shop\\\/%d8%ad%d8%b2%d9%85-%d8%a7%d9%84%d8%b9%d9%8a%d9%86%d8%a7%d8%aa\\\/\",\"url\":\"https:\\\/\\\/naturalvanilla.ae\\\/kw\\\/shop\\\/%d8%ad%d8%b2%d9%85-%d8%a7%d9%84%d8%b9%d9%8a%d9%86%d8%a7%d8%aa\\\/\",\"name\":\"Sample Packs - Natural Vanilla Middle East\",\"isPartOf\":{\"@id\":\"https:\\\/\\\/naturalvanilla.ae\\\/ae\\\/#website\"},\"primaryImageOfPage\":{\"@id\":\"https:\\\/\\\/naturalvanilla.ae\\\/kw\\\/shop\\\/%d8%ad%d8%b2%d9%85-%d8%a7%d9%84%d8%b9%d9%8a%d9%86%d8%a7%d8%aa\\\/#primaryimage\"},\"image\":{\"@id\":\"https:\\\/\\\/naturalvanilla.ae\\\/kw\\\/shop\\\/%d8%ad%d8%b2%d9%85-%d8%a7%d9%84%d8%b9%d9%8a%d9%86%d8%a7%d8%aa\\\/#primaryimage\"},\"thumbnailUrl\":\"http:\\\/\\\/34.18.104.60\\\/wp-content\\\/uploads\\\/2023\\\/08\\\/Natural-Vanilla-Samples-1-scaled-1.jpg\",\"datePublished\":\"2023-08-11T03:41:39+00:00\",\"dateModified\":\"2024-06-11T00:42:06+00:00\",\"description\":\"Natural Vanilla Store vanilla sample packs. Choose from a either a selection of dry vanilla bean products or vanilla bean extracts and pastes.\",\"breadcrumb\":{\"@id\":\"https:\\\/\\\/naturalvanilla.ae\\\/kw\\\/shop\\\/%d8%ad%d8%b2%d9%85-%d8%a7%d9%84%d8%b9%d9%8a%d9%86%d8%a7%d8%aa\\\/#breadcrumb\"},\"inLanguage\":\"tr\",\"potentialAction\":[{\"@type\":\"ReadAction\",\"target\":[\"https:\\\/\\\/naturalvanilla.ae\\\/kw\\\/shop\\\/%d8%ad%d8%b2%d9%85-%d8%a7%d9%84%d8%b9%d9%8a%d9%86%d8%a7%d8%aa\\\/\"]}]},{\"@type\":\"ImageObject\",\"inLanguage\":\"tr\",\"@id\":\"https:\\\/\\\/naturalvanilla.ae\\\/kw\\\/shop\\\/%d8%ad%d8%b2%d9%85-%d8%a7%d9%84%d8%b9%d9%8a%d9%86%d8%a7%d8%aa\\\/#primaryimage\",\"url\":\"http:\\\/\\\/34.18.104.60\\\/wp-content\\\/uploads\\\/2023\\\/08\\\/Natural-Vanilla-Samples-1-scaled-1.jpg\",\"contentUrl\":\"http:\\\/\\\/34.18.104.60\\\/wp-content\\\/uploads\\\/2023\\\/08\\\/Natural-Vanilla-Samples-1-scaled-1.jpg\",\"width\":1600,\"height\":1600,\"caption\":\"Natural-Vanilla-Samples-1-scaled-1.jpg\"},{\"@type\":\"BreadcrumbList\",\"@id\":\"https:\\\/\\\/naturalvanilla.ae\\\/kw\\\/shop\\\/%d8%ad%d8%b2%d9%85-%d8%a7%d9%84%d8%b9%d9%8a%d9%86%d8%a7%d8%aa\\\/#breadcrumb\",\"itemListElement\":[{\"@type\":\"ListItem\",\"position\":1,\"name\":\"Home\",\"item\":\"https:\\\/\\\/naturalvanilla.ae\\\/ae\\\/\"},{\"@type\":\"ListItem\",\"position\":2,\"name\":\"Shop\",\"item\":\"http:\\\/\\\/34.18.104.60\\\/shop\\\/\"},{\"@type\":\"ListItem\",\"position\":3,\"name\":\"Sample Packs\"}]},{\"@type\":\"WebSite\",\"@id\":\"https:\\\/\\\/naturalvanilla.ae\\\/ae\\\/#website\",\"url\":\"https:\\\/\\\/naturalvanilla.ae\\\/ae\\\/\",\"name\":\"Natural Vanilla Store\",\"description\":\"Leading Middle East Supplier of Quality Vanilla\",\"publisher\":{\"@id\":\"https:\\\/\\\/naturalvanilla.ae\\\/ae\\\/#organization\"},\"potentialAction\":[{\"@type\":\"SearchAction\",\"target\":{\"@type\":\"EntryPoint\",\"urlTemplate\":\"https:\\\/\\\/naturalvanilla.ae\\\/ae\\\/?s={search_term_string}\"},\"query-input\":{\"@type\":\"PropertyValueSpecification\",\"valueRequired\":true,\"valueName\":\"search_term_string\"}}],\"inLanguage\":\"tr\"},{\"@type\":\"Organization\",\"@id\":\"https:\\\/\\\/naturalvanilla.ae\\\/ae\\\/#organization\",\"name\":\"Natural Vanilla Store\",\"url\":\"https:\\\/\\\/naturalvanilla.ae\\\/ae\\\/\",\"logo\":{\"@type\":\"ImageObject\",\"inLanguage\":\"tr\",\"@id\":\"https:\\\/\\\/naturalvanilla.ae\\\/ae\\\/#\\\/schema\\\/logo\\\/image\\\/\",\"url\":\"http:\\\/\\\/34.18.104.60\\\/wp-content\\\/uploads\\\/2022\\\/12\\\/Natural-Vanilla-Seal-CMYK.png\",\"contentUrl\":\"http:\\\/\\\/34.18.104.60\\\/wp-content\\\/uploads\\\/2022\\\/12\\\/Natural-Vanilla-Seal-CMYK.png\",\"width\":591,\"height\":591,\"caption\":\"Natural Vanilla Store\"},\"image\":{\"@id\":\"https:\\\/\\\/naturalvanilla.ae\\\/ae\\\/#\\\/schema\\\/logo\\\/image\\\/\"},\"sameAs\":[\"https:\\\/\\\/www.facebook.com\\\/naturalvanilla.com.au\",\"https:\\\/\\\/www.instagram.com\\\/natural_vanilla_store\",\"https:\\\/\\\/www.linkedin.com\\\/company\\\/natural-vanilla-pty-ltd\\\/\",\"https:\\\/\\\/www.pinterest.com\\\/natural_vanilla_store\"]}]}<\/script>\n<!-- \/ Yoast SEO plugin. -->","yoast_head_json":{"title":"Numune Paketleri - Do\u011fal Vanilya Orta Do\u011fu","description":"Natural Vanilla Store vanilya \u00f6rnek paketleri. Kuru vanilya \u00e7ubu\u011fu \u00fcr\u00fcnleri veya vanilya \u00e7ubu\u011fu \u00f6zleri ve ezmeleri se\u00e7eneklerinden birini tercih edin.","robots":{"index":"index","follow":"follow","max-snippet":"max-snippet:-1","max-image-preview":"max-image-preview:large","max-video-preview":"max-video-preview:-1"},"canonical":"https:\/\/naturalvanilla.ae\/kw\/shop\/\u062d\u0632\u0645-\u0627\u0644\u0639\u064a\u0646\u0627\u062a\/","og_locale":"tr_TR","og_type":"article","og_title":"Sample Packs - Natural Vanilla Middle East","og_description":"Natural Vanilla Store vanilla sample packs. Choose from a either a selection of dry vanilla bean products or vanilla bean extracts and pastes.","og_url":"https:\/\/naturalvanilla.ae\/kw\/shop\/\u062d\u0632\u0645-\u0627\u0644\u0639\u064a\u0646\u0627\u062a\/","og_site_name":"Natural Vanilla Middle East","article_publisher":"https:\/\/www.facebook.com\/naturalvanilla.com.au","article_modified_time":"2024-06-11T00:42:06+00:00","og_image":[{"width":1600,"height":1600,"url":"https:\/\/naturalvanilla.ae\/wp-content\/uploads\/2023\/08\/Natural-Vanilla-Samples-1-scaled-1.jpg","type":"image\/jpeg"}],"twitter_card":"summary_large_image","twitter_misc":{"Tahmini okuma s\u00fcresi":"1 dakika"},"schema":{"@context":"https:\/\/schema.org","@graph":[{"@type":"WebPage","@id":"https:\/\/naturalvanilla.ae\/kw\/shop\/%d8%ad%d8%b2%d9%85-%d8%a7%d9%84%d8%b9%d9%8a%d9%86%d8%a7%d8%aa\/","url":"https:\/\/naturalvanilla.ae\/kw\/shop\/%d8%ad%d8%b2%d9%85-%d8%a7%d9%84%d8%b9%d9%8a%d9%86%d8%a7%d8%aa\/","name":"Numune Paketleri - Do\u011fal Vanilya Orta Do\u011fu","isPartOf":{"@id":"https:\/\/naturalvanilla.ae\/ae\/#website"},"primaryImageOfPage":{"@id":"https:\/\/naturalvanilla.ae\/kw\/shop\/%d8%ad%d8%b2%d9%85-%d8%a7%d9%84%d8%b9%d9%8a%d9%86%d8%a7%d8%aa\/#primaryimage"},"image":{"@id":"https:\/\/naturalvanilla.ae\/kw\/shop\/%d8%ad%d8%b2%d9%85-%d8%a7%d9%84%d8%b9%d9%8a%d9%86%d8%a7%d8%aa\/#primaryimage"},"thumbnailUrl":"http:\/\/34.18.104.60\/wp-content\/uploads\/2023\/08\/Natural-Vanilla-Samples-1-scaled-1.jpg","datePublished":"2023-08-11T03:41:39+00:00","dateModified":"2024-06-11T00:42:06+00:00","description":"Natural Vanilla Store vanilya \u00f6rnek paketleri. Kuru vanilya \u00e7ubu\u011fu \u00fcr\u00fcnleri veya vanilya \u00e7ubu\u011fu \u00f6zleri ve ezmeleri se\u00e7eneklerinden birini tercih edin.","breadcrumb":{"@id":"https:\/\/naturalvanilla.ae\/kw\/shop\/%d8%ad%d8%b2%d9%85-%d8%a7%d9%84%d8%b9%d9%8a%d9%86%d8%a7%d8%aa\/#breadcrumb"},"inLanguage":"tr","potentialAction":[{"@type":"ReadAction","target":["https:\/\/naturalvanilla.ae\/kw\/shop\/%d8%ad%d8%b2%d9%85-%d8%a7%d9%84%d8%b9%d9%8a%d9%86%d8%a7%d8%aa\/"]}]},{"@type":"ImageObject","inLanguage":"tr","@id":"https:\/\/naturalvanilla.ae\/kw\/shop\/%d8%ad%d8%b2%d9%85-%d8%a7%d9%84%d8%b9%d9%8a%d9%86%d8%a7%d8%aa\/#primaryimage","url":"http:\/\/34.18.104.60\/wp-content\/uploads\/2023\/08\/Natural-Vanilla-Samples-1-scaled-1.jpg","contentUrl":"http:\/\/34.18.104.60\/wp-content\/uploads\/2023\/08\/Natural-Vanilla-Samples-1-scaled-1.jpg","width":1600,"height":1600,"caption":"Natural-Vanilla-Samples-1-scaled-1.jpg"},{"@type":"BreadcrumbList","@id":"https:\/\/naturalvanilla.ae\/kw\/shop\/%d8%ad%d8%b2%d9%85-%d8%a7%d9%84%d8%b9%d9%8a%d9%86%d8%a7%d8%aa\/#breadcrumb","itemListElement":[{"@type":"ListItem","position":1,"name":"Home","item":"https:\/\/naturalvanilla.ae\/ae\/"},{"@type":"ListItem","position":2,"name":"Shop","item":"http:\/\/34.18.104.60\/shop\/"},{"@type":"ListItem","position":3,"name":"Sample Packs"}]},{"@type":"WebSite","@id":"https:\/\/naturalvanilla.ae\/ae\/#website","url":"https:\/\/naturalvanilla.ae\/ae\/","name":"Do\u011fal Vanilya D\u00fckkan\u0131","description":"Kaliteli Vanilyan\u0131n Ortado\u011fu'daki \u00d6nde Gelen Tedarik\u00e7isi","publisher":{"@id":"https:\/\/naturalvanilla.ae\/ae\/#organization"},"potentialAction":[{"@type":"SearchAction","target":{"@type":"EntryPoint","urlTemplate":"https:\/\/naturalvanilla.ae\/ae\/?s={search_term_string}"},"query-input":{"@type":"PropertyValueSpecification","valueRequired":true,"valueName":"search_term_string"}}],"inLanguage":"tr"},{"@type":"Organization","@id":"https:\/\/naturalvanilla.ae\/ae\/#organization","name":"Do\u011fal Vanilya D\u00fckkan\u0131","url":"https:\/\/naturalvanilla.ae\/ae\/","logo":{"@type":"ImageObject","inLanguage":"tr","@id":"https:\/\/naturalvanilla.ae\/ae\/#\/schema\/logo\/image\/","url":"http:\/\/34.18.104.60\/wp-content\/uploads\/2022\/12\/Natural-Vanilla-Seal-CMYK.png","contentUrl":"http:\/\/34.18.104.60\/wp-content\/uploads\/2022\/12\/Natural-Vanilla-Seal-CMYK.png","width":591,"height":591,"caption":"Natural Vanilla Store"},"image":{"@id":"https:\/\/naturalvanilla.ae\/ae\/#\/schema\/logo\/image\/"},"sameAs":["https:\/\/www.facebook.com\/naturalvanilla.com.au","https:\/\/www.instagram.com\/natural_vanilla_store","https:\/\/www.linkedin.com\/company\/natural-vanilla-pty-ltd\/","https:\/\/www.pinterest.com\/natural_vanilla_store"]}]}},"uagb_featured_image_src":{"full":["http:\/\/34.18.104.60\/wp-content\/uploads\/2023\/08\/Natural-Vanilla-Samples-1-scaled-1.jpg",1600,1600,false],"thumbnail":["http:\/\/34.18.104.60\/wp-content\/uploads\/2023\/08\/Natural-Vanilla-Samples-1-scaled-1-150x150.jpg",150,150,true],"medium":["http:\/\/34.18.104.60\/wp-content\/uploads\/2023\/08\/Natural-Vanilla-Samples-1-scaled-1-300x300.jpg",300,300,true],"medium_large":["http:\/\/34.18.104.60\/wp-content\/uploads\/2023\/08\/Natural-Vanilla-Samples-1-scaled-1-768x768.jpg",768,768,true],"large":["http:\/\/34.18.104.60\/wp-content\/uploads\/2023\/08\/Natural-Vanilla-Samples-1-scaled-1-1024x1024.jpg",1024,1024,true],"1536x1536":["http:\/\/34.18.104.60\/wp-content\/uploads\/2023\/08\/Natural-Vanilla-Samples-1-scaled-1-1536x1536.jpg",1536,1536,true],"2048x2048":["http:\/\/34.18.104.60\/wp-content\/uploads\/2023\/08\/Natural-Vanilla-Samples-1-scaled-1.jpg",1600,1600,false],"trp-custom-language-flag":["http:\/\/34.18.104.60\/wp-content\/uploads\/2023\/08\/Natural-Vanilla-Samples-1-scaled-1.jpg",12,12,false],"woocommerce_thumbnail":["http:\/\/34.18.104.60\/wp-content\/uploads\/2023\/08\/Natural-Vanilla-Samples-1-scaled-1-1000x1000.jpg",1000,1000,true],"woocommerce_single":["http:\/\/34.18.104.60\/wp-content\/uploads\/2023\/08\/Natural-Vanilla-Samples-1-scaled-1-1000x1000.jpg",1000,1000,true],"woocommerce_gallery_thumbnail":["http:\/\/34.18.104.60\/wp-content\/uploads\/2023\/08\/Natural-Vanilla-Samples-1-scaled-1-100x100.jpg",100,100,true]},"uagb_author_info":{"display_name":"Natural Vanilla Store","author_link":"http:\/\/34.18.104.60\/tr\/author\/"},"uagb_comment_info":0,"uagb_excerpt":"Sample Packs contain a selection of Natural Vanilla Store high quality products. We recommend purchasing the samples so that testing and trials can be conducted to confirm the products suitability to your requirements prior to purchasing larger quantities. Sample Pack 1 contains 30ml samples of the following: Natural Vanilla Extract &#8211; Traditional Style Natural Vanilla&hellip;","_links":{"self":[{"href":"http:\/\/34.18.104.60\/tr\/wp-json\/wp\/v2\/product\/5029","targetHints":{"allow":["GET"]}}],"collection":[{"href":"http:\/\/34.18.104.60\/tr\/wp-json\/wp\/v2\/product"}],"about":[{"href":"http:\/\/34.18.104.60\/tr\/wp-json\/wp\/v2\/types\/product"}],"wp:featuredmedia":[{"embeddable":true,"href":"http:\/\/34.18.104.60\/tr\/wp-json\/wp\/v2\/media\/5057"}],"wp:attachment":[{"href":"http:\/\/34.18.104.60\/tr\/wp-json\/wp\/v2\/media?parent=5029"}],"wp:term":[{"taxonomy":"product_brand","embeddable":true,"href":"http:\/\/34.18.104.60\/tr\/wp-json\/wp\/v2\/product_brand?post=5029"},{"taxonomy":"product_cat","embeddable":true,"href":"http:\/\/34.18.104.60\/tr\/wp-json\/wp\/v2\/product_cat?post=5029"},{"taxonomy":"product_tag","embeddable":true,"href":"http:\/\/34.18.104.60\/tr\/wp-json\/wp\/v2\/product_tag?post=5029"}],"curies":[{"name":"wp","href":"https:\/\/api.w.org\/{rel}","templated":true}]}}